{"id":5991,"date":"2023-07-27T07:20:28","date_gmt":"2023-07-27T07:20:28","guid":{"rendered":"https:\/\/nissantravelguide.com\/spiaggia-rena-bianca\/"},"modified":"2023-07-27T07:20:28","modified_gmt":"2023-07-27T07:20:28","slug":"spiaggia-rena-bianca","status":"publish","type":"page","link":"https:\/\/nissantravelguide.com\/es\/cerdena\/spiaggia-rena-bianca\/","title":{"rendered":"Spiaggia Rena Bianca"},"content":{"rendered":"<p>Una de las playas m\u00e1s hermosas de la costa norte de Cerde\u00f1a, Spiaggia Rena Bianca ofrece unas vistas impresionantes de los acantilados de C\u00f3rcega, as\u00ed como de Isola Municca, al noroeste. La playa de 200 metros de longitud tambi\u00e9n ha recibido el galard\u00f3n de \u201cbandera azul\u201d, en reconocimiento a la atenci\u00f3n prestada por el lugar a la sostenibilidad medioambiental. Las aguas poco profundas y su ubicaci\u00f3n al abrigo de los vientos de la costa tambi\u00e9n hacen de la playa un lugar ideal para las familias. Para quienes son m\u00e1s valientes, la Torre di Longonsardo, una colina situada cerca de la playa, tambi\u00e9n ofrece unas vistas impresionantes de la playa y los alrededores.<\/p>\n","protected":false},"excerpt":{"rendered":"<p>Una de las playas m\u00e1s hermosas de la costa norte de Cerde\u00f1a, Spiaggia Rena Bianca ofrece unas vistas impresionantes de los acantilados de C\u00f3rcega, as\u00ed como de Isola Municca, al noroeste. La playa de 200 metros de longitud tambi\u00e9n ha recibido el galard\u00f3n de \u201cbandera azul\u201d, en reconocimiento a la atenci\u00f3n prestada por el lugar [&hellip;]<\/p>\n","protected":false},"author":1,"featured_media":5696,"parent":6009,"menu_order":0,"comment_status":"closed","ping_status":"closed","template":"tpl-location.php","meta":{"_acf_changed":false,"footnotes":""},"acf":{"address":"Italy","location_type":"beauty","map_link":"https:\/\/www.google.com\/maps\/place\/Spiaggia+Rena+Bianca\/@41.2449891,9.186481,18z\/data=!3m1!4b1!4m6!3m5!1s0x12dbdff7e9437e8b:0xc2418387787c03f9!8m2!3d41.2450063!4d9.1894029!16s%2Fg%2F1hhw6jz75?entry=ttu","trip_advisor":"https:\/\/www.tripadvisor.it\/Attraction_Review-g187879-d4472624-Reviews-Spiaggia_Rena_Bianca-Sardinia.html","coordinates":{"latitude":"41.2449891","longitude":"9.186481"},"charging_stations":[{"charging_station":"Type 2 22kW: via Stefano Nicolai, 2, 07028 Santa Teresa di Gallura SS, Italy (2km \/ 6-min)"}]},"aioseo_notices":[],"_links":{"self":[{"href":"https:\/\/nissantravelguide.com\/es\/wp-json\/wp\/v2\/pages\/5991"}],"collection":[{"href":"https:\/\/nissantravelguide.com\/es\/wp-json\/wp\/v2\/pages"}],"about":[{"href":"https:\/\/nissantravelguide.com\/es\/wp-json\/wp\/v2\/types\/page"}],"author":[{"embeddable":true,"href":"https:\/\/nissantravelguide.com\/es\/wp-json\/wp\/v2\/users\/1"}],"replies":[{"embeddable":true,"href":"https:\/\/nissantravelguide.com\/es\/wp-json\/wp\/v2\/comments?post=5991"}],"version-history":[{"count":0,"href":"https:\/\/nissantravelguide.com\/es\/wp-json\/wp\/v2\/pages\/5991\/revisions"}],"up":[{"embeddable":true,"href":"https:\/\/nissantravelguide.com\/es\/wp-json\/wp\/v2\/pages\/6009"}],"wp:featuredmedia":[{"embeddable":true,"href":"https:\/\/nissantravelguide.com\/es\/wp-json\/wp\/v2\/media\/5696"}],"wp:attachment":[{"href":"https:\/\/nissantravelguide.com\/es\/wp-json\/wp\/v2\/media?parent=5991"}],"curies":[{"name":"wp","href":"https:\/\/api.w.org\/{rel}","templated":true}]}}