{"id":5993,"date":"2023-07-27T07:21:00","date_gmt":"2023-07-27T07:21:00","guid":{"rendered":"https:\/\/nissantravelguide.com\/cala-porto-giunco\/"},"modified":"2023-07-27T07:21:00","modified_gmt":"2023-07-27T07:21:00","slug":"cala-porto-giunco","status":"publish","type":"page","link":"https:\/\/nissantravelguide.com\/es\/cerdena\/cala-porto-giunco\/","title":{"rendered":"Cala Porto Giunco"},"content":{"rendered":"<p>Tanto si lo que buscas es hacer esn\u00f3rquel como hacer senderismo o simplemente tomar el sol, \u00a1esta encantadora cala lo tiene todo! Enmarcado por la Torre di Porto Giunco, la hist\u00f3rica torre de vigilancia espa\u00f1ola que se eleva sobre la playa desde el siglo XVI, este es un lugar de visita obligada en la costa sur de Cerde\u00f1a. Sus aguas poco profundas y su protecci\u00f3n frente a los fuertes vientos del Mediterr\u00e1neo la convierten en el lugar ideal para las familias, al tiempo que la accesibilidad tampoco es un problema, ya que se encuentra a poca distancia en coche de Cagliari.<\/p>\n","protected":false},"excerpt":{"rendered":"<p>Tanto si lo que buscas es hacer esn\u00f3rquel como hacer senderismo o simplemente tomar el sol, \u00a1esta encantadora cala lo tiene todo! Enmarcado por la Torre di Porto Giunco, la hist\u00f3rica torre de vigilancia espa\u00f1ola que se eleva sobre la playa desde el siglo XVI, este es un lugar de visita obligada en la costa [&hellip;]<\/p>\n","protected":false},"author":1,"featured_media":5344,"parent":6009,"menu_order":0,"comment_status":"closed","ping_status":"closed","template":"tpl-location.php","meta":{"_acf_changed":false,"footnotes":""},"acf":{"address":"Via Capo Carbonara, 1, 09049 Villasimius CA, Italy","location_type":"beauty","map_link":"https:\/\/www.google.com\/maps\/place\/Cala+Porto+Giunco\/@39.1334537,9.4946304,10z\/data=!4m6!3m5!1s0x12e0c2c718e6aff3:0x32180cbab44d61b!8m2!3d39.1110306!4d9.5205264!16s%2Fg%2F11h23r0b5j?entry=ttu","trip_advisor":"https:\/\/www.tripadvisor.co.uk\/Attraction_Review-g194949-d4322420-Reviews-Porto_Giunco-Villasimius_Province_of_Cagliari_Sardinia.html","coordinates":{"latitude":"39.1334537","longitude":"9.4946304"},"charging_stations":[{"charging_station":"CCS 150kW, CHAdeMO 62kW, Type 2 22kW: Via Tramontana, 09010 Pula CA, Italy (4kms \/ 9-min)"}]},"aioseo_notices":[],"_links":{"self":[{"href":"https:\/\/nissantravelguide.com\/es\/wp-json\/wp\/v2\/pages\/5993"}],"collection":[{"href":"https:\/\/nissantravelguide.com\/es\/wp-json\/wp\/v2\/pages"}],"about":[{"href":"https:\/\/nissantravelguide.com\/es\/wp-json\/wp\/v2\/types\/page"}],"author":[{"embeddable":true,"href":"https:\/\/nissantravelguide.com\/es\/wp-json\/wp\/v2\/users\/1"}],"replies":[{"embeddable":true,"href":"https:\/\/nissantravelguide.com\/es\/wp-json\/wp\/v2\/comments?post=5993"}],"version-history":[{"count":0,"href":"https:\/\/nissantravelguide.com\/es\/wp-json\/wp\/v2\/pages\/5993\/revisions"}],"up":[{"embeddable":true,"href":"https:\/\/nissantravelguide.com\/es\/wp-json\/wp\/v2\/pages\/6009"}],"wp:featuredmedia":[{"embeddable":true,"href":"https:\/\/nissantravelguide.com\/es\/wp-json\/wp\/v2\/media\/5344"}],"wp:attachment":[{"href":"https:\/\/nissantravelguide.com\/es\/wp-json\/wp\/v2\/media?parent=5993"}],"curies":[{"name":"wp","href":"https:\/\/api.w.org\/{rel}","templated":true}]}}