{"id":5994,"date":"2023-07-27T07:21:19","date_gmt":"2023-07-27T07:21:19","guid":{"rendered":"https:\/\/nissantravelguide.com\/nora\/"},"modified":"2023-07-27T07:21:19","modified_gmt":"2023-07-27T07:21:19","slug":"nora","status":"publish","type":"page","link":"https:\/\/nissantravelguide.com\/es\/cerdena\/nora\/","title":{"rendered":"Nora"},"content":{"rendered":"<p>Enclavada en el extremo sur de la isla se encuentra la hist\u00f3rica ciudad de Nora. Habitado desde la antig\u00fcedad, el lugar forma parte del Parque Arqueol\u00f3gico de Pula. Los restos de la ciudad cuentan una historia de m\u00faltiples civilizaciones, desde la p\u00fanica a la romana y la bizantina. Los visitantes pueden explorar las ruinas del templo de Tanit, la necr\u00f3polis, las murallas de defensa y el anfiteatro. Cerca de la playa y de Cagliari, la capital de Cerde\u00f1a, Nora emana una esencia poderosa y espiritual, y los hu\u00e9spedes pueden apreciar realmente el antiguo pasado de Cerde\u00f1a.<\/p>\n","protected":false},"excerpt":{"rendered":"<p>Enclavada en el extremo sur de la isla se encuentra la hist\u00f3rica ciudad de Nora. Habitado desde la antig\u00fcedad, el lugar forma parte del Parque Arqueol\u00f3gico de Pula. Los restos de la ciudad cuentan una historia de m\u00faltiples civilizaciones, desde la p\u00fanica a la romana y la bizantina. Los visitantes pueden explorar las ruinas del [&hellip;]<\/p>\n","protected":false},"author":1,"featured_media":5470,"parent":6009,"menu_order":0,"comment_status":"closed","ping_status":"closed","template":"tpl-location.php","meta":{"_acf_changed":false,"footnotes":""},"acf":{"address":"09010 Metropolitan City of Cagliari","location_type":"interest","map_link":"https:\/\/www.google.com\/maps\/place\/09010+Nora+Metropolitan+City+of+Cagliari,+Italy\/@38.9945797,9.0151797,16z\/data=!3m1!4b1!4m6!3m5!1s0x12e72875042049b9:0x195b226f7a323c4f!8m2!3d38.9934087!4d9.0135833!16s%2Fg%2F1pxq4kv99?entry=ttu","trip_advisor":"https:\/\/www.tripadvisor.it\/Attraction_Review-g194870-d247460-Reviews-Area_Archeologica_di_Nora-Pula_Province_of_Cagliari_Sardinia.html","coordinates":{"latitude":"38.9945797","longitude":"9.0151797"},"charging_stations":[{"charging_station":"CCS 150kW, CHAdeMO 62kW, Type 2 22kW: Via Tramontana, 09010 Pula CA, Italy (2.2km \/ 5-min)"}]},"aioseo_notices":[],"_links":{"self":[{"href":"https:\/\/nissantravelguide.com\/es\/wp-json\/wp\/v2\/pages\/5994"}],"collection":[{"href":"https:\/\/nissantravelguide.com\/es\/wp-json\/wp\/v2\/pages"}],"about":[{"href":"https:\/\/nissantravelguide.com\/es\/wp-json\/wp\/v2\/types\/page"}],"author":[{"embeddable":true,"href":"https:\/\/nissantravelguide.com\/es\/wp-json\/wp\/v2\/users\/1"}],"replies":[{"embeddable":true,"href":"https:\/\/nissantravelguide.com\/es\/wp-json\/wp\/v2\/comments?post=5994"}],"version-history":[{"count":0,"href":"https:\/\/nissantravelguide.com\/es\/wp-json\/wp\/v2\/pages\/5994\/revisions"}],"up":[{"embeddable":true,"href":"https:\/\/nissantravelguide.com\/es\/wp-json\/wp\/v2\/pages\/6009"}],"wp:featuredmedia":[{"embeddable":true,"href":"https:\/\/nissantravelguide.com\/es\/wp-json\/wp\/v2\/media\/5470"}],"wp:attachment":[{"href":"https:\/\/nissantravelguide.com\/es\/wp-json\/wp\/v2\/media?parent=5994"}],"curies":[{"name":"wp","href":"https:\/\/api.w.org\/{rel}","templated":true}]}}