{"id":5995,"date":"2023-07-27T07:21:33","date_gmt":"2023-07-27T07:21:33","guid":{"rendered":"https:\/\/nissantravelguide.com\/olbia-town-centre\/"},"modified":"2023-07-27T07:21:33","modified_gmt":"2023-07-27T07:21:33","slug":"olbia-town-centre","status":"publish","type":"page","link":"https:\/\/nissantravelguide.com\/es\/cerdena\/olbia-town-centre\/","title":{"rendered":"Olbia Town Centre"},"content":{"rendered":"<p>El centro de Olbia, situado en una de las ciudades m\u00e1s famosas de Cerde\u00f1a, es un bullicioso centro de energ\u00eda. Sus largas y estrechas calles est\u00e1n llenas de pintorescas tiendas y restaurantes, y muchas de las tiendas se abastecen de productos locales, lo que le confiere a la ciudad un encanto y un car\u00e1cter \u00fanicos. Adem\u00e1s, en el centro de Olbia podr\u00e1s encontrar una gran variedad de atracciones hist\u00f3ricas y culturales. Merece la pena visitar lugares destacados como la Bas\u00edlica de San Simplicio y el Museo Arqueol\u00f3gico de la Riviera. Adem\u00e1s, el centro de Olbia est\u00e1 situado frente al mar y cuenta con una playa muy larga repleta de hoteles de lujo. En el centro de Olbia siempre pasa algo, por lo que es un lugar estupendo para visitar de d\u00eda o de noche.<\/p>\n","protected":false},"excerpt":{"rendered":"<p>El centro de Olbia, situado en una de las ciudades m\u00e1s famosas de Cerde\u00f1a, es un bullicioso centro de energ\u00eda. Sus largas y estrechas calles est\u00e1n llenas de pintorescas tiendas y restaurantes, y muchas de las tiendas se abastecen de productos locales, lo que le confiere a la ciudad un encanto y un car\u00e1cter \u00fanicos. [&hellip;]<\/p>\n","protected":false},"author":1,"featured_media":5486,"parent":6009,"menu_order":0,"comment_status":"closed","ping_status":"closed","template":"tpl-location.php","meta":{"_acf_changed":false,"footnotes":""},"acf":{"address":"07026 Province of Sassari Italy","location_type":"interest","map_link":"https:\/\/www.google.com\/maps\/place\/07026+Olbia,+Province+of+Sassari,+Italy\/@40.9278139,9.4928718,13z\/data=!3m1!4b1!4m6!3m5!1s0x12d94b04024bea79:0x7bfe3270a490c808!8m2!3d40.9235764!4d9.4964429!16zL20vMGMyZDI?entry=ttu","trip_advisor":"https:\/\/www.tripadvisor.it\/Tourism-g187883-Olbia_Province_of_Olbia_Tempio_Sardinia-Vacations.html","coordinates":{"latitude":"40.9278139","longitude":"9.4928718"},"charging_stations":[{"charging_station":"Type 2 15kW: Via Gabriele d'Annunzio, 3, 07026 Olbia SS, Italy (650mtrs \/ 2-min)"}]},"aioseo_notices":[],"_links":{"self":[{"href":"https:\/\/nissantravelguide.com\/es\/wp-json\/wp\/v2\/pages\/5995"}],"collection":[{"href":"https:\/\/nissantravelguide.com\/es\/wp-json\/wp\/v2\/pages"}],"about":[{"href":"https:\/\/nissantravelguide.com\/es\/wp-json\/wp\/v2\/types\/page"}],"author":[{"embeddable":true,"href":"https:\/\/nissantravelguide.com\/es\/wp-json\/wp\/v2\/users\/1"}],"replies":[{"embeddable":true,"href":"https:\/\/nissantravelguide.com\/es\/wp-json\/wp\/v2\/comments?post=5995"}],"version-history":[{"count":0,"href":"https:\/\/nissantravelguide.com\/es\/wp-json\/wp\/v2\/pages\/5995\/revisions"}],"up":[{"embeddable":true,"href":"https:\/\/nissantravelguide.com\/es\/wp-json\/wp\/v2\/pages\/6009"}],"wp:featuredmedia":[{"embeddable":true,"href":"https:\/\/nissantravelguide.com\/es\/wp-json\/wp\/v2\/media\/5486"}],"wp:attachment":[{"href":"https:\/\/nissantravelguide.com\/es\/wp-json\/wp\/v2\/media?parent=5995"}],"curies":[{"name":"wp","href":"https:\/\/api.w.org\/{rel}","templated":true}]}}