{"id":5996,"date":"2023-07-27T07:21:47","date_gmt":"2023-07-27T07:21:47","guid":{"rendered":"https:\/\/nissantravelguide.com\/alghero\/"},"modified":"2023-07-27T07:21:47","modified_gmt":"2023-07-27T07:21:47","slug":"alghero","status":"publish","type":"page","link":"https:\/\/nissantravelguide.com\/es\/cerdena\/alghero\/","title":{"rendered":"Alghero"},"content":{"rendered":"<p>Alghero es una pintoresca ciudad costera situada en la costa noroeste de Cerde\u00f1a. Sus sinuosas calles empedradas, su arquitectura tradicional y sus espectaculares vistas del Mediterr\u00e1neo la convierten en uno de los lugares m\u00e1s rom\u00e1nticos de la isla. La ciudad es conocida por sus aguas transparentes y sus impresionantes puestas de sol. Los residentes disfrutan de un animado programa cultural y, en los meses de verano, su puerto pr\u00f3spera con los barcos pesqueros que regresan con su pesca del d\u00eda. Los visitantes encontrar\u00e1n muchas cosas que ver y hacer, como explorar las estrechas calles, pasear por la costa y participar en fiestas locales. Con su rica historia, sus animados restaurantes, su animada vida nocturna y su belleza natural, \u00a1Alghero es un lugar que no te puedes perder!<\/p>\n","protected":false},"excerpt":{"rendered":"<p>Alghero es una pintoresca ciudad costera situada en la costa noroeste de Cerde\u00f1a. Sus sinuosas calles empedradas, su arquitectura tradicional y sus espectaculares vistas del Mediterr\u00e1neo la convierten en uno de los lugares m\u00e1s rom\u00e1nticos de la isla. La ciudad es conocida por sus aguas transparentes y sus impresionantes puestas de sol. Los residentes disfrutan [&hellip;]<\/p>\n","protected":false},"author":1,"featured_media":5502,"parent":6009,"menu_order":0,"comment_status":"closed","ping_status":"closed","template":"tpl-location.php","meta":{"_acf_changed":false,"footnotes":""},"acf":{"address":"07041 Province of Sassari","location_type":"interest","map_link":"https:\/\/www.google.com\/maps\/place\/07041+Alghero,+Province+of+Sassari,+Italy\/@40.5659754,8.3219199,14z\/data=!3m1!4b1!4m6!3m5!1s0x12dcf1ef75c50c05:0x2b9298429f4a8b50!8m2!3d40.5579517!4d8.3192949!16zL20vMGNjbjU?entry=ttu","trip_advisor":"https:\/\/www.tripadvisor.it\/Tourism-g187880-Alghero_Province_of_Sassari_Sardinia-Vacations.html","coordinates":{"latitude":"40.5659754","longitude":"8.3219199"},"charging_stations":[{"charging_station":"Type 2 22kW: Via Giovanni Maria Calaresu, 1, 07041 Alghero SS, Italy (2kms \/ 6-min)"}]},"aioseo_notices":[],"_links":{"self":[{"href":"https:\/\/nissantravelguide.com\/es\/wp-json\/wp\/v2\/pages\/5996"}],"collection":[{"href":"https:\/\/nissantravelguide.com\/es\/wp-json\/wp\/v2\/pages"}],"about":[{"href":"https:\/\/nissantravelguide.com\/es\/wp-json\/wp\/v2\/types\/page"}],"author":[{"embeddable":true,"href":"https:\/\/nissantravelguide.com\/es\/wp-json\/wp\/v2\/users\/1"}],"replies":[{"embeddable":true,"href":"https:\/\/nissantravelguide.com\/es\/wp-json\/wp\/v2\/comments?post=5996"}],"version-history":[{"count":0,"href":"https:\/\/nissantravelguide.com\/es\/wp-json\/wp\/v2\/pages\/5996\/revisions"}],"up":[{"embeddable":true,"href":"https:\/\/nissantravelguide.com\/es\/wp-json\/wp\/v2\/pages\/6009"}],"wp:featuredmedia":[{"embeddable":true,"href":"https:\/\/nissantravelguide.com\/es\/wp-json\/wp\/v2\/media\/5502"}],"wp:attachment":[{"href":"https:\/\/nissantravelguide.com\/es\/wp-json\/wp\/v2\/media?parent=5996"}],"curies":[{"name":"wp","href":"https:\/\/api.w.org\/{rel}","templated":true}]}}