{"id":5997,"date":"2023-07-27T07:22:05","date_gmt":"2023-07-27T07:22:05","guid":{"rendered":"https:\/\/nissantravelguide.com\/la-maddalena-island\/"},"modified":"2023-07-27T07:22:05","modified_gmt":"2023-07-27T07:22:05","slug":"la-maddalena-island","status":"publish","type":"page","link":"https:\/\/nissantravelguide.com\/es\/cerdena\/la-maddalena-island\/","title":{"rendered":"La Maddalena Island"},"content":{"rendered":"<p>La isla de la Maddalena forma parte de un archipi\u00e9lago de siete pintorescas islas frente a la costa de Cerde\u00f1a. Situado al noroeste del mar Mediterr\u00e1neo, el archipi\u00e9lago de La Maddalena est\u00e1 formado por distintas islas de diferentes tama\u00f1os. Estas islas paradis\u00edacas, con sus impresionantes aguas azules cristalinas, son una visita obligada para cualquiera que desee escapar del ajetreo y el bullicio de la vida cotidiana. Convertidas oficialmente en una parque nacional de Italia, las islas ofrecen un paisaje diverso y \u00fanico a los visitantes. Adem\u00e1s, con la ayuda de excelentes conexiones de transporte desde la isla principal de Cerde\u00f1a, el archipi\u00e9lago constituye un destino vacacional ideal donde podr\u00e1s relajarte, desconectar y adentrarte en parte de la naturaleza m\u00e1s exquisita de Italia.<\/p>\n","protected":false},"excerpt":{"rendered":"<p>La isla de la Maddalena forma parte de un archipi\u00e9lago de siete pintorescas islas frente a la costa de Cerde\u00f1a. Situado al noroeste del mar Mediterr\u00e1neo, el archipi\u00e9lago de La Maddalena est\u00e1 formado por distintas islas de diferentes tama\u00f1os. Estas islas paradis\u00edacas, con sus impresionantes aguas azules cristalinas, son una visita obligada para cualquiera que [&hellip;]<\/p>\n","protected":false},"author":1,"featured_media":5910,"parent":6009,"menu_order":0,"comment_status":"closed","ping_status":"closed","template":"tpl-location.php","meta":{"_acf_changed":false,"footnotes":""},"acf":{"address":"Province of Sassari","location_type":"interest","map_link":"https:\/\/www.google.com\/maps\/place\/La+Maddalena,+Province+of+Sassari,+Italy\/@41.2197205,9.4099797,14z\/data=!3m1!4b1!4m6!3m5!1s0x12d969d4550eca09:0xfe585f0882dca71c!8m2!3d41.2165538!4d9.4047122!16s%2Fg%2F11bwc571lh?entry=ttu","trip_advisor":"https:\/\/www.tripadvisor.it\/Tourism-g612430-La_Maddalena_Maddalena_Islands_Province_of_Sassari_Sardinia-Vacations.html","coordinates":{"latitude":"41.2197205","longitude":"9.4099797"},"charging_stations":[{"charging_station":"Type 2 22kW, Type 2 11kW: Localit\u00e0 Nido d'Aquila, 07024, La Maddalena SS, Italy (3.6kms \/ 8-min)"}]},"aioseo_notices":[],"_links":{"self":[{"href":"https:\/\/nissantravelguide.com\/es\/wp-json\/wp\/v2\/pages\/5997"}],"collection":[{"href":"https:\/\/nissantravelguide.com\/es\/wp-json\/wp\/v2\/pages"}],"about":[{"href":"https:\/\/nissantravelguide.com\/es\/wp-json\/wp\/v2\/types\/page"}],"author":[{"embeddable":true,"href":"https:\/\/nissantravelguide.com\/es\/wp-json\/wp\/v2\/users\/1"}],"replies":[{"embeddable":true,"href":"https:\/\/nissantravelguide.com\/es\/wp-json\/wp\/v2\/comments?post=5997"}],"version-history":[{"count":0,"href":"https:\/\/nissantravelguide.com\/es\/wp-json\/wp\/v2\/pages\/5997\/revisions"}],"up":[{"embeddable":true,"href":"https:\/\/nissantravelguide.com\/es\/wp-json\/wp\/v2\/pages\/6009"}],"wp:featuredmedia":[{"embeddable":true,"href":"https:\/\/nissantravelguide.com\/es\/wp-json\/wp\/v2\/media\/5910"}],"wp:attachment":[{"href":"https:\/\/nissantravelguide.com\/es\/wp-json\/wp\/v2\/media?parent=5997"}],"curies":[{"name":"wp","href":"https:\/\/api.w.org\/{rel}","templated":true}]}}