{"id":5998,"date":"2023-07-27T07:22:25","date_gmt":"2023-07-27T07:22:25","guid":{"rendered":"https:\/\/nissantravelguide.com\/cagliari-town-centre\/"},"modified":"2023-07-27T07:22:25","modified_gmt":"2023-07-27T07:22:25","slug":"cagliari-town-centre","status":"publish","type":"page","link":"https:\/\/nissantravelguide.com\/es\/cerdena\/cagliari-town-centre\/","title":{"rendered":"Cagliari Town Centre"},"content":{"rendered":"<p>El centro de Cagliari es el coraz\u00f3n hist\u00f3rico y cultural de Cerde\u00f1a. Situada en la costa sur, esta animada ciudad ofrece una mezcla de calles bulliciosas, el encanto del viejo mundo y edificios modernos. Desde las antiguas murallas del barrio del castillo a la elegante y arbolada Piazza Yenne, las atracciones del centro de Cagliari atraer\u00e1n a cualquier visitante. El casco antiguo ofrece sus sinuosas calles empedradas y edificios conservados, mientras que el moderno centro de negocios aporta un ambiente contempor\u00e1neo a la zona. Abundan las boutiques y las terrazas al aire libre para ir de compras o a tomar algo, adem\u00e1s de los modernos bares cerca de la costa. Cagliari no solo ofrece una impresionante vista del mar Mediterr\u00e1neo, sino tambi\u00e9n una gran cantidad de lugares hist\u00f3ricos, museos, galer\u00edas y parques, y todo ello a un paso del centro de la ciudad.<\/p>\n","protected":false},"excerpt":{"rendered":"<p>El centro de Cagliari es el coraz\u00f3n hist\u00f3rico y cultural de Cerde\u00f1a. Situada en la costa sur, esta animada ciudad ofrece una mezcla de calles bulliciosas, el encanto del viejo mundo y edificios modernos. Desde las antiguas murallas del barrio del castillo a la elegante y arbolada Piazza Yenne, las atracciones del centro de Cagliari [&hellip;]<\/p>\n","protected":false},"author":1,"featured_media":5556,"parent":6009,"menu_order":0,"comment_status":"closed","ping_status":"closed","template":"tpl-location.php","meta":{"_acf_changed":false,"footnotes":""},"acf":{"address":"Metropolitan City of Cagliari","location_type":"interest","map_link":"https:\/\/www.google.com\/maps\/place\/Cagliari,+Metropolitan+City+of+Cagliari,+Italy\/@39.2254044,9.128378,13z\/data=!3m1!4b1!4m6!3m5!1s0x12e73415b68e1ca3:0x201e1506cf816eb1!8m2!3d39.2238411!4d9.1216613!16zL20vMGM3bF8?entry=ttu","trip_advisor":"https:\/\/www.tripadvisor.it\/Tourism-g187881-Cagliari_Province_of_Cagliari_Sardinia-Vacations.html","coordinates":{"latitude":"39.2254044","longitude":"9.128378"},"charging_stations":[{"charging_station":"Type 2 22kW: Via Sant'Alenixedda, 117, 09128 Cagliari CA, Italy (350 mtrs \/ 1-min)"}]},"aioseo_notices":[],"_links":{"self":[{"href":"https:\/\/nissantravelguide.com\/es\/wp-json\/wp\/v2\/pages\/5998"}],"collection":[{"href":"https:\/\/nissantravelguide.com\/es\/wp-json\/wp\/v2\/pages"}],"about":[{"href":"https:\/\/nissantravelguide.com\/es\/wp-json\/wp\/v2\/types\/page"}],"author":[{"embeddable":true,"href":"https:\/\/nissantravelguide.com\/es\/wp-json\/wp\/v2\/users\/1"}],"replies":[{"embeddable":true,"href":"https:\/\/nissantravelguide.com\/es\/wp-json\/wp\/v2\/comments?post=5998"}],"version-history":[{"count":0,"href":"https:\/\/nissantravelguide.com\/es\/wp-json\/wp\/v2\/pages\/5998\/revisions"}],"up":[{"embeddable":true,"href":"https:\/\/nissantravelguide.com\/es\/wp-json\/wp\/v2\/pages\/6009"}],"wp:featuredmedia":[{"embeddable":true,"href":"https:\/\/nissantravelguide.com\/es\/wp-json\/wp\/v2\/media\/5556"}],"wp:attachment":[{"href":"https:\/\/nissantravelguide.com\/es\/wp-json\/wp\/v2\/media?parent=5998"}],"curies":[{"name":"wp","href":"https:\/\/api.w.org\/{rel}","templated":true}]}}