{"id":5999,"date":"2023-07-27T07:22:39","date_gmt":"2023-07-27T07:22:39","guid":{"rendered":"https:\/\/nissantravelguide.com\/arzachena\/"},"modified":"2023-07-27T07:22:39","modified_gmt":"2023-07-27T07:22:39","slug":"arzachena","status":"publish","type":"page","link":"https:\/\/nissantravelguide.com\/es\/cerdena\/arzachena\/","title":{"rendered":"Arzachena"},"content":{"rendered":"<p>Arzachena, una base ideal para explorar la deslumbrante Costa Esmeralda, cuenta con un encantador centro hist\u00f3rico con callejuelas angostas, edificios tradicionales y un ambiente agradable y acogedor para los hu\u00e9spedes. Hay tiendas, caf\u00e9s y restaurantes que permiten a los visitantes sumergirse en la cultura de esta hermosa ciudad. Sin embargo, la historia de la ciudad es de verdad algo que puede cautivar a los turistas, incluso a los que solo pasan por aqu\u00ed. En Arzachena se encuentran antiguos yacimientos arqueol\u00f3gicos, como el Nuraghe Albucciu, el Nuraghe La Prisgiona y la Tomba dei Giganti Coddu Vecchiu, que proporcionan fascinante informaci\u00f3n sobre el variado pasado de la isla. Adem\u00e1s, aseg\u00farate de visitar \u201cLas Escaleras de Santa Luc\u00eda\u201d, que conducen a la hist\u00f3rica Iglesia de Santa Luc\u00eda. Estas escaleras de colores brillantes suponen un dram\u00e1tica desviaci\u00f3n con respecto a gran parte de la arquitectura de la ciudad en la que se encuentra y de la isla en su conjunto. Aunque no te quedes mucho tiempo, \u00a1las escaleras son una brillante oportunidad para hacer fotos que no te puedes perder!<\/p>\n","protected":false},"excerpt":{"rendered":"<p>Arzachena, una base ideal para explorar la deslumbrante Costa Esmeralda, cuenta con un encantador centro hist\u00f3rico con callejuelas angostas, edificios tradicionales y un ambiente agradable y acogedor para los hu\u00e9spedes. Hay tiendas, caf\u00e9s y restaurantes que permiten a los visitantes sumergirse en la cultura de esta hermosa ciudad. Sin embargo, la historia de la ciudad [&hellip;]<\/p>\n","protected":false},"author":1,"featured_media":5518,"parent":6009,"menu_order":0,"comment_status":"closed","ping_status":"closed","template":"tpl-location.php","meta":{"_acf_changed":false,"footnotes":""},"acf":{"address":"07021 Province of Sassari","location_type":"interest","map_link":"https:\/\/www.google.com\/maps\/place\/07021+Arzachena,+Province+of+Sassari,+Italy\/@41.0694761,9.3440858,13z\/data=!4m6!3m5!1s0x12d9456aeb57e76d:0x9b5e1d686798fcc9!8m2!3d41.0780118!4d9.3901541!16zL20vMGN4bGhm?entry=ttu","trip_advisor":"https:\/\/www.tripadvisor.co.uk\/Tourism-g194675-Arzachena_Province_of_Olbia_Tempio_Sardinia-Vacations.html","coordinates":{"latitude":"41.0694761","longitude":"9.3440858"},"charging_stations":[{"charging_station":"Type 2 20.4kW: Via Lu Saraghinu, 3, 07026 San Pantaleo SS, Italy (10.3kms \/ 13-min)"}]},"aioseo_notices":[],"_links":{"self":[{"href":"https:\/\/nissantravelguide.com\/es\/wp-json\/wp\/v2\/pages\/5999"}],"collection":[{"href":"https:\/\/nissantravelguide.com\/es\/wp-json\/wp\/v2\/pages"}],"about":[{"href":"https:\/\/nissantravelguide.com\/es\/wp-json\/wp\/v2\/types\/page"}],"author":[{"embeddable":true,"href":"https:\/\/nissantravelguide.com\/es\/wp-json\/wp\/v2\/users\/1"}],"replies":[{"embeddable":true,"href":"https:\/\/nissantravelguide.com\/es\/wp-json\/wp\/v2\/comments?post=5999"}],"version-history":[{"count":0,"href":"https:\/\/nissantravelguide.com\/es\/wp-json\/wp\/v2\/pages\/5999\/revisions"}],"up":[{"embeddable":true,"href":"https:\/\/nissantravelguide.com\/es\/wp-json\/wp\/v2\/pages\/6009"}],"wp:featuredmedia":[{"embeddable":true,"href":"https:\/\/nissantravelguide.com\/es\/wp-json\/wp\/v2\/media\/5518"}],"wp:attachment":[{"href":"https:\/\/nissantravelguide.com\/es\/wp-json\/wp\/v2\/media?parent=5999"}],"curies":[{"name":"wp","href":"https:\/\/api.w.org\/{rel}","templated":true}]}}