{"id":6002,"date":"2023-07-27T07:23:25","date_gmt":"2023-07-27T07:23:25","guid":{"rendered":"https:\/\/nissantravelguide.com\/turismo-rurale-filieri\/"},"modified":"2023-07-27T07:23:25","modified_gmt":"2023-07-27T07:23:25","slug":"turismo-rurale-filieri","status":"publish","type":"page","link":"https:\/\/nissantravelguide.com\/es\/cerdena\/turismo-rurale-filieri\/","title":{"rendered":"Turismo Rurale Filieri"},"content":{"rendered":"<p>A 15\u00a0minutos de las playas, pero tambi\u00e9n cerca de las monta\u00f1as del centro-este de Cerde\u00f1a, \u00a1ser\u00eda dif\u00edcil encontrar un restaurante mejor situado en la isla para el intr\u00e9pido explorador! Este restaurante, construido a partir de una granja tradicional, presume de que m\u00e1s del 90\u00a0% de sus productos proceden de granjas y cultivos locales. Mejor a\u00fan, esta autenticidad del producto y la decoraci\u00f3n r\u00fastica del restaurante garantizan que los visitantes puedan transportarse a trav\u00e9s de las generaciones de sardos que les precedieron, que han disfrutado de los placeres sencillos de la buena vida en la isla con alimentos y bebidas obtenidos de manera sostenible \u00a1a la vuelta de la esquina!<\/p>\n","protected":false},"excerpt":{"rendered":"<p>A 15\u00a0minutos de las playas, pero tambi\u00e9n cerca de las monta\u00f1as del centro-este de Cerde\u00f1a, \u00a1ser\u00eda dif\u00edcil encontrar un restaurante mejor situado en la isla para el intr\u00e9pido explorador! Este restaurante, construido a partir de una granja tradicional, presume de que m\u00e1s del 90\u00a0% de sus productos proceden de granjas y cultivos locales. Mejor a\u00fan, [&hellip;]<\/p>\n","protected":false},"author":1,"featured_media":5675,"parent":6009,"menu_order":0,"comment_status":"closed","ping_status":"closed","template":"tpl-location.php","meta":{"_acf_changed":false,"footnotes":""},"acf":{"address":"Loc. Filieri, 08022 Dorgali NU, Italy","location_type":"restaurant","map_link":"https:\/\/www.google.com\/maps\/place\/Turismo+Rurale+-+Ristorante+-+Filieri\/@40.2744107,9.5694817,17z\/data=!3m1!4b1!4m9!3m8!1s0x12def51f3cbb8595:0xa0d98a150f6460eb!5m2!4m1!1i2!8m2!3d40.2744107!4d9.5694817!16s%2Fg%2F1pyqf21ch?entry=ttu","trip_advisor":"https:\/\/www.tripadvisor.it\/Restaurant_Review-g642180-d6419449-Reviews-Turismo_Rurale_Filieri-Dorgali_Province_of_Nuoro_Sardinia.html","coordinates":{"latitude":"40.2744107","longitude":"9.5694817"},"charging_stations":[{"charging_station":"Type 2 22kW: Via Vittorio Emanuele, 93, 08022 Dorgali NU, Italy (6.6Kms \/ 13-min)"}]},"aioseo_notices":[],"_links":{"self":[{"href":"https:\/\/nissantravelguide.com\/es\/wp-json\/wp\/v2\/pages\/6002"}],"collection":[{"href":"https:\/\/nissantravelguide.com\/es\/wp-json\/wp\/v2\/pages"}],"about":[{"href":"https:\/\/nissantravelguide.com\/es\/wp-json\/wp\/v2\/types\/page"}],"author":[{"embeddable":true,"href":"https:\/\/nissantravelguide.com\/es\/wp-json\/wp\/v2\/users\/1"}],"replies":[{"embeddable":true,"href":"https:\/\/nissantravelguide.com\/es\/wp-json\/wp\/v2\/comments?post=6002"}],"version-history":[{"count":0,"href":"https:\/\/nissantravelguide.com\/es\/wp-json\/wp\/v2\/pages\/6002\/revisions"}],"up":[{"embeddable":true,"href":"https:\/\/nissantravelguide.com\/es\/wp-json\/wp\/v2\/pages\/6009"}],"wp:featuredmedia":[{"embeddable":true,"href":"https:\/\/nissantravelguide.com\/es\/wp-json\/wp\/v2\/media\/5675"}],"wp:attachment":[{"href":"https:\/\/nissantravelguide.com\/es\/wp-json\/wp\/v2\/media?parent=6002"}],"curies":[{"name":"wp","href":"https:\/\/api.w.org\/{rel}","templated":true}]}}