{"id":6003,"date":"2023-07-27T07:23:46","date_gmt":"2023-07-27T07:23:46","guid":{"rendered":"https:\/\/nissantravelguide.com\/cascioni-eco-retreat\/"},"modified":"2023-07-27T07:23:46","modified_gmt":"2023-07-27T07:23:46","slug":"cascioni-eco-retreat","status":"publish","type":"page","link":"https:\/\/nissantravelguide.com\/es\/cerdena\/cascioni-eco-retreat\/","title":{"rendered":"Cascioni Eco Retreat"},"content":{"rendered":"<p>Este ecoretiro seduce a los visitantes con un interesante mosaico de cultura sarda, y les invita a sumergirse en sus playas, sus pintorescos paseos rocosos y olivares en flor. Escondido dentro de un parque natural privado, Cascioni ofrece paz y serenidad al tiempo que demuestra un profundo respeto por la tierra que habita. Su ventajosa ubicaci\u00f3n en la encantadora regi\u00f3n de Gallura abre un mundo de experiencias diversas: al este se encuentra el animado Porto Cervo, al sur el encantador pueblo de San Pantaleo, y al norte el cautivador golfo de Arzachena. Desde tranquilidad a emocionantes aventuras, Cascioni garantiza que la diversi\u00f3n y la emoci\u00f3n est\u00e9n siempre a tu alcance durante tu estancia.<\/p>\n","protected":false},"excerpt":{"rendered":"<p>Este ecoretiro seduce a los visitantes con un interesante mosaico de cultura sarda, y les invita a sumergirse en sus playas, sus pintorescos paseos rocosos y olivares en flor. Escondido dentro de un parque natural privado, Cascioni ofrece paz y serenidad al tiempo que demuestra un profundo respeto por la tierra que habita. Su ventajosa [&hellip;]<\/p>\n","protected":false},"author":1,"featured_media":5936,"parent":6009,"menu_order":0,"comment_status":"closed","ping_status":"closed","template":"tpl-location.php","meta":{"_acf_changed":false,"footnotes":""},"acf":{"address":"SP 59 bis, 07021 Arzachena SS, Italy","location_type":"restaurant","map_link":"https:\/\/www.google.com\/maps\/place\/Cascioni+Eco+Retreat\/@41.074189,9.4484868,17z\/data=!3m1!4b1!4m9!3m8!1s0x12d9456aacf634bf:0xd549b583c163bcf4!5m2!4m1!1i2!8m2!3d41.074189!4d9.4484868!16s%2Fg%2F11hf62h1lf?entry=ttu","trip_advisor":"https:\/\/www.tripadvisor.co.uk\/Hotel_Review-g194675-d20373919-Reviews-Cascioni_Eco_Retreat-Arzachena_Province_of_Olbia_Tempio_Sardinia.html","coordinates":{"latitude":"41.074189","longitude":"9.4484868"},"charging_stations":[{"charging_station":"Via Lu Saraghinu, 3, 07026 San Pantaleo SS, Italy: Type 2 20.4kW (5.4Kms \/ 8-min)"}]},"aioseo_notices":[],"_links":{"self":[{"href":"https:\/\/nissantravelguide.com\/es\/wp-json\/wp\/v2\/pages\/6003"}],"collection":[{"href":"https:\/\/nissantravelguide.com\/es\/wp-json\/wp\/v2\/pages"}],"about":[{"href":"https:\/\/nissantravelguide.com\/es\/wp-json\/wp\/v2\/types\/page"}],"author":[{"embeddable":true,"href":"https:\/\/nissantravelguide.com\/es\/wp-json\/wp\/v2\/users\/1"}],"replies":[{"embeddable":true,"href":"https:\/\/nissantravelguide.com\/es\/wp-json\/wp\/v2\/comments?post=6003"}],"version-history":[{"count":0,"href":"https:\/\/nissantravelguide.com\/es\/wp-json\/wp\/v2\/pages\/6003\/revisions"}],"up":[{"embeddable":true,"href":"https:\/\/nissantravelguide.com\/es\/wp-json\/wp\/v2\/pages\/6009"}],"wp:featuredmedia":[{"embeddable":true,"href":"https:\/\/nissantravelguide.com\/es\/wp-json\/wp\/v2\/media\/5936"}],"wp:attachment":[{"href":"https:\/\/nissantravelguide.com\/es\/wp-json\/wp\/v2\/media?parent=6003"}],"curies":[{"name":"wp","href":"https:\/\/api.w.org\/{rel}","templated":true}]}}