{"id":6004,"date":"2023-07-27T07:24:04","date_gmt":"2023-07-27T07:24:04","guid":{"rendered":"https:\/\/nissantravelguide.com\/pizzeria-grains-quartu\/"},"modified":"2023-07-27T07:24:04","modified_gmt":"2023-07-27T07:24:04","slug":"pizzeria-grains-quartu","status":"publish","type":"page","link":"https:\/\/nissantravelguide.com\/es\/cerdena\/pizzeria-grains-quartu\/","title":{"rendered":"Pizzeria Grains Quartu"},"content":{"rendered":"<p>No puedes decir que has probado realmente una pizza hasta que no has comido una en Italia, \u00a1y lo mismo pasa en Cerde\u00f1a! Esta pizzer\u00eda especializada le da el toque propio de la isla a este tipo de comida cl\u00e1sica, empleando \u00fanicamente ingredientes sardos. Pero este lugar no solo es famoso por sus pizzas con ingredientes de origen local, de hecho tambi\u00e9n hay una pl\u00e9tora de cervezas y vinos de vendedores locales que puedes probar (\u00a1con moderaci\u00f3n, por supuesto!).<\/p>\n","protected":false},"excerpt":{"rendered":"<p>No puedes decir que has probado realmente una pizza hasta que no has comido una en Italia, \u00a1y lo mismo pasa en Cerde\u00f1a! Esta pizzer\u00eda especializada le da el toque propio de la isla a este tipo de comida cl\u00e1sica, empleando \u00fanicamente ingredientes sardos. Pero este lugar no solo es famoso por sus pizzas con [&hellip;]<\/p>\n","protected":false},"author":1,"featured_media":5664,"parent":6009,"menu_order":0,"comment_status":"closed","ping_status":"closed","template":"tpl-location.php","meta":{"_acf_changed":false,"footnotes":""},"acf":{"address":"Viale C. Colombo, 41, 09045 Quartu Sant'Elena CA, Italy","location_type":"restaurant","map_link":"https:\/\/www.google.com\/maps\/place\/Pizzeria+Grains+Quartu\/@39.2403902,9.1785231,17z\/data=!3m1!4b1!4m6!3m5!1s0x12e7351d5c958949:0x98ec1600c5770271!8m2!3d39.2403902!4d9.1785231!16s%2Fg%2F11mwktl9pg?entry=ttu","trip_advisor":"https:\/\/www.tripadvisor.it\/Restaurant_Review-g227889-d23476621-Reviews-Pizzeria_Grains_Quartu-Quartu_Sant_Elena_Province_of_Cagliari_Sardinia.html","coordinates":{"latitude":"39.2403902","longitude":"9.1785231"},"charging_stations":[{"charging_station":"Type 2 22kW: Viale C. Colombo, 72, 09045 Cuartu Sant'Aleni CA, Italy (6Mtrs \/ 1-min)"}]},"aioseo_notices":[],"_links":{"self":[{"href":"https:\/\/nissantravelguide.com\/es\/wp-json\/wp\/v2\/pages\/6004"}],"collection":[{"href":"https:\/\/nissantravelguide.com\/es\/wp-json\/wp\/v2\/pages"}],"about":[{"href":"https:\/\/nissantravelguide.com\/es\/wp-json\/wp\/v2\/types\/page"}],"author":[{"embeddable":true,"href":"https:\/\/nissantravelguide.com\/es\/wp-json\/wp\/v2\/users\/1"}],"replies":[{"embeddable":true,"href":"https:\/\/nissantravelguide.com\/es\/wp-json\/wp\/v2\/comments?post=6004"}],"version-history":[{"count":0,"href":"https:\/\/nissantravelguide.com\/es\/wp-json\/wp\/v2\/pages\/6004\/revisions"}],"up":[{"embeddable":true,"href":"https:\/\/nissantravelguide.com\/es\/wp-json\/wp\/v2\/pages\/6009"}],"wp:featuredmedia":[{"embeddable":true,"href":"https:\/\/nissantravelguide.com\/es\/wp-json\/wp\/v2\/media\/5664"}],"wp:attachment":[{"href":"https:\/\/nissantravelguide.com\/es\/wp-json\/wp\/v2\/media?parent=6004"}],"curies":[{"name":"wp","href":"https:\/\/api.w.org\/{rel}","templated":true}]}}