{"id":6005,"date":"2023-07-27T07:24:17","date_gmt":"2023-07-27T07:24:17","guid":{"rendered":"https:\/\/nissantravelguide.com\/rose-mari-farm\/"},"modified":"2023-07-27T07:24:17","modified_gmt":"2023-07-27T07:24:17","slug":"rose-mari-farm","status":"publish","type":"page","link":"https:\/\/nissantravelguide.com\/es\/cerdena\/rose-mari-farm\/","title":{"rendered":"Ros&#8217;e Mari Farm"},"content":{"rendered":"<p>Un precioso y relajante lugar que permite a los hu\u00e9spedes sentarse y saborear la tranquila campi\u00f1a de Cerde\u00f1a con una copa de vino o una deliciosa comida local: \u00bfpodr\u00eda haber algo mejor que esto? Adem\u00e1s del hermoso restaurante Ros&#8217;e Mari, que ofrece todo tipo de platos locales, en su jard\u00edn de 11\u00a0hect\u00e1reas los visitantes pueden perderse en la naturaleza del lugar, \u00a1aunque es mejor que no te pierdas en su belleza antes de que llegue tu comida!<\/p>\n","protected":false},"excerpt":{"rendered":"<p>Un precioso y relajante lugar que permite a los hu\u00e9spedes sentarse y saborear la tranquila campi\u00f1a de Cerde\u00f1a con una copa de vino o una deliciosa comida local: \u00bfpodr\u00eda haber algo mejor que esto? Adem\u00e1s del hermoso restaurante Ros&#8217;e Mari, que ofrece todo tipo de platos locales, en su jard\u00edn de 11\u00a0hect\u00e1reas los visitantes pueden [&hellip;]<\/p>\n","protected":false},"author":1,"featured_media":5594,"parent":6009,"menu_order":0,"comment_status":"closed","ping_status":"closed","template":"tpl-location.php","meta":{"_acf_changed":false,"footnotes":""},"acf":{"address":"Localit\u00e0 Pauli Cannedu, 09170 Donigala Fenughedu OR, Italy","location_type":"restaurant","map_link":"https:\/\/www.google.com\/maps\/place\/%F0%9D%97%A5%F0%9D%97%BC%F0%9D%98%80'%F0%9D%97%B2+%F0%9D%97%A0%F0%9D%97%AE%F0%9D%97%BF%F0%9D%97%B6+%F0%9D%97%99%F0%9D%97%AE%F0%9D%97%BF%F0%9D%97%BA+%26+%F0%9D%97%9A%F0%9D%97%BF%F0%9D%97%B2%F0%9D%97%B2%F0%9D%97%BB%F0%9D%97%B5%F0%9D%97%BC%F0%9D%98%82%F0%9D%98%80%F0%9D%97%B2+%F0%9D%97%A5%F0%9D%97%B6%F0%9D%98%80%F0%9D%98%81%F0%9D%97%BC%F0%9D%97%BF%F0%9D%97%AE%F0%9D%97%BB%F0%9D%98%81%F0%9D%97%B2\/@39.9256843,8.5596114,15z\/data=!4m6!3m5!1s0x12dd994dc4249069:0x35d927af2245f64c!8m2!3d39.9271406!4d8.5646436!16s%2Fg%2F11p0bltg0y?entry=ttu","trip_advisor":"https:\/\/www.tripadvisor.it\/Restaurant_Review-g10605385-d23673141-Reviews-Ros_e_Mari_Restaurant-Donigala_Fenughedu_Oristano_Province_of_Oristano_Sardini.html","coordinates":{"latitude":"39.9256843","longitude":"8.5596114"},"charging_stations":[{"charging_station":"Type 2 21kW: Via Santa Maria Bambina, 7, 09170 Oristano OR, Italy (5.7kms \/ 9-min)"}]},"aioseo_notices":[],"_links":{"self":[{"href":"https:\/\/nissantravelguide.com\/es\/wp-json\/wp\/v2\/pages\/6005"}],"collection":[{"href":"https:\/\/nissantravelguide.com\/es\/wp-json\/wp\/v2\/pages"}],"about":[{"href":"https:\/\/nissantravelguide.com\/es\/wp-json\/wp\/v2\/types\/page"}],"author":[{"embeddable":true,"href":"https:\/\/nissantravelguide.com\/es\/wp-json\/wp\/v2\/users\/1"}],"replies":[{"embeddable":true,"href":"https:\/\/nissantravelguide.com\/es\/wp-json\/wp\/v2\/comments?post=6005"}],"version-history":[{"count":0,"href":"https:\/\/nissantravelguide.com\/es\/wp-json\/wp\/v2\/pages\/6005\/revisions"}],"up":[{"embeddable":true,"href":"https:\/\/nissantravelguide.com\/es\/wp-json\/wp\/v2\/pages\/6009"}],"wp:featuredmedia":[{"embeddable":true,"href":"https:\/\/nissantravelguide.com\/es\/wp-json\/wp\/v2\/media\/5594"}],"wp:attachment":[{"href":"https:\/\/nissantravelguide.com\/es\/wp-json\/wp\/v2\/media?parent=6005"}],"curies":[{"name":"wp","href":"https:\/\/api.w.org\/{rel}","templated":true}]}}