{"id":6006,"date":"2023-07-27T07:24:30","date_gmt":"2023-07-27T07:24:30","guid":{"rendered":"https:\/\/nissantravelguide.com\/su-leunaxiu\/"},"modified":"2023-07-27T07:24:30","modified_gmt":"2023-07-27T07:24:30","slug":"su-leunaxiu","status":"publish","type":"page","link":"https:\/\/nissantravelguide.com\/es\/cerdena\/su-leunaxiu\/","title":{"rendered":"Su Leunaxiu"},"content":{"rendered":"<p>Un local a cargo de una familia que desde hace m\u00e1s de 40\u00a0a\u00f1os hace hincapi\u00e9 en promover una vida sana, as\u00ed como en el respeto por el medio ambiente del entorno; \u00a1puedes estar seguro de que tu comida en Su Leunaxiu se ha elaborado con el m\u00e1ximo cuidado, y que la principal prioridad es que disfrutes! Por si esto no es suficiente, el lugar tambi\u00e9n funciona como granja de ense\u00f1anza, educando a la pr\u00f3xima generaci\u00f3n de sardos sobre la importancia de respetar la cultura y la historia de la tradici\u00f3n de agroturismo de Cerde\u00f1a, \u00a1garantizando que las destrezas que tan h\u00e1bilmente exhiben los chefs en sus restaurantes puedan transmitirse durante d\u00e9cadas!<\/p>\n","protected":false},"excerpt":{"rendered":"<p>Un local a cargo de una familia que desde hace m\u00e1s de 40\u00a0a\u00f1os hace hincapi\u00e9 en promover una vida sana, as\u00ed como en el respeto por el medio ambiente del entorno; \u00a1puedes estar seguro de que tu comida en Su Leunaxiu se ha elaborado con el m\u00e1ximo cuidado, y que la principal prioridad es que [&hellip;]<\/p>\n","protected":false},"author":1,"featured_media":5605,"parent":6009,"menu_order":0,"comment_status":"closed","ping_status":"closed","template":"tpl-location.php","meta":{"_acf_changed":false,"footnotes":""},"acf":{"address":"Strada Statale 387 km 15, 09040 Soleminis SU, Italy","location_type":"restaurant","map_link":"https:\/\/www.google.com\/maps\/place\/Agriturismo+Su+Leunaxiu\/@39.3431765,9.1559929,17z\/data=!3m1!4b1!4m9!3m8!1s0x12e74b325955fd4f:0xdde8ddb547d545e0!5m2!4m1!1i2!8m2!3d39.3431765!4d9.1559929!16s%2Fg%2F1tflv31d?entry=ttu","trip_advisor":"https:\/\/www.tripadvisor.it\/Hotel_Review-g3487338-d1552825-Reviews-Agriturismo_Su_Leunaxiu-Soleminis_Province_of_Cagliari_Sardinia.html","coordinates":{"latitude":"39.3431765","longitude":"9.1559929"},"charging_stations":[{"charging_station":"Type 2 14kW: Via delle Rose, 18, 09041 Dolianova SU, Italy (3.4kms \/ 4-min)"}]},"aioseo_notices":[],"_links":{"self":[{"href":"https:\/\/nissantravelguide.com\/es\/wp-json\/wp\/v2\/pages\/6006"}],"collection":[{"href":"https:\/\/nissantravelguide.com\/es\/wp-json\/wp\/v2\/pages"}],"about":[{"href":"https:\/\/nissantravelguide.com\/es\/wp-json\/wp\/v2\/types\/page"}],"author":[{"embeddable":true,"href":"https:\/\/nissantravelguide.com\/es\/wp-json\/wp\/v2\/users\/1"}],"replies":[{"embeddable":true,"href":"https:\/\/nissantravelguide.com\/es\/wp-json\/wp\/v2\/comments?post=6006"}],"version-history":[{"count":0,"href":"https:\/\/nissantravelguide.com\/es\/wp-json\/wp\/v2\/pages\/6006\/revisions"}],"up":[{"embeddable":true,"href":"https:\/\/nissantravelguide.com\/es\/wp-json\/wp\/v2\/pages\/6009"}],"wp:featuredmedia":[{"embeddable":true,"href":"https:\/\/nissantravelguide.com\/es\/wp-json\/wp\/v2\/media\/5605"}],"wp:attachment":[{"href":"https:\/\/nissantravelguide.com\/es\/wp-json\/wp\/v2\/media?parent=6006"}],"curies":[{"name":"wp","href":"https:\/\/api.w.org\/{rel}","templated":true}]}}