{"id":4170,"date":"2022-12-12T16:54:45","date_gmt":"2022-12-12T16:54:45","guid":{"rendered":"https:\/\/nissantravelguide.com\/rokusfalvy\/"},"modified":"2022-12-12T16:54:45","modified_gmt":"2022-12-12T16:54:45","slug":"rokusfalvy","status":"publish","type":"page","link":"https:\/\/nissantravelguide.com\/fr\/budapest\/rokusfalvy\/","title":{"rendered":"R\u00f3kusfalvy"},"content":{"rendered":"<p class=\"p1\">Situ\u00e9e \u00e0 Etyek, la r\u00e9gion viticole la plus proche de la capitale (les vignobles de Budapest), cette exploitation viticole familiale de deuxi\u00e8me g\u00e9n\u00e9ration est en activit\u00e9 depuis 25\u00a0ans. Ses vignobles sont certifi\u00e9s biologiques depuis\u00a02015 et sont cultiv\u00e9s en agriculture biologique depuis une d\u00e9cennie. Visiter R\u00f3kusfalvy est une excellente occasion de d\u00e9couvrir des vins blancs et rouges ainsi que des vins p\u00e9tillants produits selon les principes de l\u2019agriculture biodynamique, tous bas\u00e9s sur des c\u00e9pages typiques de cette r\u00e9gion viticole. Profitez d\u2019une d\u00e9gustation et d\u2019une visite du vignoble ou rendez-vous au R\u00f3kusfalvy Inn, le restaurant du domaine recommand\u00e9 par le Guide Michelin, pour d\u00e9couvrir des saveurs authentiques.<span class=\"Apple-converted-space\">\u00a0<\/span><\/p>\n<p class=\"p1\">\n<p class=\"p1\">La r\u00e9gion d\u2019Etyek est \u00e9galement id\u00e9ale pour ceux qui souhaitent des vacances sportives car elle offre de nombreux itin\u00e9raires cyclables et sentiers de randonn\u00e9e.<\/p>\n","protected":false},"excerpt":{"rendered":"<p>Situ\u00e9e \u00e0 Etyek, la r\u00e9gion viticole la plus proche de la capitale (les vignobles de Budapest), cette exploitation viticole familiale de deuxi\u00e8me g\u00e9n\u00e9ration est en activit\u00e9 depuis 25\u00a0ans. Ses vignobles sont certifi\u00e9s biologiques depuis\u00a02015 et sont cultiv\u00e9s en agriculture biologique depuis une d\u00e9cennie. Visiter R\u00f3kusfalvy est une excellente occasion de d\u00e9couvrir des vins blancs et [&hellip;]<\/p>\n","protected":false},"author":1,"featured_media":4157,"parent":4231,"menu_order":0,"comment_status":"closed","ping_status":"closed","template":"tpl-location.php","meta":{"_acf_changed":false,"footnotes":""},"acf":{"address":"Ujhegy 89, 2091","location_type":"interest","map_link":"https:\/\/www.google.co.uk\/maps\/place\/R%C3%B3kusfalvy+Estate\/@47.448573,18.7337775,17z\/data=!3m1!4b1!4m5!3m4!1s0x476a0c7cd56db681:0x1db23e22dd908aa2!8m2!3d47.4485694!4d18.7359662","trip_advisor":"https:\/\/www.tripadvisor.co.uk\/Attraction_Review-g1077271-d3385298-Reviews-Rokusfalvy_Estate-Etyek_Fejer_County_Central_Transdanubia.html","coordinates":{"latitude":"47.448573","longitude":"18.7337775"},"charging_stations":[{"charging_station":"Type 2 (22kW): Biatorbagy, Nimrod Utca, 2051 (10.4km \/ 18 min)"}]},"aioseo_notices":[],"_links":{"self":[{"href":"https:\/\/nissantravelguide.com\/fr\/wp-json\/wp\/v2\/pages\/4170"}],"collection":[{"href":"https:\/\/nissantravelguide.com\/fr\/wp-json\/wp\/v2\/pages"}],"about":[{"href":"https:\/\/nissantravelguide.com\/fr\/wp-json\/wp\/v2\/types\/page"}],"author":[{"embeddable":true,"href":"https:\/\/nissantravelguide.com\/fr\/wp-json\/wp\/v2\/users\/1"}],"replies":[{"embeddable":true,"href":"https:\/\/nissantravelguide.com\/fr\/wp-json\/wp\/v2\/comments?post=4170"}],"version-history":[{"count":0,"href":"https:\/\/nissantravelguide.com\/fr\/wp-json\/wp\/v2\/pages\/4170\/revisions"}],"up":[{"embeddable":true,"href":"https:\/\/nissantravelguide.com\/fr\/wp-json\/wp\/v2\/pages\/4231"}],"wp:featuredmedia":[{"embeddable":true,"href":"https:\/\/nissantravelguide.com\/fr\/wp-json\/wp\/v2\/media\/4157"}],"wp:attachment":[{"href":"https:\/\/nissantravelguide.com\/fr\/wp-json\/wp\/v2\/media?parent=4170"}],"curies":[{"name":"wp","href":"https:\/\/api.w.org\/{rel}","templated":true}]}}