{"id":4171,"date":"2022-12-12T16:55:01","date_gmt":"2022-12-12T16:55:01","guid":{"rendered":"https:\/\/nissantravelguide.com\/bemba\/"},"modified":"2022-12-12T16:55:01","modified_gmt":"2022-12-12T16:55:01","slug":"bemba","status":"publish","type":"page","link":"https:\/\/nissantravelguide.com\/fr\/bratislava\/bemba\/","title":{"rendered":"Bemba"},"content":{"rendered":"<p class=\"p1\">Bemba est le premier restaurant d\u2019aliments crus et d\u2019origine v\u00e9g\u00e9tale de Bratislava. Situ\u00e9 dans le centre historique de Bratislava, il propose des repas modernes inspir\u00e9s des cuisines du monde entier. Que vous go\u00fbtiez le \u00ab\u00a0faux gras\u00a0\u00bb, les tacos, la soupe tha\u00eflandaise \u00e0 la noix de coco ou que vous choisissiez l\u2019une des salades riches en nutriments, vous ne serez pas d\u00e9\u00e7u par les cr\u00e9ations v\u00e9g\u00e9tales color\u00e9es qui orneront votre assiette. Le restaurant dispose d\u2019une terrasse disponible en \u00e9t\u00e9. Les repas peuvent \u00eatre command\u00e9s \u00e0 emporter ou \u00e0 livrer.<\/p>\n","protected":false},"excerpt":{"rendered":"<p>Bemba est le premier restaurant d\u2019aliments crus et d\u2019origine v\u00e9g\u00e9tale de Bratislava. Situ\u00e9 dans le centre historique de Bratislava, il propose des repas modernes inspir\u00e9s des cuisines du monde entier. Que vous go\u00fbtiez le \u00ab\u00a0faux gras\u00a0\u00bb, les tacos, la soupe tha\u00eflandaise \u00e0 la noix de coco ou que vous choisissiez l\u2019une des salades riches en [&hellip;]<\/p>\n","protected":false},"author":1,"featured_media":2928,"parent":4230,"menu_order":0,"comment_status":"closed","ping_status":"closed","template":"tpl-location.php","meta":{"_acf_changed":false,"footnotes":""},"acf":{"address":"Koll\u00e1rovo n\u00e1mestie 17, 811 06 Star\u00e9 Mesto, Slovakia","location_type":"restaurant","map_link":"https:\/\/www.google.com\/maps\/place\/BEMBA+-+rawfood+%26+plant-based\/@48.1492859,17.1103185,17z\/data=!3m1!4b1!4m5!3m4!1s0x476c8eba15a0ebbb:0xb4e6eb023d75f6b8!8m2!3d48.1492859!4d17.1125072?coh=164777&entry=tt&shorturl=1","trip_advisor":"https:\/\/www.tripadvisor.com\/Restaurant_Review-g274924-d6416628-Reviews-Raw_Restauracia_Bemba-Bratislava_Bratislava_Region.html","coordinates":{"latitude":"48.1492859","longitude":"17.1103185"},"charging_stations":[{"charging_station":"Type 2 22.1kW CCS 50kW CHAdeMO 50kW: 17904, Metodova, 821 08 Bratislava, Slovakia (1.6 km \/ 6-min)"}]},"aioseo_notices":[],"_links":{"self":[{"href":"https:\/\/nissantravelguide.com\/fr\/wp-json\/wp\/v2\/pages\/4171"}],"collection":[{"href":"https:\/\/nissantravelguide.com\/fr\/wp-json\/wp\/v2\/pages"}],"about":[{"href":"https:\/\/nissantravelguide.com\/fr\/wp-json\/wp\/v2\/types\/page"}],"author":[{"embeddable":true,"href":"https:\/\/nissantravelguide.com\/fr\/wp-json\/wp\/v2\/users\/1"}],"replies":[{"embeddable":true,"href":"https:\/\/nissantravelguide.com\/fr\/wp-json\/wp\/v2\/comments?post=4171"}],"version-history":[{"count":0,"href":"https:\/\/nissantravelguide.com\/fr\/wp-json\/wp\/v2\/pages\/4171\/revisions"}],"up":[{"embeddable":true,"href":"https:\/\/nissantravelguide.com\/fr\/wp-json\/wp\/v2\/pages\/4230"}],"wp:featuredmedia":[{"embeddable":true,"href":"https:\/\/nissantravelguide.com\/fr\/wp-json\/wp\/v2\/media\/2928"}],"wp:attachment":[{"href":"https:\/\/nissantravelguide.com\/fr\/wp-json\/wp\/v2\/media?parent=4171"}],"curies":[{"name":"wp","href":"https:\/\/api.w.org\/{rel}","templated":true}]}}