{"id":4172,"date":"2022-12-12T16:55:30","date_gmt":"2022-12-12T16:55:30","guid":{"rendered":"https:\/\/nissantravelguide.com\/marrols-boutique-hotel\/"},"modified":"2022-12-13T10:01:56","modified_gmt":"2022-12-13T10:01:56","slug":"marrols-boutique-hotel","status":"publish","type":"page","link":"https:\/\/nissantravelguide.com\/fr\/bratislava\/marrols-boutique-hotel\/","title":{"rendered":"Marrol&rsquo;s Boutique Hotel"},"content":{"rendered":"<p class=\"p1\">Nich\u00e9 au c\u0153ur du centre historique de Bratislava, le Marrol\u2019s Boutique Hotel est le point de d\u00e9part id\u00e9al pour vos aventures de voyage. Ce charmant h\u00f4tel 5 \u00e9toiles n\u2019est qu\u2019\u00e0 quelques pas de certaines des attractions les plus c\u00e9l\u00e8bres de Bratislava, dont le th\u00e9\u00e2tre national slovaque, la cath\u00e9drale Saint-Martin et le palais Primatial.<span class=\"Apple-converted-space\">\u00a0<\/span><\/p>\n","protected":false},"excerpt":{"rendered":"<p>Nich\u00e9 au c\u0153ur du centre historique de Bratislava, le Marrol\u2019s Boutique Hotel est le point de d\u00e9part id\u00e9al pour vos aventures de voyage. Ce charmant h\u00f4tel 5 \u00e9toiles n\u2019est qu\u2019\u00e0 quelques pas de certaines des attractions les plus c\u00e9l\u00e8bres de Bratislava, dont le th\u00e9\u00e2tre national slovaque, la cath\u00e9drale Saint-Martin et le palais Primatial.\u00a0<\/p>\n","protected":false},"author":1,"featured_media":2963,"parent":4230,"menu_order":0,"comment_status":"closed","ping_status":"closed","template":"tpl-location.php","meta":{"_acf_changed":false,"footnotes":""},"acf":{"address":"Tobruck\u00e1 6953, 811 02 Bratislava, Slovakia","location_type":"hotel","map_link":"https:\/\/www.google.com\/maps\/place\/Marrol's+Boutique+Hotel\/@48.1413713,17.1132841,17z\/data=!3m1!4b1!4m8!3m7!1s0x476c8941f5caba59:0x69fb953526ed83d!5m2!4m1!1i2!8m2!3d48.1413713!4d17.1132841","trip_advisor":"https:\/\/www.tripadvisor.co.uk\/Hotel_Review-g274924-d276296-Reviews-Marrol_s_Boutique_Hotel_Bratislava-Bratislava_Bratislava_Region.html","coordinates":{"latitude":"48.1413713","longitude":"17.1132841"},"charging_stations":[{"charging_station":"Type 2 43kW: Kaufland, Trnavska Cesta (4.6km \/ 12 min)"}]},"aioseo_notices":[],"_links":{"self":[{"href":"https:\/\/nissantravelguide.com\/fr\/wp-json\/wp\/v2\/pages\/4172"}],"collection":[{"href":"https:\/\/nissantravelguide.com\/fr\/wp-json\/wp\/v2\/pages"}],"about":[{"href":"https:\/\/nissantravelguide.com\/fr\/wp-json\/wp\/v2\/types\/page"}],"author":[{"embeddable":true,"href":"https:\/\/nissantravelguide.com\/fr\/wp-json\/wp\/v2\/users\/1"}],"replies":[{"embeddable":true,"href":"https:\/\/nissantravelguide.com\/fr\/wp-json\/wp\/v2\/comments?post=4172"}],"version-history":[{"count":1,"href":"https:\/\/nissantravelguide.com\/fr\/wp-json\/wp\/v2\/pages\/4172\/revisions"}],"predecessor-version":[{"id":4279,"href":"https:\/\/nissantravelguide.com\/fr\/wp-json\/wp\/v2\/pages\/4172\/revisions\/4279"}],"up":[{"embeddable":true,"href":"https:\/\/nissantravelguide.com\/fr\/wp-json\/wp\/v2\/pages\/4230"}],"wp:featuredmedia":[{"embeddable":true,"href":"https:\/\/nissantravelguide.com\/fr\/wp-json\/wp\/v2\/media\/2963"}],"wp:attachment":[{"href":"https:\/\/nissantravelguide.com\/fr\/wp-json\/wp\/v2\/media?parent=4172"}],"curies":[{"name":"wp","href":"https:\/\/api.w.org\/{rel}","templated":true}]}}