{"id":4173,"date":"2022-12-12T16:55:48","date_gmt":"2022-12-12T16:55:48","guid":{"rendered":"https:\/\/nissantravelguide.com\/zochova-chata\/"},"modified":"2022-12-12T16:55:48","modified_gmt":"2022-12-12T16:55:48","slug":"zochova-chata","status":"publish","type":"page","link":"https:\/\/nissantravelguide.com\/fr\/bratislava\/zochova-chata\/","title":{"rendered":"Zochova Chata"},"content":{"rendered":"<p class=\"p1\">L\u2019Hotel Zochova Chata, oasis de bien-\u00eatre et de relaxation situ\u00e9e entre des for\u00eats de h\u00eatres luxuriantes, est \u00e0 quelques minutes en voiture de l\u2019agitation de Bratislava. \u00c0 proximit\u00e9 du village viticole de Modra, c\u2019est \u00e9galement l\u2019endroit id\u00e9al si vous souhaitez d\u00e9couvrir la Petite route du vin des Carpathes, avec des vins locaux, des paysages \u00e0 couper le souffle et toutes sortes de d\u00e9lices culinaires.<\/p>\n","protected":false},"excerpt":{"rendered":"<p>L\u2019Hotel Zochova Chata, oasis de bien-\u00eatre et de relaxation situ\u00e9e entre des for\u00eats de h\u00eatres luxuriantes, est \u00e0 quelques minutes en voiture de l\u2019agitation de Bratislava. \u00c0 proximit\u00e9 du village viticole de Modra, c\u2019est \u00e9galement l\u2019endroit id\u00e9al si vous souhaitez d\u00e9couvrir la Petite route du vin des Carpathes, avec des vins locaux, des paysages \u00e0 [&hellip;]<\/p>\n","protected":false},"author":1,"featured_media":3057,"parent":4230,"menu_order":0,"comment_status":"closed","ping_status":"closed","template":"tpl-location.php","meta":{"_acf_changed":false,"footnotes":""},"acf":{"address":"Piesok 4015\/B7, 900 01 Modra, Slovensko","location_type":"hotel","map_link":"https:\/\/www.google.com\/maps\/place\/Zochova+chata\/@48.381606,17.277845,12z\/data=!4m8!3m7!1s0x0:0x7e06b040e7d98c2d!5m2!4m1!1i2!8m2!3d48.3816166!4d17.277812?hl=sk","trip_advisor":"https:\/\/www.tripadvisor.com\/Hotel_Review-g19093967-d2315159-Reviews-Hotel_Zochova_Chata-Piesok_Bratislava_Region.html","coordinates":{"latitude":"48.381606","longitude":"17.277845"},"charging_stations":[{"charging_station":"Type 2 11kW: Deep 29 (28.1km \/ 31 min)"}]},"aioseo_notices":[],"_links":{"self":[{"href":"https:\/\/nissantravelguide.com\/fr\/wp-json\/wp\/v2\/pages\/4173"}],"collection":[{"href":"https:\/\/nissantravelguide.com\/fr\/wp-json\/wp\/v2\/pages"}],"about":[{"href":"https:\/\/nissantravelguide.com\/fr\/wp-json\/wp\/v2\/types\/page"}],"author":[{"embeddable":true,"href":"https:\/\/nissantravelguide.com\/fr\/wp-json\/wp\/v2\/users\/1"}],"replies":[{"embeddable":true,"href":"https:\/\/nissantravelguide.com\/fr\/wp-json\/wp\/v2\/comments?post=4173"}],"version-history":[{"count":0,"href":"https:\/\/nissantravelguide.com\/fr\/wp-json\/wp\/v2\/pages\/4173\/revisions"}],"up":[{"embeddable":true,"href":"https:\/\/nissantravelguide.com\/fr\/wp-json\/wp\/v2\/pages\/4230"}],"wp:featuredmedia":[{"embeddable":true,"href":"https:\/\/nissantravelguide.com\/fr\/wp-json\/wp\/v2\/media\/3057"}],"wp:attachment":[{"href":"https:\/\/nissantravelguide.com\/fr\/wp-json\/wp\/v2\/media?parent=4173"}],"curies":[{"name":"wp","href":"https:\/\/api.w.org\/{rel}","templated":true}]}}