{"id":4174,"date":"2022-12-12T16:56:08","date_gmt":"2022-12-12T16:56:08","guid":{"rendered":"https:\/\/nissantravelguide.com\/restauracia-sluk\/"},"modified":"2022-12-12T16:56:08","modified_gmt":"2022-12-12T16:56:08","slug":"restauracia-sluk","status":"publish","type":"page","link":"https:\/\/nissantravelguide.com\/fr\/bratislava\/restauracia-sluk\/","title":{"rendered":"Re\u0161taur\u00e1cia S\u013dUK"},"content":{"rendered":"<p class=\"p1\">Si vous avez envie de go\u00fbter \u00e0 la cuisine et aux divertissements slovaques traditionnels, ne cherchez pas plus loin que le Re\u0161taur\u00e1cia SL\u2019UK. Situ\u00e9 dans le domaine du ch\u00e2teau de Rusovce, vous pouvez manger au restaurant, tout en profitant des divertissements de la danse folklorique slovaque locale. Offrant un m\u00e9lange de mets locaux et internationaux, le Re\u0161taur\u00e1cia SL\u2019UK est un excellent choix pour tous ceux qui cherchent le go\u00fbt authentique de Bratislava.<\/p>\n","protected":false},"excerpt":{"rendered":"<p>Si vous avez envie de go\u00fbter \u00e0 la cuisine et aux divertissements slovaques traditionnels, ne cherchez pas plus loin que le Re\u0161taur\u00e1cia SL\u2019UK. Situ\u00e9 dans le domaine du ch\u00e2teau de Rusovce, vous pouvez manger au restaurant, tout en profitant des divertissements de la danse folklorique slovaque locale. Offrant un m\u00e9lange de mets locaux et internationaux, [&hellip;]<\/p>\n","protected":false},"author":1,"featured_media":2998,"parent":4230,"menu_order":0,"comment_status":"closed","ping_status":"closed","template":"tpl-location.php","meta":{"_acf_changed":false,"footnotes":""},"acf":{"address":"Ma\u010farsk\u00e1 31, 851 10 Rusovce, Slovakia","location_type":"restaurant","map_link":"https:\/\/www.google.com\/maps\/place\/S%C4%BDUK+Restaurant\/@48.0531528,17.0186944,12z\/data=!4m9!1m2!2m1!1zcmXFoXRhdXLDoWNpYSBzxL51ayB0cmlwYWR2aXNvcg!3m5!1s0x476c62ca62eac959:0x222090fbf3506378!8m2!3d48.0536034!4d17.1500503!15sCh9yZcWhdGF1csOhY2lhIHPEvnVrIHRyaXBhZHZpc29yWiEiH3JlxaF0YXVyw6FjaWEgc8S-dWsgdHJpcGFkdmlzb3KSAQpyZXN0YXVyYW504AEA","trip_advisor":"https:\/\/www.tripadvisor.com\/Restaurant_Review-g274924-d1115449-Reviews-SLUK_Restaurant-Bratislava_Bratislava_Region.html","coordinates":{"latitude":"48.0531528","longitude":"17.0186944"},"charging_stations":[{"charging_station":"Type 2 11kW: Hauptplatz 31 (8.3km \/ 12 min) "}]},"aioseo_notices":[],"_links":{"self":[{"href":"https:\/\/nissantravelguide.com\/fr\/wp-json\/wp\/v2\/pages\/4174"}],"collection":[{"href":"https:\/\/nissantravelguide.com\/fr\/wp-json\/wp\/v2\/pages"}],"about":[{"href":"https:\/\/nissantravelguide.com\/fr\/wp-json\/wp\/v2\/types\/page"}],"author":[{"embeddable":true,"href":"https:\/\/nissantravelguide.com\/fr\/wp-json\/wp\/v2\/users\/1"}],"replies":[{"embeddable":true,"href":"https:\/\/nissantravelguide.com\/fr\/wp-json\/wp\/v2\/comments?post=4174"}],"version-history":[{"count":0,"href":"https:\/\/nissantravelguide.com\/fr\/wp-json\/wp\/v2\/pages\/4174\/revisions"}],"up":[{"embeddable":true,"href":"https:\/\/nissantravelguide.com\/fr\/wp-json\/wp\/v2\/pages\/4230"}],"wp:featuredmedia":[{"embeddable":true,"href":"https:\/\/nissantravelguide.com\/fr\/wp-json\/wp\/v2\/media\/2998"}],"wp:attachment":[{"href":"https:\/\/nissantravelguide.com\/fr\/wp-json\/wp\/v2\/media?parent=4174"}],"curies":[{"name":"wp","href":"https:\/\/api.w.org\/{rel}","templated":true}]}}