{"id":4175,"date":"2022-12-12T16:56:21","date_gmt":"2022-12-12T16:56:21","guid":{"rendered":"https:\/\/nissantravelguide.com\/husacina-u-galika\/"},"modified":"2022-12-12T16:56:21","modified_gmt":"2022-12-12T16:56:21","slug":"husacina-u-galika","status":"publish","type":"page","link":"https:\/\/nissantravelguide.com\/fr\/bratislava\/husacina-u-galika\/","title":{"rendered":"Husacina u Galika"},"content":{"rendered":"<p class=\"p1\">On dit que tout ce dont vous avez besoin, c\u2019est d\u2019amour et d\u2019un repas maison. Et si c\u2019est le cas, Husacina u Galika est un must. Vous tomberez sous le charme de la cuisine maison traditionnelle propos\u00e9e dans ce restaurant r\u00e9put\u00e9, impr\u00e9gn\u00e9 de tradition et situ\u00e9 dans le village pittoresque de Slovensk. Ne manquez pas l\u2019oie, le canard et tout une gamme de sp\u00e9cialit\u00e9s slovaques au menu, toutes cuisin\u00e9es selon des m\u00e9thodes s\u00e9culaires utilisant des fours en terre cuite, pour que ce restaurant reste fid\u00e8le \u00e0 son h\u00e9ritage.<\/p>\n","protected":false},"excerpt":{"rendered":"<p>On dit que tout ce dont vous avez besoin, c\u2019est d\u2019amour et d\u2019un repas maison. Et si c\u2019est le cas, Husacina u Galika est un must. Vous tomberez sous le charme de la cuisine maison traditionnelle propos\u00e9e dans ce restaurant r\u00e9put\u00e9, impr\u00e9gn\u00e9 de tradition et situ\u00e9 dans le village pittoresque de Slovensk. Ne manquez pas [&hellip;]<\/p>\n","protected":false},"author":1,"featured_media":2953,"parent":4230,"menu_order":0,"comment_status":"closed","ping_status":"closed","template":"tpl-location.php","meta":{"_acf_changed":false,"footnotes":""},"acf":{"address":"Lipov\u00e1 21, 900 26 Slovensk\u00fd Grob, Slovakia","location_type":"restaurant","map_link":"https:\/\/www.google.com\/maps\/place\/Husacina+u+Galika\/@48.2658925,17.2589442,14z\/data=!4m5!3m4!1s0x476c9080b153880b:0xdb5eae8b1c8bb960!8m2!3d48.2597222!4d17.2752778","trip_advisor":"https:\/\/www.tripadvisor.co.uk\/Restaurant_Review-g1602209-d4769946-Reviews-Husacina_U_Galika-Slovensky_Grob_Bratislava_Region.html","coordinates":{"latitude":"48.2658925","longitude":"17.2589442"},"charging_stations":[{"charging_station":"Type 2 22kW \/ CCS 150kW: Janosikova 1484\/1 (11.7km \/ 16 min)"}]},"aioseo_notices":[],"_links":{"self":[{"href":"https:\/\/nissantravelguide.com\/fr\/wp-json\/wp\/v2\/pages\/4175"}],"collection":[{"href":"https:\/\/nissantravelguide.com\/fr\/wp-json\/wp\/v2\/pages"}],"about":[{"href":"https:\/\/nissantravelguide.com\/fr\/wp-json\/wp\/v2\/types\/page"}],"author":[{"embeddable":true,"href":"https:\/\/nissantravelguide.com\/fr\/wp-json\/wp\/v2\/users\/1"}],"replies":[{"embeddable":true,"href":"https:\/\/nissantravelguide.com\/fr\/wp-json\/wp\/v2\/comments?post=4175"}],"version-history":[{"count":0,"href":"https:\/\/nissantravelguide.com\/fr\/wp-json\/wp\/v2\/pages\/4175\/revisions"}],"up":[{"embeddable":true,"href":"https:\/\/nissantravelguide.com\/fr\/wp-json\/wp\/v2\/pages\/4230"}],"wp:featuredmedia":[{"embeddable":true,"href":"https:\/\/nissantravelguide.com\/fr\/wp-json\/wp\/v2\/media\/2953"}],"wp:attachment":[{"href":"https:\/\/nissantravelguide.com\/fr\/wp-json\/wp\/v2\/media?parent=4175"}],"curies":[{"name":"wp","href":"https:\/\/api.w.org\/{rel}","templated":true}]}}