{"id":4176,"date":"2022-12-12T16:57:09","date_gmt":"2022-12-12T16:57:09","guid":{"rendered":"https:\/\/nissantravelguide.com\/ufo\/"},"modified":"2022-12-12T16:57:09","modified_gmt":"2022-12-12T16:57:09","slug":"ufo","status":"publish","type":"page","link":"https:\/\/nissantravelguide.com\/fr\/bratislava\/ufo\/","title":{"rendered":"UFO"},"content":{"rendered":"<p class=\"p1\">Envie d\u2019un d\u00e9jeuner ou d\u2019un d\u00eener dans une gigantesque soucoupe volante, tout en contemplant la vue panoramique sur la magnifique ville de Bratislava\u00a0? C\u2019est exactement le type d\u2019exp\u00e9rience unique et m\u00e9morable que vous pouvez vivre au sommet du c\u00e9l\u00e8bre pont SNP, tout en savourant une fusion de cuisines m\u00e9diterran\u00e9enne et asiatique. Les int\u00e9rieurs sont d\u00e9lib\u00e9r\u00e9ment minimalistes, ce qui vous permet de rester concentr\u00e9 sur la vue \u00e0 couper le souffle, surtout la nuit lorsque vous avez la chance de d\u00eener au milieu des \u00e9toiles.<\/p>\n","protected":false},"excerpt":{"rendered":"<p>Envie d\u2019un d\u00e9jeuner ou d\u2019un d\u00eener dans une gigantesque soucoupe volante, tout en contemplant la vue panoramique sur la magnifique ville de Bratislava\u00a0? C\u2019est exactement le type d\u2019exp\u00e9rience unique et m\u00e9morable que vous pouvez vivre au sommet du c\u00e9l\u00e8bre pont SNP, tout en savourant une fusion de cuisines m\u00e9diterran\u00e9enne et asiatique. Les int\u00e9rieurs sont d\u00e9lib\u00e9r\u00e9ment [&hellip;]<\/p>\n","protected":false},"author":1,"featured_media":3052,"parent":4230,"menu_order":0,"comment_status":"closed","ping_status":"closed","template":"tpl-location.php","meta":{"_acf_changed":false,"footnotes":""},"acf":{"address":"Most SNP 1, 851 01 Petr\u017ealka, Slovakia","location_type":"restaurant","map_link":"https:\/\/www.google.com\/maps\/place\/UFO\/@48.1365156,17.1023245,17z\/data=!4m13!1m7!3m6!1s0x476c89662a3c4537:0x5c43175bf221189b!2sMost+SNP,+Petr%C5%BEalka,+Slovakia!3b1!8m2!3d48.136512!4d17.1045185!3m4!1s0x476c89689cfbbd2d:0xf618d269deefd75!8m2!3d48.1366422!4d17.1046613","trip_advisor":"https:\/\/www.tripadvisor.co.uk\/Restaurant_Review-g274924-d697355-Reviews-UFO_Restauracia-Bratislava_Bratislava_Region.html","coordinates":{"latitude":"48.1365156","longitude":"17.1023245"},"charging_stations":[{"charging_station":"Type 2 43kW: Kaufland, Trnavska Cesta (7.3km \/ 13 min)"}]},"aioseo_notices":[],"_links":{"self":[{"href":"https:\/\/nissantravelguide.com\/fr\/wp-json\/wp\/v2\/pages\/4176"}],"collection":[{"href":"https:\/\/nissantravelguide.com\/fr\/wp-json\/wp\/v2\/pages"}],"about":[{"href":"https:\/\/nissantravelguide.com\/fr\/wp-json\/wp\/v2\/types\/page"}],"author":[{"embeddable":true,"href":"https:\/\/nissantravelguide.com\/fr\/wp-json\/wp\/v2\/users\/1"}],"replies":[{"embeddable":true,"href":"https:\/\/nissantravelguide.com\/fr\/wp-json\/wp\/v2\/comments?post=4176"}],"version-history":[{"count":0,"href":"https:\/\/nissantravelguide.com\/fr\/wp-json\/wp\/v2\/pages\/4176\/revisions"}],"up":[{"embeddable":true,"href":"https:\/\/nissantravelguide.com\/fr\/wp-json\/wp\/v2\/pages\/4230"}],"wp:featuredmedia":[{"embeddable":true,"href":"https:\/\/nissantravelguide.com\/fr\/wp-json\/wp\/v2\/media\/3052"}],"wp:attachment":[{"href":"https:\/\/nissantravelguide.com\/fr\/wp-json\/wp\/v2\/media?parent=4176"}],"curies":[{"name":"wp","href":"https:\/\/api.w.org\/{rel}","templated":true}]}}