{"id":4177,"date":"2022-12-12T16:57:24","date_gmt":"2022-12-12T16:57:24","guid":{"rendered":"https:\/\/nissantravelguide.com\/slovak-pub\/"},"modified":"2022-12-12T16:57:24","modified_gmt":"2022-12-12T16:57:24","slug":"slovak-pub","status":"publish","type":"page","link":"https:\/\/nissantravelguide.com\/fr\/bratislava\/slovak-pub\/","title":{"rendered":"Slovak Pub"},"content":{"rendered":"<p class=\"p1\">Connu pour ses salles \u00e0 th\u00e8me et sa propre ferme bio, le Slovak Pub est le plus grand de Bratislava (et \u00e9galement l\u2019un des plus populaires). Profitez d\u2019une atmosph\u00e8re unique, avec chacune de ses 11\u00a0salles con\u00e7ues pour \u00e9voquer diff\u00e9rentes \u00e9poques de l\u2019histoire slovaque, de la Chasse du berger vieille de 200\u00a0ans \u00e0 la salle des Chevaliers de Pribina. De plus, vous pourrez go\u00fbter aux sp\u00e9cialit\u00e9s et aux p\u00e2tisseries locales, pr\u00e9par\u00e9es avec les ingr\u00e9dients les plus frais de la ferme du pub. Et n\u2019oubliez pas d\u2019accompagner votre plat d\u2019une boisson pr\u00e9par\u00e9e dans la brasserie du pub.<\/p>\n","protected":false},"excerpt":{"rendered":"<p>Connu pour ses salles \u00e0 th\u00e8me et sa propre ferme bio, le Slovak Pub est le plus grand de Bratislava (et \u00e9galement l\u2019un des plus populaires). Profitez d\u2019une atmosph\u00e8re unique, avec chacune de ses 11\u00a0salles con\u00e7ues pour \u00e9voquer diff\u00e9rentes \u00e9poques de l\u2019histoire slovaque, de la Chasse du berger vieille de 200\u00a0ans \u00e0 la salle des [&hellip;]<\/p>\n","protected":false},"author":1,"featured_media":3032,"parent":4230,"menu_order":0,"comment_status":"closed","ping_status":"closed","template":"tpl-location.php","meta":{"_acf_changed":false,"footnotes":""},"acf":{"address":"62 613, Obchodn\u00e1, 811 06 Bratislava, Slovakia","location_type":"restaurant","map_link":"https:\/\/www.google.com\/maps\/place\/Slovak+Pub\/@48.148371,17.1123577,15z\/data=!4m5!3m4!1s0x0:0x1261e75938998ecc!8m2!3d48.148371!4d17.1123577","trip_advisor":"https:\/\/www.tripadvisor.com\/Restaurant_Review-g274924-d697348-Reviews-Slovak_Pub-Bratislava_Bratislava_Region.html","coordinates":{"latitude":"48.148371","longitude":"17.1123577"},"charging_stations":[{"charging_station":"Type 2 43kW: Kaufland, Trnavska Cesta (3.8km \/ 14 min)"}]},"aioseo_notices":[],"_links":{"self":[{"href":"https:\/\/nissantravelguide.com\/fr\/wp-json\/wp\/v2\/pages\/4177"}],"collection":[{"href":"https:\/\/nissantravelguide.com\/fr\/wp-json\/wp\/v2\/pages"}],"about":[{"href":"https:\/\/nissantravelguide.com\/fr\/wp-json\/wp\/v2\/types\/page"}],"author":[{"embeddable":true,"href":"https:\/\/nissantravelguide.com\/fr\/wp-json\/wp\/v2\/users\/1"}],"replies":[{"embeddable":true,"href":"https:\/\/nissantravelguide.com\/fr\/wp-json\/wp\/v2\/comments?post=4177"}],"version-history":[{"count":0,"href":"https:\/\/nissantravelguide.com\/fr\/wp-json\/wp\/v2\/pages\/4177\/revisions"}],"up":[{"embeddable":true,"href":"https:\/\/nissantravelguide.com\/fr\/wp-json\/wp\/v2\/pages\/4230"}],"wp:featuredmedia":[{"embeddable":true,"href":"https:\/\/nissantravelguide.com\/fr\/wp-json\/wp\/v2\/media\/3032"}],"wp:attachment":[{"href":"https:\/\/nissantravelguide.com\/fr\/wp-json\/wp\/v2\/media?parent=4177"}],"curies":[{"name":"wp","href":"https:\/\/api.w.org\/{rel}","templated":true}]}}