{"id":4178,"date":"2022-12-12T16:57:41","date_gmt":"2022-12-12T16:57:41","guid":{"rendered":"https:\/\/nissantravelguide.com\/sad-janka-krala\/"},"modified":"2022-12-12T16:57:41","modified_gmt":"2022-12-12T16:57:41","slug":"sad-janka-krala","status":"publish","type":"page","link":"https:\/\/nissantravelguide.com\/fr\/bratislava\/sad-janka-krala\/","title":{"rendered":"Sad Janka Kr\u00e1\u013ea"},"content":{"rendered":"<p class=\"p1\">Vous avez envie d\u2019un moment pour vous d\u00e9tendre\u00a0? Perdez-vous dans l\u2019oasis verdoyante et paisible de Sad Janka Kr\u00e1l\u2019a, le plus ancien parc public d\u2019Europe centrale. Vous oublierez que vous \u00eates au c\u0153ur d\u2019une ville anim\u00e9e, en vous d\u00e9tendant et en admirant la beaut\u00e9 naturelle de ce havre de paix. Situ\u00e9 entre l\u2019ancien pont et le nouveau pont, c\u2019est l\u2019endroit id\u00e9al pour une promenade, qui vous permettra de profiter de l\u2019architecture contrast\u00e9e de Bratislava combinant l\u2019ancien et le nouveau monde.<\/p>\n<p class=\"p1\">Et pendant que vous prenez le temps de vous ressourcer, n\u2019oubliez pas que votre voiture a besoin d\u2019un moment pour faire de m\u00eame. Profitez des bornes de recharge locales, en stationnant votre voiture au centre commercial Aupark \u00e0 proximit\u00e9.<\/p>\n","protected":false},"excerpt":{"rendered":"<p>Vous avez envie d\u2019un moment pour vous d\u00e9tendre\u00a0? Perdez-vous dans l\u2019oasis verdoyante et paisible de Sad Janka Kr\u00e1l\u2019a, le plus ancien parc public d\u2019Europe centrale. Vous oublierez que vous \u00eates au c\u0153ur d\u2019une ville anim\u00e9e, en vous d\u00e9tendant et en admirant la beaut\u00e9 naturelle de ce havre de paix. Situ\u00e9 entre l\u2019ancien pont et le [&hellip;]<\/p>\n","protected":false},"author":1,"featured_media":3017,"parent":4230,"menu_order":0,"comment_status":"closed","ping_status":"closed","template":"tpl-location.php","meta":{"_acf_changed":false,"footnotes":""},"acf":{"address":"Sad Janka Kr\u00e1\u013ea, 851 01 Petr\u017ealka, Slovakia","location_type":"beauty","map_link":"https:\/\/www.google.com\/maps\/place\/Sad+Janka+Kr%C3%A1%C4%BEa\/@48.1352454,17.1097314,15z\/data=!4m5!3m4!1s0x0:0xf2853fcb91ce053c!8m2!3d48.1352454!4d17.1097314","trip_advisor":"https:\/\/www.tripadvisor.co.uk\/Attraction_Review-g274924-d4155320-Reviews-Sad_Janka_KraLa-Bratislava_Bratislava_Region.html","coordinates":{"latitude":"48.1352454","longitude":"17.1097314"},"charging_stations":[{"charging_station":"Type 2, 22kW: Aupark Shopping Center Car Park (950m \/ 3 min)"}]},"aioseo_notices":[],"_links":{"self":[{"href":"https:\/\/nissantravelguide.com\/fr\/wp-json\/wp\/v2\/pages\/4178"}],"collection":[{"href":"https:\/\/nissantravelguide.com\/fr\/wp-json\/wp\/v2\/pages"}],"about":[{"href":"https:\/\/nissantravelguide.com\/fr\/wp-json\/wp\/v2\/types\/page"}],"author":[{"embeddable":true,"href":"https:\/\/nissantravelguide.com\/fr\/wp-json\/wp\/v2\/users\/1"}],"replies":[{"embeddable":true,"href":"https:\/\/nissantravelguide.com\/fr\/wp-json\/wp\/v2\/comments?post=4178"}],"version-history":[{"count":0,"href":"https:\/\/nissantravelguide.com\/fr\/wp-json\/wp\/v2\/pages\/4178\/revisions"}],"up":[{"embeddable":true,"href":"https:\/\/nissantravelguide.com\/fr\/wp-json\/wp\/v2\/pages\/4230"}],"wp:featuredmedia":[{"embeddable":true,"href":"https:\/\/nissantravelguide.com\/fr\/wp-json\/wp\/v2\/media\/3017"}],"wp:attachment":[{"href":"https:\/\/nissantravelguide.com\/fr\/wp-json\/wp\/v2\/media?parent=4178"}],"curies":[{"name":"wp","href":"https:\/\/api.w.org\/{rel}","templated":true}]}}