{"id":4179,"date":"2022-12-12T16:57:52","date_gmt":"2022-12-12T16:57:52","guid":{"rendered":"https:\/\/nissantravelguide.com\/devin\/"},"modified":"2022-12-12T16:57:52","modified_gmt":"2022-12-12T16:57:52","slug":"devin","status":"publish","type":"page","link":"https:\/\/nissantravelguide.com\/fr\/bratislava\/devin\/","title":{"rendered":"Devin"},"content":{"rendered":"<p class=\"p1\">Situ\u00e9 \u00e0 quelques kilom\u00e8tres \u00e0 l\u2019ouest de Bratislava, Devin est l\u2019un des plus anciens ch\u00e2teaux de Slovaquie, sur les rives du Danube. Vous pouvez visiter les ruines ou vous promener le long du fleuve. Il est facile de comprendre pourquoi Devin est l\u2019un des sites les plus visit\u00e9s de Slovaquie. La vue est tout simplement \u00e0 couper le souffle, et vous pouvez m\u00eame voir Vienne et les sommets enneig\u00e9s des Alpes autrichiennes. L\u2019emplacement est \u00e9galement bien connu pour son vin de groseille.<span class=\"Apple-converted-space\">\u00a0<\/span><\/p>\n","protected":false},"excerpt":{"rendered":"<p>Situ\u00e9 \u00e0 quelques kilom\u00e8tres \u00e0 l\u2019ouest de Bratislava, Devin est l\u2019un des plus anciens ch\u00e2teaux de Slovaquie, sur les rives du Danube. Vous pouvez visiter les ruines ou vous promener le long du fleuve. Il est facile de comprendre pourquoi Devin est l\u2019un des sites les plus visit\u00e9s de Slovaquie. La vue est tout simplement [&hellip;]<\/p>\n","protected":false},"author":1,"featured_media":2943,"parent":4230,"menu_order":0,"comment_status":"closed","ping_status":"closed","template":"tpl-location.php","meta":{"_acf_changed":false,"footnotes":""},"acf":{"address":"841 10 Bratislava Slovakia","location_type":"beauty","map_link":"https:\/\/goo.gl\/maps\/wUaVeBrYb9Tmgou48","trip_advisor":"https:\/\/www.tripadvisor.co.uk\/Attraction_Review-g274924-d290673-Reviews-Devin_Castle-Bratislava_Bratislava_Region.html","coordinates":{"latitude":"48.1765565","longitude":"16.9854218"},"charging_stations":[{"charging_station":"Type 2 22.1kW \/ CCS 50kW CHAdeMO 50kW: Star\u00e9 Grunty 56, 841 04 Bratislava, Slovakia (9.8km \/ 15 min) "}]},"aioseo_notices":[],"_links":{"self":[{"href":"https:\/\/nissantravelguide.com\/fr\/wp-json\/wp\/v2\/pages\/4179"}],"collection":[{"href":"https:\/\/nissantravelguide.com\/fr\/wp-json\/wp\/v2\/pages"}],"about":[{"href":"https:\/\/nissantravelguide.com\/fr\/wp-json\/wp\/v2\/types\/page"}],"author":[{"embeddable":true,"href":"https:\/\/nissantravelguide.com\/fr\/wp-json\/wp\/v2\/users\/1"}],"replies":[{"embeddable":true,"href":"https:\/\/nissantravelguide.com\/fr\/wp-json\/wp\/v2\/comments?post=4179"}],"version-history":[{"count":0,"href":"https:\/\/nissantravelguide.com\/fr\/wp-json\/wp\/v2\/pages\/4179\/revisions"}],"up":[{"embeddable":true,"href":"https:\/\/nissantravelguide.com\/fr\/wp-json\/wp\/v2\/pages\/4230"}],"wp:featuredmedia":[{"embeddable":true,"href":"https:\/\/nissantravelguide.com\/fr\/wp-json\/wp\/v2\/media\/2943"}],"wp:attachment":[{"href":"https:\/\/nissantravelguide.com\/fr\/wp-json\/wp\/v2\/media?parent=4179"}],"curies":[{"name":"wp","href":"https:\/\/api.w.org\/{rel}","templated":true}]}}