{"id":4180,"date":"2022-12-12T16:58:24","date_gmt":"2022-12-12T16:58:24","guid":{"rendered":"https:\/\/nissantravelguide.com\/vieille-ville\/"},"modified":"2022-12-12T16:58:24","modified_gmt":"2022-12-12T16:58:24","slug":"vieille-ville","status":"publish","type":"page","link":"https:\/\/nissantravelguide.com\/fr\/bratislava\/vieille-ville\/","title":{"rendered":"Vieille ville"},"content":{"rendered":"<p class=\"p1\">Remontez le temps et visitez le c\u0153ur historique de Bratislava. La vieille ville est un m\u00e9lange \u00e9clectique de styles d\u2019architecture extraordinaires et vari\u00e9s, dont un ch\u00e2teau m\u00e9di\u00e9val et des b\u00e2timents restaur\u00e9s \u00e0 leur beaut\u00e9 originale. Il vaut certainement la peine de se promener dans les nombreuses ruelles pav\u00e9es et de profiter de la splendeur des palais baroques, tout en vous impr\u00e9gnant de l\u2019atmosph\u00e8re anim\u00e9e de la ville. De plus, avec une grande vari\u00e9t\u00e9 de restaurants, de gargotes, de vie nocturne et de boutiques, vous aurez du mal \u00e0 avoir faim pendant votre exploration.<span class=\"Apple-converted-space\">\u00a0<\/span><\/p>\n","protected":false},"excerpt":{"rendered":"<p>Remontez le temps et visitez le c\u0153ur historique de Bratislava. La vieille ville est un m\u00e9lange \u00e9clectique de styles d\u2019architecture extraordinaires et vari\u00e9s, dont un ch\u00e2teau m\u00e9di\u00e9val et des b\u00e2timents restaur\u00e9s \u00e0 leur beaut\u00e9 originale. Il vaut certainement la peine de se promener dans les nombreuses ruelles pav\u00e9es et de profiter de la splendeur des [&hellip;]<\/p>\n","protected":false},"author":1,"featured_media":2988,"parent":4230,"menu_order":0,"comment_status":"closed","ping_status":"closed","template":"tpl-location.php","meta":{"_acf_changed":false,"footnotes":""},"acf":{"address":"Star\u00e9 Mesto, Slovakia","location_type":"beauty","map_link":"https:\/\/www.google.com\/maps\/place\/Old+Town,+Slovakia\/@48.1562582,17.102516,14z\/data=!3m1!4b1!4m5!3m4!1s0x476c895b04c53fd5:0x2600f7d2cfb8d0c2!8m2!3d48.148598!4d17.1077474","trip_advisor":"https:\/\/www.tripadvisor.co.uk\/Attraction_Review-g274924-d290671-Reviews-Bratislava_Old_Town-Bratislava_Bratislava_Region.html","coordinates":{"latitude":"48.1562582","longitude":"17.102516"},"charging_stations":[{"charging_station":"Type 2, 43kW: Kaufland, Trnavska Cesta (4.5km \/ 17 min)"}]},"aioseo_notices":[],"_links":{"self":[{"href":"https:\/\/nissantravelguide.com\/fr\/wp-json\/wp\/v2\/pages\/4180"}],"collection":[{"href":"https:\/\/nissantravelguide.com\/fr\/wp-json\/wp\/v2\/pages"}],"about":[{"href":"https:\/\/nissantravelguide.com\/fr\/wp-json\/wp\/v2\/types\/page"}],"author":[{"embeddable":true,"href":"https:\/\/nissantravelguide.com\/fr\/wp-json\/wp\/v2\/users\/1"}],"replies":[{"embeddable":true,"href":"https:\/\/nissantravelguide.com\/fr\/wp-json\/wp\/v2\/comments?post=4180"}],"version-history":[{"count":0,"href":"https:\/\/nissantravelguide.com\/fr\/wp-json\/wp\/v2\/pages\/4180\/revisions"}],"up":[{"embeddable":true,"href":"https:\/\/nissantravelguide.com\/fr\/wp-json\/wp\/v2\/pages\/4230"}],"wp:featuredmedia":[{"embeddable":true,"href":"https:\/\/nissantravelguide.com\/fr\/wp-json\/wp\/v2\/media\/2988"}],"wp:attachment":[{"href":"https:\/\/nissantravelguide.com\/fr\/wp-json\/wp\/v2\/media?parent=4180"}],"curies":[{"name":"wp","href":"https:\/\/api.w.org\/{rel}","templated":true}]}}