{"id":4181,"date":"2022-12-12T16:59:51","date_gmt":"2022-12-12T16:59:51","guid":{"rendered":"https:\/\/nissantravelguide.com\/hotel-clark\/"},"modified":"2022-12-12T16:59:51","modified_gmt":"2022-12-12T16:59:51","slug":"hotel-clark","status":"publish","type":"page","link":"https:\/\/nissantravelguide.com\/fr\/budapest\/hotel-clark\/","title":{"rendered":"Hotel Clark"},"content":{"rendered":"<p class=\"p1\">Si vous \u00eates \u00e0 la recherche d\u2019un lieu \u00e9l\u00e9gant et exclusif pour s\u00e9journer pendant votre voyage, l\u2019H\u00f4tel Clark vous propose exactement cela. C\u2019est un h\u00f4tel r\u00e9serv\u00e9 aux adultes o\u00f9 la tradition et le design moderne se rencontrent, cr\u00e9ant un environnement extr\u00eamement confortable \u00e0 partir duquel vous pouvez commencer votre exploration de Budapest. Surplombant le c\u00e9l\u00e8bre pont aux cha\u00eenes, l\u2019h\u00f4tel se trouve pr\u00e8s des rives du Danube, du quartier du ch\u00e2teau et du c\u0153ur touristique de Pest, non loin de l\u00e0.<\/p>\n","protected":false},"excerpt":{"rendered":"<p>Si vous \u00eates \u00e0 la recherche d\u2019un lieu \u00e9l\u00e9gant et exclusif pour s\u00e9journer pendant votre voyage, l\u2019H\u00f4tel Clark vous propose exactement cela. C\u2019est un h\u00f4tel r\u00e9serv\u00e9 aux adultes o\u00f9 la tradition et le design moderne se rencontrent, cr\u00e9ant un environnement extr\u00eamement confortable \u00e0 partir duquel vous pouvez commencer votre exploration de Budapest. Surplombant le c\u00e9l\u00e8bre [&hellip;]<\/p>\n","protected":false},"author":1,"featured_media":3196,"parent":4231,"menu_order":0,"comment_status":"closed","ping_status":"closed","template":"tpl-location.php","meta":{"_acf_changed":false,"footnotes":""},"acf":{"address":"Budapest, Clark \u00c1d\u00e1m t\u00e9r 1, 1013 Hungary","location_type":"hotel","map_link":"https:\/\/www.google.com\/maps\/place\/Hotel+Clark+Budapest\/@47.4986712,19.0399433,15z\/data=!4m2!3m1!1s0x0:0xe97e4946649ecc5d?sa=X&ved=2ahUKEwj3pbDpjML6AhUrQ0EAHcFODA4Q_BJ6BQiBARAF","trip_advisor":"https:\/\/www.tripadvisor.co.uk\/Hotel_Review-g274887-d13392862-Reviews-Hotel_Clark_Budapest-Budapest_Central_Hungary.html","coordinates":{"latitude":"47.4986712","longitude":"19.0399433"},"charging_stations":[{"charging_station":"CHAdeMO (22.4kW) \/ CCS (22.4kW): Lovas Ut 41, 1012 (1.9km \/ 6 min)"}]},"aioseo_notices":[],"_links":{"self":[{"href":"https:\/\/nissantravelguide.com\/fr\/wp-json\/wp\/v2\/pages\/4181"}],"collection":[{"href":"https:\/\/nissantravelguide.com\/fr\/wp-json\/wp\/v2\/pages"}],"about":[{"href":"https:\/\/nissantravelguide.com\/fr\/wp-json\/wp\/v2\/types\/page"}],"author":[{"embeddable":true,"href":"https:\/\/nissantravelguide.com\/fr\/wp-json\/wp\/v2\/users\/1"}],"replies":[{"embeddable":true,"href":"https:\/\/nissantravelguide.com\/fr\/wp-json\/wp\/v2\/comments?post=4181"}],"version-history":[{"count":0,"href":"https:\/\/nissantravelguide.com\/fr\/wp-json\/wp\/v2\/pages\/4181\/revisions"}],"up":[{"embeddable":true,"href":"https:\/\/nissantravelguide.com\/fr\/wp-json\/wp\/v2\/pages\/4231"}],"wp:featuredmedia":[{"embeddable":true,"href":"https:\/\/nissantravelguide.com\/fr\/wp-json\/wp\/v2\/media\/3196"}],"wp:attachment":[{"href":"https:\/\/nissantravelguide.com\/fr\/wp-json\/wp\/v2\/media?parent=4181"}],"curies":[{"name":"wp","href":"https:\/\/api.w.org\/{rel}","templated":true}]}}