{"id":4182,"date":"2022-12-12T17:00:04","date_gmt":"2022-12-12T17:00:04","guid":{"rendered":"https:\/\/nissantravelguide.com\/domus-peregrini-apartments\/"},"modified":"2022-12-12T17:00:04","modified_gmt":"2022-12-12T17:00:04","slug":"domus-peregrini-apartments","status":"publish","type":"page","link":"https:\/\/nissantravelguide.com\/fr\/budapest\/domus-peregrini-apartments\/","title":{"rendered":"Domus Peregrini Apartments"},"content":{"rendered":"<p class=\"p1\">Si vous partez de Budapest pour Vienne ou Bratislava, la ville de Gy\u0151r s\u2019impose. En fait, quitter l\u2019autoroute et suivre la route nationale vous permettra de profiter de routes pittoresques vous emmenant \u00e0 travers les vignobles, les ch\u00e2teaux et les abbayes m\u00e9di\u00e9vales. Les appartements Domus Peregini sont une excellente escale.<\/p>\n","protected":false},"excerpt":{"rendered":"<p>Si vous partez de Budapest pour Vienne ou Bratislava, la ville de Gy\u0151r s\u2019impose. En fait, quitter l\u2019autoroute et suivre la route nationale vous permettra de profiter de routes pittoresques vous emmenant \u00e0 travers les vignobles, les ch\u00e2teaux et les abbayes m\u00e9di\u00e9vales. Les appartements Domus Peregini sont une excellente escale.<\/p>\n","protected":false},"author":1,"featured_media":3126,"parent":4231,"menu_order":0,"comment_status":"closed","ping_status":"closed","template":"tpl-location.php","meta":{"_acf_changed":false,"footnotes":""},"acf":{"address":"Gy\u0151r, K\u00e1ptalandomb 8, 9021 Hungary","location_type":"hotel","map_link":"https:\/\/g.page\/domus-peregrini-apartmanok?share","trip_advisor":"https:\/\/www.tripadvisor.ca\/Hotel_Review-g274893-d21278428-Reviews-Domus_Peregrini_Apartmanok-Gyor_Gyor_Moson_Sopron_County_Central_Transdanubia.html","coordinates":{"latitude":"47.6883308","longitude":"17.6318387"},"charging_stations":[{"charging_station":"Type 2 22kW \/ CCS 75.2kW: Gy\u0151r, Audi Hung\u00e1ria \u00fat 1, 9027 Hungary (6.6km \/ 12 min)"}]},"aioseo_notices":[],"_links":{"self":[{"href":"https:\/\/nissantravelguide.com\/fr\/wp-json\/wp\/v2\/pages\/4182"}],"collection":[{"href":"https:\/\/nissantravelguide.com\/fr\/wp-json\/wp\/v2\/pages"}],"about":[{"href":"https:\/\/nissantravelguide.com\/fr\/wp-json\/wp\/v2\/types\/page"}],"author":[{"embeddable":true,"href":"https:\/\/nissantravelguide.com\/fr\/wp-json\/wp\/v2\/users\/1"}],"replies":[{"embeddable":true,"href":"https:\/\/nissantravelguide.com\/fr\/wp-json\/wp\/v2\/comments?post=4182"}],"version-history":[{"count":0,"href":"https:\/\/nissantravelguide.com\/fr\/wp-json\/wp\/v2\/pages\/4182\/revisions"}],"up":[{"embeddable":true,"href":"https:\/\/nissantravelguide.com\/fr\/wp-json\/wp\/v2\/pages\/4231"}],"wp:featuredmedia":[{"embeddable":true,"href":"https:\/\/nissantravelguide.com\/fr\/wp-json\/wp\/v2\/media\/3126"}],"wp:attachment":[{"href":"https:\/\/nissantravelguide.com\/fr\/wp-json\/wp\/v2\/media?parent=4182"}],"curies":[{"name":"wp","href":"https:\/\/api.w.org\/{rel}","templated":true}]}}