{"id":4183,"date":"2022-12-12T17:00:21","date_gmt":"2022-12-12T17:00:21","guid":{"rendered":"https:\/\/nissantravelguide.com\/up-hotel-budapest\/"},"modified":"2022-12-12T17:00:21","modified_gmt":"2022-12-12T17:00:21","slug":"up-hotel-budapest","status":"publish","type":"page","link":"https:\/\/nissantravelguide.com\/fr\/budapest\/up-hotel-budapest\/","title":{"rendered":"Up Hotel Budapest"},"content":{"rendered":"<p class=\"p1\">Situ\u00e9 dans le quartier anim\u00e9 de Ter\u00e9zv\u00e1ros, l\u2019Up Hotel est \u00e0 c\u00f4t\u00e9 du Broadway de Budapest. Il n\u2019est pas trop loin non plus de l\u2019embl\u00e9matique b\u00e2timent du Parlement hongrois. L\u2019h\u00f4tel est construit autour d\u2019une \u00ab\u00a0hospitalit\u00e9 intelligente\u00a0\u00bb, utilisant la technologie pour cr\u00e9er un environnement moderne et d\u00e9contract\u00e9 o\u00f9 tout est facile. Et bien s\u00fbr, ce style avant-gardiste se concentre davantage sur la durabilit\u00e9. Le Bistro Posner de l\u2019h\u00f4tel, qui abritait autrefois une imprimerie du XIXe si\u00e8cle, fait \u00e9galement un clin d\u2019\u0153il au pass\u00e9. Au lieu d\u2019imprimer des copies, il sert d\u00e9sormais des plats dans une ambiance unique et tendance, avec des affiches incroyables, ce qui en fait un lieu incontournable pour les habitants et les visiteurs.<\/p>\n","protected":false},"excerpt":{"rendered":"<p>Situ\u00e9 dans le quartier anim\u00e9 de Ter\u00e9zv\u00e1ros, l\u2019Up Hotel est \u00e0 c\u00f4t\u00e9 du Broadway de Budapest. Il n\u2019est pas trop loin non plus de l\u2019embl\u00e9matique b\u00e2timent du Parlement hongrois. L\u2019h\u00f4tel est construit autour d\u2019une \u00ab\u00a0hospitalit\u00e9 intelligente\u00a0\u00bb, utilisant la technologie pour cr\u00e9er un environnement moderne et d\u00e9contract\u00e9 o\u00f9 tout est facile. Et bien s\u00fbr, ce style [&hellip;]<\/p>\n","protected":false},"author":1,"featured_media":3276,"parent":4231,"menu_order":0,"comment_status":"closed","ping_status":"closed","template":"tpl-location.php","meta":{"_acf_changed":false,"footnotes":""},"acf":{"address":"Budapest, Csengery u. 31, 1067 Hungary","location_type":"hotel","map_link":"https:\/\/www.google.com\/maps\/place\/Up+Hotel+Budapest\/@47.5051119,19.0672847,15z\/data=!4m8!3m7!1s0x0:0xd69c9ea7800bd219!5m2!4m1!1i2!8m2!3d47.5051119!4d19.0672847","trip_advisor":"https:\/\/www.tripadvisor.co.uk\/Hotel_Review-g274887-d20182086-Reviews-Up_Hotel_Budapest-Budapest_Central_Hungary.html","coordinates":{"latitude":"47.5051119","longitude":"19.0672847"},"charging_stations":[{"charging_station":"Type 2 (22kW): Bajza Ut 3, 1071 (2.0km \/ 7 min)"}]},"aioseo_notices":[],"_links":{"self":[{"href":"https:\/\/nissantravelguide.com\/fr\/wp-json\/wp\/v2\/pages\/4183"}],"collection":[{"href":"https:\/\/nissantravelguide.com\/fr\/wp-json\/wp\/v2\/pages"}],"about":[{"href":"https:\/\/nissantravelguide.com\/fr\/wp-json\/wp\/v2\/types\/page"}],"author":[{"embeddable":true,"href":"https:\/\/nissantravelguide.com\/fr\/wp-json\/wp\/v2\/users\/1"}],"replies":[{"embeddable":true,"href":"https:\/\/nissantravelguide.com\/fr\/wp-json\/wp\/v2\/comments?post=4183"}],"version-history":[{"count":0,"href":"https:\/\/nissantravelguide.com\/fr\/wp-json\/wp\/v2\/pages\/4183\/revisions"}],"up":[{"embeddable":true,"href":"https:\/\/nissantravelguide.com\/fr\/wp-json\/wp\/v2\/pages\/4231"}],"wp:featuredmedia":[{"embeddable":true,"href":"https:\/\/nissantravelguide.com\/fr\/wp-json\/wp\/v2\/media\/3276"}],"wp:attachment":[{"href":"https:\/\/nissantravelguide.com\/fr\/wp-json\/wp\/v2\/media?parent=4183"}],"curies":[{"name":"wp","href":"https:\/\/api.w.org\/{rel}","templated":true}]}}