{"id":4184,"date":"2022-12-12T17:00:42","date_gmt":"2022-12-12T17:00:42","guid":{"rendered":"https:\/\/nissantravelguide.com\/hotel-cortile-budapest\/"},"modified":"2022-12-12T17:00:42","modified_gmt":"2022-12-12T17:00:42","slug":"hotel-cortile-budapest","status":"publish","type":"page","link":"https:\/\/nissantravelguide.com\/fr\/budapest\/hotel-cortile-budapest\/","title":{"rendered":"H\u00f4tel Cortile Budapest"},"content":{"rendered":"<p class=\"p1\">Emplacement central\u00a0? Oui. \u00c0 quelques pas des meilleurs bars, restaurants et attractions de Budapest, y compris la Maison hongroise de la photographie\u00a0? Oui. Piscine sur le toit\u00a0? Encore une fois, oui. Il n\u2019y a pas grand-chose que l\u2019h\u00f4tel Cortile Budapest r\u00e9serv\u00e9 aux adultes ne poss\u00e8de pas, ce qui en fait un point de d\u00e9part id\u00e9al pour explorer la ville. Profitez d\u2019un s\u00e9jour relaxant dans l\u2019une des quatre chambres avec des th\u00e8mes inspir\u00e9s par la nature et d\u00e9gustez les produits les plus frais des fournisseurs locaux au petit-d\u00e9jeuner. L\u2019h\u00f4tel poss\u00e8de \u00e9galement un respect de l\u2019environnement impeccable, utilisant des pratiques respectueuses de l\u2019environnement dans tout le b\u00e2timent, de la g\u00e9othermie \u00e0 l\u2019\u00e9nergie solaire pour le chauffage, en passant par la lessive \u00e9cologique.<\/p>\n","protected":false},"excerpt":{"rendered":"<p>Emplacement central\u00a0? Oui. \u00c0 quelques pas des meilleurs bars, restaurants et attractions de Budapest, y compris la Maison hongroise de la photographie\u00a0? Oui. Piscine sur le toit\u00a0? Encore une fois, oui. Il n\u2019y a pas grand-chose que l\u2019h\u00f4tel Cortile Budapest r\u00e9serv\u00e9 aux adultes ne poss\u00e8de pas, ce qui en fait un point de d\u00e9part id\u00e9al [&hellip;]<\/p>\n","protected":false},"author":1,"featured_media":3096,"parent":4231,"menu_order":0,"comment_status":"closed","ping_status":"closed","template":"tpl-location.php","meta":{"_acf_changed":false,"footnotes":""},"acf":{"address":"Budapest, Dessewffy u. 14, 1066 Hungary","location_type":"hotel","map_link":"https:\/\/www.google.com\/maps\/place\/Cortile+Budapest+Hotel\/@47.5049602,19.0565027,15z\/data=!4m2!3m1!1s0x0:0xe0bdf359c1e87105?sa=X&ved=2ahUKEwiEx5PMsN_6AhUGLsAKHb4qD5UQ_BJ6BAh5EAU","trip_advisor":"https:\/\/www.tripadvisor.co.uk\/Hotel_Review-g274887-d19138993-Reviews-Cortile_Budapest_Hotel-Budapest_Central_Hungary.html","coordinates":{"latitude":"47.5049602","longitude":"19.0565027"},"charging_stations":[{"charging_station":"Type 2 (22kW): Bajza Ut 3, 1071 (2.3km \/ 8 min)"}]},"aioseo_notices":[],"_links":{"self":[{"href":"https:\/\/nissantravelguide.com\/fr\/wp-json\/wp\/v2\/pages\/4184"}],"collection":[{"href":"https:\/\/nissantravelguide.com\/fr\/wp-json\/wp\/v2\/pages"}],"about":[{"href":"https:\/\/nissantravelguide.com\/fr\/wp-json\/wp\/v2\/types\/page"}],"author":[{"embeddable":true,"href":"https:\/\/nissantravelguide.com\/fr\/wp-json\/wp\/v2\/users\/1"}],"replies":[{"embeddable":true,"href":"https:\/\/nissantravelguide.com\/fr\/wp-json\/wp\/v2\/comments?post=4184"}],"version-history":[{"count":0,"href":"https:\/\/nissantravelguide.com\/fr\/wp-json\/wp\/v2\/pages\/4184\/revisions"}],"up":[{"embeddable":true,"href":"https:\/\/nissantravelguide.com\/fr\/wp-json\/wp\/v2\/pages\/4231"}],"wp:featuredmedia":[{"embeddable":true,"href":"https:\/\/nissantravelguide.com\/fr\/wp-json\/wp\/v2\/media\/3096"}],"wp:attachment":[{"href":"https:\/\/nissantravelguide.com\/fr\/wp-json\/wp\/v2\/media?parent=4184"}],"curies":[{"name":"wp","href":"https:\/\/api.w.org\/{rel}","templated":true}]}}