{"id":4185,"date":"2022-12-12T17:00:54","date_gmt":"2022-12-12T17:00:54","guid":{"rendered":"https:\/\/nissantravelguide.com\/deryne\/"},"modified":"2022-12-12T17:00:54","modified_gmt":"2022-12-12T17:00:54","slug":"deryne","status":"publish","type":"page","link":"https:\/\/nissantravelguide.com\/fr\/budapest\/deryne\/","title":{"rendered":"D\u00e9ryn\u00e9"},"content":{"rendered":"<p class=\"p1\">Le Bistro D\u00e9ryn\u00e9 est un lieu de pr\u00e9dilection local pour les artistes, les professionnels et les stars de cin\u00e9ma. Ce restaurant sert d\u2019authentiques plats de bistrot et est probablement plus connu pour son choix d\u2019hu\u00eetres, de caviar et de steaks. Restaurant de renom, c\u2019est le plus grand et le plus ancien de la ville, et recommand\u00e9 par le guide Michelin depuis 2014. Que vous vous rendiez \u00e0 la boulangerie et \u00e0 la confiserie maison, ou dans un bar avec de la musique live en fin de soir\u00e9e, laissez-vous s\u00e9duire par une v\u00e9ritable exp\u00e9rience branch\u00e9e \u00e0 Buda, loin des pi\u00e8ges touristiques.<span class=\"s1\"><span class=\"Apple-converted-space\">\u00a0<\/span><\/span><\/p>\n","protected":false},"excerpt":{"rendered":"<p>Le Bistro D\u00e9ryn\u00e9 est un lieu de pr\u00e9dilection local pour les artistes, les professionnels et les stars de cin\u00e9ma. Ce restaurant sert d\u2019authentiques plats de bistrot et est probablement plus connu pour son choix d\u2019hu\u00eetres, de caviar et de steaks. Restaurant de renom, c\u2019est le plus grand et le plus ancien de la ville, et [&hellip;]<\/p>\n","protected":false},"author":1,"featured_media":3116,"parent":4231,"menu_order":0,"comment_status":"closed","ping_status":"closed","template":"tpl-location.php","meta":{"_acf_changed":false,"footnotes":""},"acf":{"address":"Budapest, Krisztina t\u00e9r 3, 1013 Hungary","location_type":"restaurant","map_link":"https:\/\/www.google.com\/maps\/place\/D%25C3%25A9ryn%25C3%25A9\/@47.4972401,19.0316417,15z\/data=!4m2!3m1!1s0x0:0x6a6ee7d8f6dfbe9e?sa=X&ved=2ahUKEwi5z7eOlML6AhWXSEEAHUqCDacQ_BJ6BAhxEAU","trip_advisor":"https:\/\/www.tripadvisor.co.uk\/Restaurant_Review-g274887-d1016692-Reviews-Deryne-Budapest_Central_Hungary.html","coordinates":{"latitude":"47.4972401","longitude":"19.0316417"},"charging_stations":[{"charging_station":"CHAdeMO 22.4kW CCS 22.4kW: Lovas Ut 41, 1012 (1.8km \/ 6 min)"}]},"aioseo_notices":[],"_links":{"self":[{"href":"https:\/\/nissantravelguide.com\/fr\/wp-json\/wp\/v2\/pages\/4185"}],"collection":[{"href":"https:\/\/nissantravelguide.com\/fr\/wp-json\/wp\/v2\/pages"}],"about":[{"href":"https:\/\/nissantravelguide.com\/fr\/wp-json\/wp\/v2\/types\/page"}],"author":[{"embeddable":true,"href":"https:\/\/nissantravelguide.com\/fr\/wp-json\/wp\/v2\/users\/1"}],"replies":[{"embeddable":true,"href":"https:\/\/nissantravelguide.com\/fr\/wp-json\/wp\/v2\/comments?post=4185"}],"version-history":[{"count":0,"href":"https:\/\/nissantravelguide.com\/fr\/wp-json\/wp\/v2\/pages\/4185\/revisions"}],"up":[{"embeddable":true,"href":"https:\/\/nissantravelguide.com\/fr\/wp-json\/wp\/v2\/pages\/4231"}],"wp:featuredmedia":[{"embeddable":true,"href":"https:\/\/nissantravelguide.com\/fr\/wp-json\/wp\/v2\/media\/3116"}],"wp:attachment":[{"href":"https:\/\/nissantravelguide.com\/fr\/wp-json\/wp\/v2\/media?parent=4185"}],"curies":[{"name":"wp","href":"https:\/\/api.w.org\/{rel}","templated":true}]}}