{"id":4186,"date":"2022-12-12T17:01:07","date_gmt":"2022-12-12T17:01:07","guid":{"rendered":"https:\/\/nissantravelguide.com\/hilda\/"},"modified":"2022-12-12T17:01:07","modified_gmt":"2022-12-12T17:01:07","slug":"hilda","status":"publish","type":"page","link":"https:\/\/nissantravelguide.com\/fr\/budapest\/hilda\/","title":{"rendered":"Hilda"},"content":{"rendered":"<p class=\"p1\">Tout juste au coin de la basilique Saint-\u00c9tienne se trouve un r\u00e9gal gastronomique pour les visiteurs de Budapest. B\u00e9n\u00e9ficiant de plusieurs si\u00e8cles d\u2019exp\u00e9rience culinaire, Hilda est l\u2019endroit id\u00e9al pour des sp\u00e9cialit\u00e9s de saison pleines de saveurs. Install\u00e9 dans une structure con\u00e7ue \u00e0 l\u2019origine par le c\u00e9l\u00e8bre architecte hongrois J\u00f3zsef Hild (qui a inspir\u00e9 le nom du restaurant), le restaurant pr\u00e9sente de magnifiques int\u00e9rieurs art d\u00e9co dans une ambiance \u00e9l\u00e9gante. La qualit\u00e9 et la durabilit\u00e9 sont les mots d\u2019ordre ici, de l\u2019utilisation de produits locaux au menu bio bihebdomadaire con\u00e7u autour de plats de la ferme \u00e0 la table. Vous ne voudrez pas passer \u00e0 c\u00f4t\u00e9\u2026<\/p>\n","protected":false},"excerpt":{"rendered":"<p>Tout juste au coin de la basilique Saint-\u00c9tienne se trouve un r\u00e9gal gastronomique pour les visiteurs de Budapest. B\u00e9n\u00e9ficiant de plusieurs si\u00e8cles d\u2019exp\u00e9rience culinaire, Hilda est l\u2019endroit id\u00e9al pour des sp\u00e9cialit\u00e9s de saison pleines de saveurs. Install\u00e9 dans une structure con\u00e7ue \u00e0 l\u2019origine par le c\u00e9l\u00e8bre architecte hongrois J\u00f3zsef Hild (qui a inspir\u00e9 le nom [&hellip;]<\/p>\n","protected":false},"author":1,"featured_media":3181,"parent":4231,"menu_order":0,"comment_status":"closed","ping_status":"closed","template":"tpl-location.php","meta":{"_acf_changed":false,"footnotes":""},"acf":{"address":"Budapest, N\u00e1dor u. 5, 1051 Hungary","location_type":"restaurant","map_link":"https:\/\/www.google.com\/maps\/place\/HILDA+Budapest\/@47.4995957,19.0497124,15z\/data=!4m5!3m4!1s0x0:0x589f5469224cc779!8m2!3d47.4995957!4d19.0497124","trip_advisor":"https:\/\/www.tripadvisor.co.uk\/Restaurant_Review-g274887-d11962520-Reviews-HILDA_Budapest-Budapest_Central_Hungary.html","coordinates":{"latitude":"47.4995957","longitude":"19.0497124"},"charging_stations":[{"charging_station":"Type 2 (22kW): Bajza Ut 3, 1071 (2.8km \/ 10 min)"}]},"aioseo_notices":[],"_links":{"self":[{"href":"https:\/\/nissantravelguide.com\/fr\/wp-json\/wp\/v2\/pages\/4186"}],"collection":[{"href":"https:\/\/nissantravelguide.com\/fr\/wp-json\/wp\/v2\/pages"}],"about":[{"href":"https:\/\/nissantravelguide.com\/fr\/wp-json\/wp\/v2\/types\/page"}],"author":[{"embeddable":true,"href":"https:\/\/nissantravelguide.com\/fr\/wp-json\/wp\/v2\/users\/1"}],"replies":[{"embeddable":true,"href":"https:\/\/nissantravelguide.com\/fr\/wp-json\/wp\/v2\/comments?post=4186"}],"version-history":[{"count":0,"href":"https:\/\/nissantravelguide.com\/fr\/wp-json\/wp\/v2\/pages\/4186\/revisions"}],"up":[{"embeddable":true,"href":"https:\/\/nissantravelguide.com\/fr\/wp-json\/wp\/v2\/pages\/4231"}],"wp:featuredmedia":[{"embeddable":true,"href":"https:\/\/nissantravelguide.com\/fr\/wp-json\/wp\/v2\/media\/3181"}],"wp:attachment":[{"href":"https:\/\/nissantravelguide.com\/fr\/wp-json\/wp\/v2\/media?parent=4186"}],"curies":[{"name":"wp","href":"https:\/\/api.w.org\/{rel}","templated":true}]}}