{"id":4187,"date":"2022-12-12T17:01:19","date_gmt":"2022-12-12T17:01:19","guid":{"rendered":"https:\/\/nissantravelguide.com\/la-perle-noire\/"},"modified":"2022-12-12T17:01:19","modified_gmt":"2022-12-12T17:01:19","slug":"la-perle-noire","status":"publish","type":"page","link":"https:\/\/nissantravelguide.com\/fr\/budapest\/la-perle-noire\/","title":{"rendered":"La Perle Noire"},"content":{"rendered":"<p class=\"p1\">Pratiquement \u00e0 c\u00f4t\u00e9 du magnifique City Park, La Perle Noire est un restaurant \u00e9l\u00e9gant et sophistiqu\u00e9 qui sert une cuisine de haute qualit\u00e9, des plats traditionnels hongrois \u00e0 la gastronomie fran\u00e7aise. L\u2019\u00e9thique du restaurant repose sur le respect de l\u2019environnement, c\u2019est pourquoi chaque ingr\u00e9dient utilis\u00e9 par la cuisine est biologique, frais et provenant de fermiers hongrois locaux. Et cela s\u2019ajoute au jardin d\u2019herbes et d\u2019\u00e9pices du restaurant. Nous sommes s\u00fbrs que vous ne serez pas d\u00e9\u00e7u, quel que soit le plat que vous choisissez\u00a0!<\/p>\n","protected":false},"excerpt":{"rendered":"<p>Pratiquement \u00e0 c\u00f4t\u00e9 du magnifique City Park, La Perle Noire est un restaurant \u00e9l\u00e9gant et sophistiqu\u00e9 qui sert une cuisine de haute qualit\u00e9, des plats traditionnels hongrois \u00e0 la gastronomie fran\u00e7aise. L\u2019\u00e9thique du restaurant repose sur le respect de l\u2019environnement, c\u2019est pourquoi chaque ingr\u00e9dient utilis\u00e9 par la cuisine est biologique, frais et provenant de fermiers [&hellip;]<\/p>\n","protected":false},"author":1,"featured_media":3231,"parent":4231,"menu_order":0,"comment_status":"closed","ping_status":"closed","template":"tpl-location.php","meta":{"_acf_changed":false,"footnotes":""},"acf":{"address":"Budapest, Andr\u00e1ssy \u00fat 111, 1063 Hungary","location_type":"restaurant","map_link":"https:\/\/www.google.com\/maps\/place\/La+Perle+Noire+Restaurant+%26+Lounge\/@47.5121653,19.0743102,15z\/data=!4m5!3m4!1s0x0:0xf6f1a90ab1c0cc36!8m2!3d47.5121653!4d19.0743102","trip_advisor":"https:\/\/www.tripadvisor.co.uk\/Restaurant_Review-g274887-d4607670-Reviews-La_Perle_Noire_Restaurant_and_Lounge-Budapest_Central_Hungary.html","coordinates":{"latitude":"47.5121653","longitude":"19.0743102"},"charging_stations":[{"charging_station":"Type 2 (22kW): Bajza Ut 3, 1071 (700m \/ 2 min)"}]},"aioseo_notices":[],"_links":{"self":[{"href":"https:\/\/nissantravelguide.com\/fr\/wp-json\/wp\/v2\/pages\/4187"}],"collection":[{"href":"https:\/\/nissantravelguide.com\/fr\/wp-json\/wp\/v2\/pages"}],"about":[{"href":"https:\/\/nissantravelguide.com\/fr\/wp-json\/wp\/v2\/types\/page"}],"author":[{"embeddable":true,"href":"https:\/\/nissantravelguide.com\/fr\/wp-json\/wp\/v2\/users\/1"}],"replies":[{"embeddable":true,"href":"https:\/\/nissantravelguide.com\/fr\/wp-json\/wp\/v2\/comments?post=4187"}],"version-history":[{"count":0,"href":"https:\/\/nissantravelguide.com\/fr\/wp-json\/wp\/v2\/pages\/4187\/revisions"}],"up":[{"embeddable":true,"href":"https:\/\/nissantravelguide.com\/fr\/wp-json\/wp\/v2\/pages\/4231"}],"wp:featuredmedia":[{"embeddable":true,"href":"https:\/\/nissantravelguide.com\/fr\/wp-json\/wp\/v2\/media\/3231"}],"wp:attachment":[{"href":"https:\/\/nissantravelguide.com\/fr\/wp-json\/wp\/v2\/media?parent=4187"}],"curies":[{"name":"wp","href":"https:\/\/api.w.org\/{rel}","templated":true}]}}