{"id":4188,"date":"2022-12-12T17:01:38","date_gmt":"2022-12-12T17:01:38","guid":{"rendered":"https:\/\/nissantravelguide.com\/restaurant-robinson\/"},"modified":"2022-12-12T17:01:38","modified_gmt":"2022-12-12T17:01:38","slug":"restaurant-robinson","status":"publish","type":"page","link":"https:\/\/nissantravelguide.com\/fr\/budapest\/restaurant-robinson\/","title":{"rendered":"Restaurant Robinson"},"content":{"rendered":"<p class=\"p1\">Savourez une cuisine exceptionnelle avec une vue magnifique sur le lac V\u00e1rosliget (City Park) au restaurant Robinson, qui a accueilli plusieurs c\u00e9l\u00e9brit\u00e9s de renom au fil des ans\u00a0: Sylvester Stallone, David Bowie et Arnold Schwarzenegger pour ne citer que quelques noms\u00a0! Le menu change en fonction de la saison et propose une grande vari\u00e9t\u00e9 de choix allant de la cuisine traditionnelle hongroise aux repas italiens l\u00e9gers.<span class=\"Apple-converted-space\">\u00a0<\/span><\/p>\n","protected":false},"excerpt":{"rendered":"<p>Savourez une cuisine exceptionnelle avec une vue magnifique sur le lac V\u00e1rosliget (City Park) au restaurant Robinson, qui a accueilli plusieurs c\u00e9l\u00e9brit\u00e9s de renom au fil des ans\u00a0: Sylvester Stallone, David Bowie et Arnold Schwarzenegger pour ne citer que quelques noms\u00a0! Le menu change en fonction de la saison et propose une grande vari\u00e9t\u00e9 de [&hellip;]<\/p>\n","protected":false},"author":1,"featured_media":3256,"parent":4231,"menu_order":0,"comment_status":"closed","ping_status":"closed","template":"tpl-location.php","meta":{"_acf_changed":false,"footnotes":""},"acf":{"address":"Budapest, 1146 Hungary","location_type":"restaurant","map_link":"https:\/\/www.google.com\/maps\/place\/Robinson+Restaurant\/@47.516939,19.078145,15z\/data=!4m5!3m4!1s0x0:0xc09e6357df4510c0!8m2!3d47.516939!4d19.078145?hl=en","trip_advisor":"https:\/\/www.tripadvisor.com\/Restaurant_Review-g274887-d858391-Reviews-Robinson_Restaurant-Budapest_Central_Hungary.html","coordinates":{"latitude":"47.516939","longitude":"19.078145"},"charging_stations":[{"charging_station":"Type 2 (22kW): Bajza Ut 3, 1071 (1.5km \/ 4 min)"}]},"aioseo_notices":[],"_links":{"self":[{"href":"https:\/\/nissantravelguide.com\/fr\/wp-json\/wp\/v2\/pages\/4188"}],"collection":[{"href":"https:\/\/nissantravelguide.com\/fr\/wp-json\/wp\/v2\/pages"}],"about":[{"href":"https:\/\/nissantravelguide.com\/fr\/wp-json\/wp\/v2\/types\/page"}],"author":[{"embeddable":true,"href":"https:\/\/nissantravelguide.com\/fr\/wp-json\/wp\/v2\/users\/1"}],"replies":[{"embeddable":true,"href":"https:\/\/nissantravelguide.com\/fr\/wp-json\/wp\/v2\/comments?post=4188"}],"version-history":[{"count":0,"href":"https:\/\/nissantravelguide.com\/fr\/wp-json\/wp\/v2\/pages\/4188\/revisions"}],"up":[{"embeddable":true,"href":"https:\/\/nissantravelguide.com\/fr\/wp-json\/wp\/v2\/pages\/4231"}],"wp:featuredmedia":[{"embeddable":true,"href":"https:\/\/nissantravelguide.com\/fr\/wp-json\/wp\/v2\/media\/3256"}],"wp:attachment":[{"href":"https:\/\/nissantravelguide.com\/fr\/wp-json\/wp\/v2\/media?parent=4188"}],"curies":[{"name":"wp","href":"https:\/\/api.w.org\/{rel}","templated":true}]}}