{"id":4189,"date":"2022-12-12T17:01:53","date_gmt":"2022-12-12T17:01:53","guid":{"rendered":"https:\/\/nissantravelguide.com\/fenyes-nature-trail\/"},"modified":"2022-12-12T17:01:53","modified_gmt":"2022-12-12T17:01:53","slug":"fenyes-nature-trail","status":"publish","type":"page","link":"https:\/\/nissantravelguide.com\/fr\/budapest\/fenyes-nature-trail\/","title":{"rendered":"F\u00e9nyes Nature Trail"},"content":{"rendered":"<p class=\"p1\">\u00c0 une heure du quartier anim\u00e9 de Budapest, le F\u00e9nyes Nature Trail offre l\u2019occasion de se d\u00e9tendre et de se reconnecter \u00e0 la nature. Faisant partie de la for\u00eat de Tata, cette zone humide abrite une faune et une flore vari\u00e9es, et est \u00e9galement consid\u00e9r\u00e9e comme un endroit incontournable pour observer les oiseaux\u00a0! Le parcours mar\u00e9cageux circulaire de 1,6\u00a0km vous prendra environ une demi-heure et est id\u00e9al pour les familles.<span class=\"Apple-converted-space\">\u00a0<\/span><\/p>\n","protected":false},"excerpt":{"rendered":"<p>\u00c0 une heure du quartier anim\u00e9 de Budapest, le F\u00e9nyes Nature Trail offre l\u2019occasion de se d\u00e9tendre et de se reconnecter \u00e0 la nature. Faisant partie de la for\u00eat de Tata, cette zone humide abrite une faune et une flore vari\u00e9es, et est \u00e9galement consid\u00e9r\u00e9e comme un endroit incontournable pour observer les oiseaux\u00a0! Le parcours [&hellip;]<\/p>\n","protected":false},"author":1,"featured_media":3141,"parent":4231,"menu_order":0,"comment_status":"closed","ping_status":"closed","template":"tpl-location.php","meta":{"_acf_changed":false,"footnotes":""},"acf":{"address":"Tata, F\u00e9nyes Fasor, 2890 Hungary","location_type":"beauty","map_link":"https:\/\/www.google.com\/maps\/place\/F%C3%A9nyes+Nature+Trail\/@47.6669954,18.3077288,17z\/data=!3m1!4b1!4m5!3m4!1s0x476a4f6031ab7547:0x84e93dfe595a0223!8m2!3d47.6669954!4d18.3077288","trip_advisor":"https:\/\/www.tripadvisor.com\/Attraction_Review-g274917-d9567277-Reviews-Fenyes_Education_Trail_of_Tata-Tata_Komarom_Esztergom_County_Central_Transdanubia.html","coordinates":{"latitude":"47.6669954","longitude":"18.3077288"},"charging_stations":[{"charging_station":"CHAdeMO (50kW) \/ CCS (50kW) \/ Type 2 (22kW): Gyori Ut 35, 2800 (13.0km \/ 17 min)"}]},"aioseo_notices":[],"_links":{"self":[{"href":"https:\/\/nissantravelguide.com\/fr\/wp-json\/wp\/v2\/pages\/4189"}],"collection":[{"href":"https:\/\/nissantravelguide.com\/fr\/wp-json\/wp\/v2\/pages"}],"about":[{"href":"https:\/\/nissantravelguide.com\/fr\/wp-json\/wp\/v2\/types\/page"}],"author":[{"embeddable":true,"href":"https:\/\/nissantravelguide.com\/fr\/wp-json\/wp\/v2\/users\/1"}],"replies":[{"embeddable":true,"href":"https:\/\/nissantravelguide.com\/fr\/wp-json\/wp\/v2\/comments?post=4189"}],"version-history":[{"count":0,"href":"https:\/\/nissantravelguide.com\/fr\/wp-json\/wp\/v2\/pages\/4189\/revisions"}],"up":[{"embeddable":true,"href":"https:\/\/nissantravelguide.com\/fr\/wp-json\/wp\/v2\/pages\/4231"}],"wp:featuredmedia":[{"embeddable":true,"href":"https:\/\/nissantravelguide.com\/fr\/wp-json\/wp\/v2\/media\/3141"}],"wp:attachment":[{"href":"https:\/\/nissantravelguide.com\/fr\/wp-json\/wp\/v2\/media?parent=4189"}],"curies":[{"name":"wp","href":"https:\/\/api.w.org\/{rel}","templated":true}]}}