{"id":4190,"date":"2022-12-12T17:02:12","date_gmt":"2022-12-12T17:02:12","guid":{"rendered":"https:\/\/nissantravelguide.com\/varkert-bazar\/"},"modified":"2022-12-12T17:02:12","modified_gmt":"2022-12-12T17:02:12","slug":"varkert-bazar","status":"publish","type":"page","link":"https:\/\/nissantravelguide.com\/fr\/budapest\/varkert-bazar\/","title":{"rendered":"V\u00e1rkert Baz\u00e1r"},"content":{"rendered":"<p class=\"p1\">Le V\u00e1rkert Baz\u00e1r est un complexe n\u00e9o-Renaissance restaur\u00e9 sur le c\u00f4t\u00e9 de Castle Hill, qui surplombe le magnifique fleuve Buda, au pied du Palais royal. R\u00e9nov\u00e9e en 2014, cette vaste s\u00e9rie de promenades abrite d\u00e9sormais un espace culturel avec des espaces d\u2019exposition, un magnifique jardin de fleurs, un parc et un cin\u00e9ma. Associant pass\u00e9 et pr\u00e9sent, classique et moderne, culture et divertissement, le V\u00e1rkert Baz\u00e1r accueille une grande vari\u00e9t\u00e9 de concerts, d\u2019expositions et d\u2019initiatives culturelles passionnantes.<\/p>\n","protected":false},"excerpt":{"rendered":"<p>Le V\u00e1rkert Baz\u00e1r est un complexe n\u00e9o-Renaissance restaur\u00e9 sur le c\u00f4t\u00e9 de Castle Hill, qui surplombe le magnifique fleuve Buda, au pied du Palais royal. R\u00e9nov\u00e9e en 2014, cette vaste s\u00e9rie de promenades abrite d\u00e9sormais un espace culturel avec des espaces d\u2019exposition, un magnifique jardin de fleurs, un parc et un cin\u00e9ma. Associant pass\u00e9 et [&hellip;]<\/p>\n","protected":false},"author":1,"featured_media":3291,"parent":4231,"menu_order":0,"comment_status":"closed","ping_status":"closed","template":"tpl-location.php","meta":{"_acf_changed":false,"footnotes":""},"acf":{"address":"Budapest, Ybl Mikl\u00f3s t\u00e9r 2-6, 1013 Hungary","location_type":"beauty","map_link":"https:\/\/www.google.com\/maps\/place\/Castle+Garden+Bazaar\/@47.4949042,19.0426074,15z\/data=!4m5!3m4!1s0x0:0xd5817ed16b048e4a!8m2!3d47.4949067!4d19.0426174","trip_advisor":"https:\/\/www.tripadvisor.co.uk\/ShowUserReviews-g274887-d7178088-r492180070-Castle_Garden-Budapest_Central_Hungary.html","coordinates":{"latitude":"47.4949042","longitude":"19.0426074"},"charging_stations":[{"charging_station":"CHAdeMO (22.4kW) \/ CCS (22.4kW):  Lovas Ut 41, 1012 (2.5km \/ 7 min)"}]},"aioseo_notices":[],"_links":{"self":[{"href":"https:\/\/nissantravelguide.com\/fr\/wp-json\/wp\/v2\/pages\/4190"}],"collection":[{"href":"https:\/\/nissantravelguide.com\/fr\/wp-json\/wp\/v2\/pages"}],"about":[{"href":"https:\/\/nissantravelguide.com\/fr\/wp-json\/wp\/v2\/types\/page"}],"author":[{"embeddable":true,"href":"https:\/\/nissantravelguide.com\/fr\/wp-json\/wp\/v2\/users\/1"}],"replies":[{"embeddable":true,"href":"https:\/\/nissantravelguide.com\/fr\/wp-json\/wp\/v2\/comments?post=4190"}],"version-history":[{"count":0,"href":"https:\/\/nissantravelguide.com\/fr\/wp-json\/wp\/v2\/pages\/4190\/revisions"}],"up":[{"embeddable":true,"href":"https:\/\/nissantravelguide.com\/fr\/wp-json\/wp\/v2\/pages\/4231"}],"wp:featuredmedia":[{"embeddable":true,"href":"https:\/\/nissantravelguide.com\/fr\/wp-json\/wp\/v2\/media\/3291"}],"wp:attachment":[{"href":"https:\/\/nissantravelguide.com\/fr\/wp-json\/wp\/v2\/media?parent=4190"}],"curies":[{"name":"wp","href":"https:\/\/api.w.org\/{rel}","templated":true}]}}