{"id":4191,"date":"2022-12-12T17:02:30","date_gmt":"2022-12-12T17:02:30","guid":{"rendered":"https:\/\/nissantravelguide.com\/bastion-des-pecheurs\/"},"modified":"2022-12-12T17:02:30","modified_gmt":"2022-12-12T17:02:30","slug":"bastion-des-pecheurs","status":"publish","type":"page","link":"https:\/\/nissantravelguide.com\/fr\/budapest\/bastion-des-pecheurs\/","title":{"rendered":"Bastion des p\u00eacheurs"},"content":{"rendered":"<p class=\"p1\">Pour profiter des meilleures vues sur la ville, c\u2019est sans aucun doute un endroit incontournable. Orn\u00e9e de tourelles et de fl\u00e8ches complexes, la magnifique tour de guet offre les meilleures vues panoramiques de Budapest. Vous pouvez tout admirer depuis ce lieu unique\u00a0: le Parlement hongrois, les quatre ponts principaux de Budapest, la cath\u00e9drale Saint-\u00c9tienne, la colline de Gellert, l\u2019\u00eele de Margaret et le paysage urbain de Pest. C\u2019est l\u2019un des monuments les plus c\u00e9l\u00e8bres de la ville, et vous n\u2019aurez pas besoin de plus de 30\u00a0minutes pour explorer tout le Bastion des p\u00eacheurs et comprendre pourquoi.<\/p>\n","protected":false},"excerpt":{"rendered":"<p>Pour profiter des meilleures vues sur la ville, c\u2019est sans aucun doute un endroit incontournable. Orn\u00e9e de tourelles et de fl\u00e8ches complexes, la magnifique tour de guet offre les meilleures vues panoramiques de Budapest. Vous pouvez tout admirer depuis ce lieu unique\u00a0: le Parlement hongrois, les quatre ponts principaux de Budapest, la cath\u00e9drale Saint-\u00c9tienne, la [&hellip;]<\/p>\n","protected":false},"author":1,"featured_media":3151,"parent":4231,"menu_order":0,"comment_status":"closed","ping_status":"closed","template":"tpl-location.php","meta":{"_acf_changed":false,"footnotes":""},"acf":{"address":"Budapest, Szenth\u00e1roms\u00e1g t\u00e9r, 1014 Hungary","location_type":"beauty","map_link":"https:\/\/www.google.com\/maps\/place\/Fisherman's+Bastion\/@47.5021827,19.0347812,15z\/data=!4m5!3m4!1s0x0:0x2f263ca844235e46!8m2!3d47.5021827!4d19.0347812","trip_advisor":"https:\/\/www.tripadvisor.co.uk\/Attraction_Review-g274887-d21229283-Reviews-Fishermen_s_Bastion-Budapest_Central_Hungary.html","coordinates":{"latitude":"47.5021827","longitude":"19.0347812"},"charging_stations":[{"charging_station":"CHAdeMO (22.4kW) \/ CCS (22.4kW): Lovas Ut 41, 1012 (800m \/ 3 min)"}]},"aioseo_notices":[],"_links":{"self":[{"href":"https:\/\/nissantravelguide.com\/fr\/wp-json\/wp\/v2\/pages\/4191"}],"collection":[{"href":"https:\/\/nissantravelguide.com\/fr\/wp-json\/wp\/v2\/pages"}],"about":[{"href":"https:\/\/nissantravelguide.com\/fr\/wp-json\/wp\/v2\/types\/page"}],"author":[{"embeddable":true,"href":"https:\/\/nissantravelguide.com\/fr\/wp-json\/wp\/v2\/users\/1"}],"replies":[{"embeddable":true,"href":"https:\/\/nissantravelguide.com\/fr\/wp-json\/wp\/v2\/comments?post=4191"}],"version-history":[{"count":0,"href":"https:\/\/nissantravelguide.com\/fr\/wp-json\/wp\/v2\/pages\/4191\/revisions"}],"up":[{"embeddable":true,"href":"https:\/\/nissantravelguide.com\/fr\/wp-json\/wp\/v2\/pages\/4231"}],"wp:featuredmedia":[{"embeddable":true,"href":"https:\/\/nissantravelguide.com\/fr\/wp-json\/wp\/v2\/media\/3151"}],"wp:attachment":[{"href":"https:\/\/nissantravelguide.com\/fr\/wp-json\/wp\/v2\/media?parent=4191"}],"curies":[{"name":"wp","href":"https:\/\/api.w.org\/{rel}","templated":true}]}}