{"id":4192,"date":"2022-12-12T17:02:43","date_gmt":"2022-12-12T17:02:43","guid":{"rendered":"https:\/\/nissantravelguide.com\/budapest-city-park\/"},"modified":"2022-12-12T17:02:43","modified_gmt":"2022-12-12T17:02:43","slug":"budapest-city-park","status":"publish","type":"page","link":"https:\/\/nissantravelguide.com\/fr\/budapest\/budapest-city-park\/","title":{"rendered":"Budapest City Park"},"content":{"rendered":"<p class=\"p1\">Il y en a pour tous les go\u00fbts au Budapest City Park. Bien que situ\u00e9 \u00e0 proximit\u00e9 du centre-ville, il s\u2019av\u00e8re \u00eatre un havre de paix, loin de l\u2019agitation urbaine qui l\u2019entoure. Mais attention, il est facile de se perdre dans son ch\u00e2teau enchanteur, ses nombreux mus\u00e9es et ses magnifiques lacs. Il dispose m\u00eame d\u2019une grande s\u00e9lection de restaurants, vous n\u2019aurez donc m\u00eame pas besoin d\u2019en sortir pour manger un morceau. Ce parc vieux de 200\u00a0ans est le m\u00e9lange parfait de magie et de myst\u00e8re.<\/p>\n","protected":false},"excerpt":{"rendered":"<p>Il y en a pour tous les go\u00fbts au Budapest City Park. Bien que situ\u00e9 \u00e0 proximit\u00e9 du centre-ville, il s\u2019av\u00e8re \u00eatre un havre de paix, loin de l\u2019agitation urbaine qui l\u2019entoure. Mais attention, il est facile de se perdre dans son ch\u00e2teau enchanteur, ses nombreux mus\u00e9es et ses magnifiques lacs. Il dispose m\u00eame d\u2019une [&hellip;]<\/p>\n","protected":false},"author":1,"featured_media":3086,"parent":4231,"menu_order":0,"comment_status":"closed","ping_status":"closed","template":"tpl-location.php","meta":{"_acf_changed":false,"footnotes":""},"acf":{"address":"Budapest, K\u00f3s K\u00e1roly stny., 1146 Hungary","location_type":"beauty","map_link":"https:\/\/www.google.com\/maps\/place\/City+Park\/@47.514292,19.085244,15z\/data=!4m5!3m4!1s0x0:0x757db90f482bea97!8m2!3d47.514292!4d19.085244","trip_advisor":"https:\/\/www.tripadvisor.co.uk\/Attraction_Review-g274887-d276830-Reviews-Varosliget-Budapest_Central_Hungary.html","coordinates":{"latitude":"47.514292","longitude":"19.085244"},"charging_stations":[{"charging_station":"Type 2 (22kW): Bajza Ut 3, 1071 (1.5km \/ 4 min)"}]},"aioseo_notices":[],"_links":{"self":[{"href":"https:\/\/nissantravelguide.com\/fr\/wp-json\/wp\/v2\/pages\/4192"}],"collection":[{"href":"https:\/\/nissantravelguide.com\/fr\/wp-json\/wp\/v2\/pages"}],"about":[{"href":"https:\/\/nissantravelguide.com\/fr\/wp-json\/wp\/v2\/types\/page"}],"author":[{"embeddable":true,"href":"https:\/\/nissantravelguide.com\/fr\/wp-json\/wp\/v2\/users\/1"}],"replies":[{"embeddable":true,"href":"https:\/\/nissantravelguide.com\/fr\/wp-json\/wp\/v2\/comments?post=4192"}],"version-history":[{"count":0,"href":"https:\/\/nissantravelguide.com\/fr\/wp-json\/wp\/v2\/pages\/4192\/revisions"}],"up":[{"embeddable":true,"href":"https:\/\/nissantravelguide.com\/fr\/wp-json\/wp\/v2\/pages\/4231"}],"wp:featuredmedia":[{"embeddable":true,"href":"https:\/\/nissantravelguide.com\/fr\/wp-json\/wp\/v2\/media\/3086"}],"wp:attachment":[{"href":"https:\/\/nissantravelguide.com\/fr\/wp-json\/wp\/v2\/media?parent=4192"}],"curies":[{"name":"wp","href":"https:\/\/api.w.org\/{rel}","templated":true}]}}