{"id":4193,"date":"2022-12-12T17:03:01","date_gmt":"2022-12-12T17:03:01","guid":{"rendered":"https:\/\/nissantravelguide.com\/place-des-jeros\/"},"modified":"2022-12-12T17:03:01","modified_gmt":"2022-12-12T17:03:01","slug":"place-des-jeros","status":"publish","type":"page","link":"https:\/\/nissantravelguide.com\/fr\/budapest\/place-des-jeros\/","title":{"rendered":"Place des J\u00e9ros"},"content":{"rendered":"<p class=\"p1\">Construite en 1896\u00a0pour c\u00e9l\u00e9brer 1 000\u00a0ans de civilisation hongroise, la Place des H\u00e9ros est la plus grande et la plus symbolique place de Budapest. Avec l\u2019Archange Gabriel (qui se tient au sommet du monument du mill\u00e9naire) et les statues de cinq combattants de la libert\u00e9 \u00e0 proximit\u00e9, c\u2019est un site ext\u00e9rieur attrayant class\u00e9 au patrimoine mondial, qui vous emm\u00e8nera dans un voyage \u00e0 travers le patrimoine hongrois.<\/p>\n","protected":false},"excerpt":{"rendered":"<p>Construite en 1896\u00a0pour c\u00e9l\u00e9brer 1 000\u00a0ans de civilisation hongroise, la Place des H\u00e9ros est la plus grande et la plus symbolique place de Budapest. Avec l\u2019Archange Gabriel (qui se tient au sommet du monument du mill\u00e9naire) et les statues de cinq combattants de la libert\u00e9 \u00e0 proximit\u00e9, c\u2019est un site ext\u00e9rieur attrayant class\u00e9 au patrimoine [&hellip;]<\/p>\n","protected":false},"author":1,"featured_media":3166,"parent":4231,"menu_order":0,"comment_status":"closed","ping_status":"closed","template":"tpl-location.php","meta":{"_acf_changed":false,"footnotes":""},"acf":{"address":"Budapest, H\u0151s\u00f6k tere, 1146 Hungary","location_type":"beauty","map_link":"https:\/\/www.google.com\/maps\/place\/Heroes'+Square\/@47.5149429,19.0778626,15z\/data=!4m5!3m4!1s0x0:0x34417cbcba48293f!8m2!3d47.5149429!4d19.0778626","trip_advisor":"https:\/\/www.tripadvisor.co.uk\/Attraction_Review-g274887-d276827-Reviews-Heroes_Square-Budapest_Central_Hungary.html","coordinates":{"latitude":"47.5149429","longitude":"19.0778626"},"charging_stations":[{"charging_station":"Type 2 (22kW): Bajza Ut 3, 1071 (1.1km \/ 3 min)"}]},"aioseo_notices":[],"_links":{"self":[{"href":"https:\/\/nissantravelguide.com\/fr\/wp-json\/wp\/v2\/pages\/4193"}],"collection":[{"href":"https:\/\/nissantravelguide.com\/fr\/wp-json\/wp\/v2\/pages"}],"about":[{"href":"https:\/\/nissantravelguide.com\/fr\/wp-json\/wp\/v2\/types\/page"}],"author":[{"embeddable":true,"href":"https:\/\/nissantravelguide.com\/fr\/wp-json\/wp\/v2\/users\/1"}],"replies":[{"embeddable":true,"href":"https:\/\/nissantravelguide.com\/fr\/wp-json\/wp\/v2\/comments?post=4193"}],"version-history":[{"count":0,"href":"https:\/\/nissantravelguide.com\/fr\/wp-json\/wp\/v2\/pages\/4193\/revisions"}],"up":[{"embeddable":true,"href":"https:\/\/nissantravelguide.com\/fr\/wp-json\/wp\/v2\/pages\/4231"}],"wp:featuredmedia":[{"embeddable":true,"href":"https:\/\/nissantravelguide.com\/fr\/wp-json\/wp\/v2\/media\/3166"}],"wp:attachment":[{"href":"https:\/\/nissantravelguide.com\/fr\/wp-json\/wp\/v2\/media?parent=4193"}],"curies":[{"name":"wp","href":"https:\/\/api.w.org\/{rel}","templated":true}]}}