{"id":4195,"date":"2022-12-12T17:03:40","date_gmt":"2022-12-12T17:03:40","guid":{"rendered":"https:\/\/nissantravelguide.com\/tata\/"},"modified":"2022-12-13T11:47:19","modified_gmt":"2022-12-13T11:47:19","slug":"tata","status":"publish","type":"page","link":"https:\/\/nissantravelguide.com\/fr\/budapest\/tata\/","title":{"rendered":"Tata"},"content":{"rendered":"<p class=\"p1\">La petite ville de Tata est une excellente escapade loin de la ville de Budapest. La promenade autour du lac vous prendra environ une heure. Situ\u00e9 \u00e0 l\u2019extr\u00e9mit\u00e9 du lac se trouve un ch\u00e2teau du 14<span class=\"s1\"><sup>e<\/sup><\/span> si\u00e8cle, qui est un endroit magnifique \u00e0 visiter.<span class=\"Apple-converted-space\">\u00a0<\/span><\/p>\n","protected":false},"excerpt":{"rendered":"<p>La petite ville de Tata est une excellente escapade loin de la ville de Budapest. La promenade autour du lac vous prendra environ une heure. Situ\u00e9 \u00e0 l\u2019extr\u00e9mit\u00e9 du lac se trouve un ch\u00e2teau du 14e si\u00e8cle, qui est un endroit magnifique \u00e0 visiter.\u00a0<\/p>\n","protected":false},"author":1,"featured_media":3271,"parent":4231,"menu_order":0,"comment_status":"closed","ping_status":"closed","template":"tpl-location.php","meta":{"_acf_changed":false,"footnotes":""},"acf":{"address":"Varalja ut 3, 2890","location_type":"interest","map_link":"https:\/\/www.google.co.uk\/maps\/place\/Tata,+Hungary\/@47.629845,18.3258791,12z\/data=!3m1!4b1!4m5!3m4!1s0x476a460d6f84ab01:0xb620f00f0720fe22!8m2!3d47.6458172!4d18.3303022","trip_advisor":"https:\/\/www.google.com\/url?q=https:\/\/www.tripadvisor.co.uk\/Tourism-g274917-Tata_Komarom_Esztergom_County_Central_Transdanubia-Vacations.html&sa=D&source=editors&ust=1669216928306062&usg=AOvVaw3QLz9-FV4Iuv-btmh_B0mI","coordinates":{"latitude":"47.629845","longitude":"18.3258791"},"charging_stations":[{"charging_station":"Type 2 (22 kW): Lidl Charging Station, Tata, Piac Ter 4, 2890 (700m \/ 2 min)"}]},"aioseo_notices":[],"_links":{"self":[{"href":"https:\/\/nissantravelguide.com\/fr\/wp-json\/wp\/v2\/pages\/4195"}],"collection":[{"href":"https:\/\/nissantravelguide.com\/fr\/wp-json\/wp\/v2\/pages"}],"about":[{"href":"https:\/\/nissantravelguide.com\/fr\/wp-json\/wp\/v2\/types\/page"}],"author":[{"embeddable":true,"href":"https:\/\/nissantravelguide.com\/fr\/wp-json\/wp\/v2\/users\/1"}],"replies":[{"embeddable":true,"href":"https:\/\/nissantravelguide.com\/fr\/wp-json\/wp\/v2\/comments?post=4195"}],"version-history":[{"count":1,"href":"https:\/\/nissantravelguide.com\/fr\/wp-json\/wp\/v2\/pages\/4195\/revisions"}],"predecessor-version":[{"id":4459,"href":"https:\/\/nissantravelguide.com\/fr\/wp-json\/wp\/v2\/pages\/4195\/revisions\/4459"}],"up":[{"embeddable":true,"href":"https:\/\/nissantravelguide.com\/fr\/wp-json\/wp\/v2\/pages\/4231"}],"wp:featuredmedia":[{"embeddable":true,"href":"https:\/\/nissantravelguide.com\/fr\/wp-json\/wp\/v2\/media\/3271"}],"wp:attachment":[{"href":"https:\/\/nissantravelguide.com\/fr\/wp-json\/wp\/v2\/media?parent=4195"}],"curies":[{"name":"wp","href":"https:\/\/api.w.org\/{rel}","templated":true}]}}