{"id":4197,"date":"2022-12-12T17:04:20","date_gmt":"2022-12-12T17:04:20","guid":{"rendered":"https:\/\/nissantravelguide.com\/galerie-nationale-hongroise\/"},"modified":"2022-12-12T17:04:20","modified_gmt":"2022-12-12T17:04:20","slug":"galerie-nationale-hongroise","status":"publish","type":"page","link":"https:\/\/nissantravelguide.com\/fr\/budapest\/galerie-nationale-hongroise\/","title":{"rendered":"Galerie nationale hongroise"},"content":{"rendered":"<p class=\"p1\">La Galerie nationale hongroise est la plus grande collection publique, documentant et pr\u00e9sentant l\u2019essor et le d\u00e9veloppement des beaux-arts en Hongrie. Englobant quatre \u00e9tages et plusieurs ailes du ch\u00e2teau de Buda, le mus\u00e9e abrite l\u2019histoire de l\u2019art, de l\u2019\u00e9poque m\u00e9di\u00e9vale \u00e0 la peinture abstraite du XXe si\u00e8cle. Avec plus de 10 000\u00a0peintures, sculptures, dessins et impressions expos\u00e9s, nous sommes convaincus que vous trouverez quelque chose pour vous \u00e9merveiller.<\/p>\n","protected":false},"excerpt":{"rendered":"<p>La Galerie nationale hongroise est la plus grande collection publique, documentant et pr\u00e9sentant l\u2019essor et le d\u00e9veloppement des beaux-arts en Hongrie. Englobant quatre \u00e9tages et plusieurs ailes du ch\u00e2teau de Buda, le mus\u00e9e abrite l\u2019histoire de l\u2019art, de l\u2019\u00e9poque m\u00e9di\u00e9vale \u00e0 la peinture abstraite du XXe si\u00e8cle. Avec plus de 10 000\u00a0peintures, sculptures, dessins et [&hellip;]<\/p>\n","protected":false},"author":1,"featured_media":3312,"parent":4231,"menu_order":0,"comment_status":"closed","ping_status":"closed","template":"tpl-location.php","meta":{"_acf_changed":false,"footnotes":""},"acf":{"address":"Budapest, Szent Gy\u00f6rgy t\u00e9r 2, 1014 Hungary","location_type":"interest","map_link":"https:\/\/www.google.com\/maps\/place\/Hungarian+National+Gallery\/@47.4961134,19.0396622,15z\/data=!4m5!3m4!1s0x0:0x2fe2e46b9fd445cd!8m2!3d47.4961134!4d19.0396622","trip_advisor":"https:\/\/www.tripadvisor.co.uk\/Attraction_Review-g274887-d276806-Reviews-Hungarian_National_Gallery_Magyar_Nemzeti_Galeria-Budapest_Central_Hungary.html","coordinates":{"latitude":"47.4961134","longitude":"19.0396622"},"charging_stations":[{"charging_station":"CHAdeMO (22.4kW) \/ CCS (22.4kW): Pala Ut, 1011 (2.2 km \/ 9 min)"}]},"aioseo_notices":[],"_links":{"self":[{"href":"https:\/\/nissantravelguide.com\/fr\/wp-json\/wp\/v2\/pages\/4197"}],"collection":[{"href":"https:\/\/nissantravelguide.com\/fr\/wp-json\/wp\/v2\/pages"}],"about":[{"href":"https:\/\/nissantravelguide.com\/fr\/wp-json\/wp\/v2\/types\/page"}],"author":[{"embeddable":true,"href":"https:\/\/nissantravelguide.com\/fr\/wp-json\/wp\/v2\/users\/1"}],"replies":[{"embeddable":true,"href":"https:\/\/nissantravelguide.com\/fr\/wp-json\/wp\/v2\/comments?post=4197"}],"version-history":[{"count":0,"href":"https:\/\/nissantravelguide.com\/fr\/wp-json\/wp\/v2\/pages\/4197\/revisions"}],"up":[{"embeddable":true,"href":"https:\/\/nissantravelguide.com\/fr\/wp-json\/wp\/v2\/pages\/4231"}],"wp:featuredmedia":[{"embeddable":true,"href":"https:\/\/nissantravelguide.com\/fr\/wp-json\/wp\/v2\/media\/3312"}],"wp:attachment":[{"href":"https:\/\/nissantravelguide.com\/fr\/wp-json\/wp\/v2\/media?parent=4197"}],"curies":[{"name":"wp","href":"https:\/\/api.w.org\/{rel}","templated":true}]}}