{"id":4198,"date":"2022-12-12T17:04:40","date_gmt":"2022-12-12T17:04:40","guid":{"rendered":"https:\/\/nissantravelguide.com\/bains-szechenyi\/"},"modified":"2022-12-12T17:04:40","modified_gmt":"2022-12-12T17:04:40","slug":"bains-szechenyi","status":"publish","type":"page","link":"https:\/\/nissantravelguide.com\/fr\/budapest\/bains-szechenyi\/","title":{"rendered":"Bains Sz\u00e9chenyi"},"content":{"rendered":"<p class=\"p1\">Avez-vous vraiment visit\u00e9 Budapest (aussi appel\u00e9e la ville des spas), si vous n\u2019\u00eates pas all\u00e9 aux bains de Sz\u00e9chenyi\u00a0? Lieu le plus facilement instagrammable de la ville, ce spa naturel de sources chaudes est l\u2019attraction la plus visit\u00e9e de Budapest. C\u2019est \u00e9galement le plus grand bain thermique d\u2019Europe, avec 18\u00a0piscines, 10\u00a0saunas, plusieurs massages, des soins du visage et bien plus encore. Vous aurez du mal \u00e0 trouver un endroit plus relaxant pour vous d\u00e9tendre que les bains Sz\u00e9chenyi.<\/p>\n","protected":false},"excerpt":{"rendered":"<p>Avez-vous vraiment visit\u00e9 Budapest (aussi appel\u00e9e la ville des spas), si vous n\u2019\u00eates pas all\u00e9 aux bains de Sz\u00e9chenyi\u00a0? Lieu le plus facilement instagrammable de la ville, ce spa naturel de sources chaudes est l\u2019attraction la plus visit\u00e9e de Budapest. C\u2019est \u00e9galement le plus grand bain thermique d\u2019Europe, avec 18\u00a0piscines, 10\u00a0saunas, plusieurs massages, des soins [&hellip;]<\/p>\n","protected":false},"author":1,"featured_media":3266,"parent":4231,"menu_order":0,"comment_status":"closed","ping_status":"closed","template":"tpl-location.php","meta":{"_acf_changed":false,"footnotes":""},"acf":{"address":"Budapest, \u00c1llatkerti krt. 9-11, 1146 Hungary","location_type":"interest","map_link":"https:\/\/www.google.com\/maps\/place\/Sz%C3%A9chenyi+Thermal+Bath\/@47.5186568,19.0823791,15z\/data=!4m5!3m4!1s0x0:0xcbc0c308b68d2412!8m2!3d47.5186568!4d19.0823791","trip_advisor":"https:\/\/www.tripadvisor.co.uk\/Attraction_Review-g274887-d279029-Reviews-Szechenyi_Baths_and_Pool-Budapest_Central_Hungary.html","coordinates":{"latitude":"47.5186568","longitude":"19.0823791"},"charging_stations":[{"charging_station":"Type 2, (22.1 kW): Mobiliti Charging Station, Andrassy Ut 121, 1062 (1km \/ 5 min)"}]},"aioseo_notices":[],"_links":{"self":[{"href":"https:\/\/nissantravelguide.com\/fr\/wp-json\/wp\/v2\/pages\/4198"}],"collection":[{"href":"https:\/\/nissantravelguide.com\/fr\/wp-json\/wp\/v2\/pages"}],"about":[{"href":"https:\/\/nissantravelguide.com\/fr\/wp-json\/wp\/v2\/types\/page"}],"author":[{"embeddable":true,"href":"https:\/\/nissantravelguide.com\/fr\/wp-json\/wp\/v2\/users\/1"}],"replies":[{"embeddable":true,"href":"https:\/\/nissantravelguide.com\/fr\/wp-json\/wp\/v2\/comments?post=4198"}],"version-history":[{"count":0,"href":"https:\/\/nissantravelguide.com\/fr\/wp-json\/wp\/v2\/pages\/4198\/revisions"}],"up":[{"embeddable":true,"href":"https:\/\/nissantravelguide.com\/fr\/wp-json\/wp\/v2\/pages\/4231"}],"wp:featuredmedia":[{"embeddable":true,"href":"https:\/\/nissantravelguide.com\/fr\/wp-json\/wp\/v2\/media\/3266"}],"wp:attachment":[{"href":"https:\/\/nissantravelguide.com\/fr\/wp-json\/wp\/v2\/media?parent=4198"}],"curies":[{"name":"wp","href":"https:\/\/api.w.org\/{rel}","templated":true}]}}