{"id":4199,"date":"2022-12-12T17:05:06","date_gmt":"2022-12-12T17:05:06","guid":{"rendered":"https:\/\/nissantravelguide.com\/maison-de-la-musique-hongroise\/"},"modified":"2022-12-12T17:05:06","modified_gmt":"2022-12-12T17:05:06","slug":"maison-de-la-musique-hongroise","status":"publish","type":"page","link":"https:\/\/nissantravelguide.com\/fr\/budapest\/maison-de-la-musique-hongroise\/","title":{"rendered":"Maison de la Musique Hongroise"},"content":{"rendered":"<p class=\"p1\">Saviez-vous que la musique est le domaine dans lequel la culture hongroise a eu le plus grand impact\u00a0? Construite par l\u2019architecte japonais Sou Fujimoto, la Maison de la Musique Hongroise a ouvert ses portes au City Park en janvier 2022\u00a0et est devenue l\u2019un des plus r\u00e9cents hauts lieux de la ville. Elle se trouve dans un b\u00e2timent unique et spectaculaire, qui semble surr\u00e9aliste et presque hors du commun, nich\u00e9 entre les arbres. En tant que premi\u00e8re exposition compl\u00e8te du pays qui d\u00e9montre l\u2019\u00e9volution de la musique hongroise, elle vaut la peine d\u2019\u00eatre visit\u00e9e.<span class=\"Apple-converted-space\">\u00a0<\/span><\/p>\n","protected":false},"excerpt":{"rendered":"<p>Saviez-vous que la musique est le domaine dans lequel la culture hongroise a eu le plus grand impact\u00a0? Construite par l\u2019architecte japonais Sou Fujimoto, la Maison de la Musique Hongroise a ouvert ses portes au City Park en janvier 2022\u00a0et est devenue l\u2019un des plus r\u00e9cents hauts lieux de la ville. Elle se trouve dans [&hellip;]<\/p>\n","protected":false},"author":1,"featured_media":3211,"parent":4231,"menu_order":0,"comment_status":"closed","ping_status":"closed","template":"tpl-location.php","meta":{"_acf_changed":false,"footnotes":""},"acf":{"address":"Budapest, Olof Palme stny. 3, 1146 Hungary","location_type":"interest","map_link":"https:\/\/www.google.com\/maps\/place\/House+of+Music,+Hungary\/@47.5126328,19.0840292,15z\/data=!4m5!3m4!1s0x0:0x1b0365a6f8f3620!8m2!3d47.5126328!4d19.0840292","trip_advisor":"https:\/\/www.tripadvisor.co.uk\/Attraction_Review-g274887-d23873098-Reviews-Magyar_Zene_Haza-Budapest_Central_Hungary.html","coordinates":{"latitude":"47.5126328","longitude":"19.0840292"},"charging_stations":[{"charging_station":"Type 2, (22.1 kW): Mobiliti Charging Station, Varosligeti Fasor 18, 1068 (1.6km \/ 6 min) "}]},"aioseo_notices":[],"_links":{"self":[{"href":"https:\/\/nissantravelguide.com\/fr\/wp-json\/wp\/v2\/pages\/4199"}],"collection":[{"href":"https:\/\/nissantravelguide.com\/fr\/wp-json\/wp\/v2\/pages"}],"about":[{"href":"https:\/\/nissantravelguide.com\/fr\/wp-json\/wp\/v2\/types\/page"}],"author":[{"embeddable":true,"href":"https:\/\/nissantravelguide.com\/fr\/wp-json\/wp\/v2\/users\/1"}],"replies":[{"embeddable":true,"href":"https:\/\/nissantravelguide.com\/fr\/wp-json\/wp\/v2\/comments?post=4199"}],"version-history":[{"count":0,"href":"https:\/\/nissantravelguide.com\/fr\/wp-json\/wp\/v2\/pages\/4199\/revisions"}],"up":[{"embeddable":true,"href":"https:\/\/nissantravelguide.com\/fr\/wp-json\/wp\/v2\/pages\/4231"}],"wp:featuredmedia":[{"embeddable":true,"href":"https:\/\/nissantravelguide.com\/fr\/wp-json\/wp\/v2\/media\/3211"}],"wp:attachment":[{"href":"https:\/\/nissantravelguide.com\/fr\/wp-json\/wp\/v2\/media?parent=4199"}],"curies":[{"name":"wp","href":"https:\/\/api.w.org\/{rel}","templated":true}]}}