{"id":4200,"date":"2022-12-12T17:06:12","date_gmt":"2022-12-12T17:06:12","guid":{"rendered":"https:\/\/nissantravelguide.com\/mosaic-house\/"},"modified":"2022-12-12T17:06:12","modified_gmt":"2022-12-12T17:06:12","slug":"mosaic-house","status":"publish","type":"page","link":"https:\/\/nissantravelguide.com\/fr\/prague\/mosaic-house\/","title":{"rendered":"Mosaic House"},"content":{"rendered":"<p class=\"p1\">\u00c9trange, moderne, durable et chic, le Mosaic House Design Hotel au c\u0153ur de Prague est le point de d\u00e9part id\u00e9al pour explorer cette ville anim\u00e9e. Situ\u00e9 \u00e0 deux pas du fleuve Vltava et r\u00e9nov\u00e9 en 2020, le Mosaic House a \u00e9t\u00e9 construit en 1935\u00a0autour du fonctionnalisme, lui donnant une touche pratique. L\u2019h\u00f4tel propose une gamme d\u2019\u0153uvres d\u2019art (y compris des mosa\u00efques, bien s\u00fbr) dispers\u00e9es dans l\u2019\u00e9tablissement. Vous y trouverez des espaces de travail, des services de spa et de sauna, un caf\u00e9, une biblioth\u00e8que et des espaces de repos paisibles, o\u00f9 vous pourrez vraiment vous \u00e9chapper de l\u2019agitation de la ville.<span class=\"Apple-converted-space\">\u00a0<\/span><\/p>\n<p class=\"p1\">Le Mosaic House poss\u00e8de \u00e9galement de solides r\u00e9f\u00e9rences en mati\u00e8re de d\u00e9veloppement durable, abritant le premier syst\u00e8me de recyclage des eaux grises de la R\u00e9publique tch\u00e8que, avec des appareils pour \u00e9conomiser l\u2019eau dans les chambres et des stores automatis\u00e9s, qui optimisent le chauffage et le refroidissement.<\/p>\n","protected":false},"excerpt":{"rendered":"<p>\u00c9trange, moderne, durable et chic, le Mosaic House Design Hotel au c\u0153ur de Prague est le point de d\u00e9part id\u00e9al pour explorer cette ville anim\u00e9e. Situ\u00e9 \u00e0 deux pas du fleuve Vltava et r\u00e9nov\u00e9 en 2020, le Mosaic House a \u00e9t\u00e9 construit en 1935\u00a0autour du fonctionnalisme, lui donnant une touche pratique. L\u2019h\u00f4tel propose une gamme [&hellip;]<\/p>\n","protected":false},"author":1,"featured_media":3635,"parent":4232,"menu_order":0,"comment_status":"closed","ping_status":"closed","template":"tpl-location.php","meta":{"_acf_changed":false,"footnotes":""},"acf":{"address":"Odbor\u016f 278\/4, 120 00 Nov\u00e9 M\u011bsto, Czechia","location_type":"hotel","map_link":"https:\/\/www.google.com\/maps\/place\/Mosaic+House+Design+Hotel\/@50.0775048,14.4158254,17z\/data=!3m1!4b1!4m8!3m7!1s0x470b952a6030a397:0xa5c39ac7d5ee7a24!5m2!4m1!1i2!8m2!3d50.0775048!4d14.4180141","trip_advisor":"https:\/\/www.tripadvisor.com\/Hotel_Review-g274707-d1656616-Reviews-Mosaic_House_Design_Hotel-Prague_Bohemia.html","coordinates":{"latitude":"50.0775048","longitude":"14.4158254"},"charging_stations":[{"charging_station":"Type 2 (22kW): Sokolovska 11 (4.2km \/ 14 min)"}]},"aioseo_notices":[],"_links":{"self":[{"href":"https:\/\/nissantravelguide.com\/fr\/wp-json\/wp\/v2\/pages\/4200"}],"collection":[{"href":"https:\/\/nissantravelguide.com\/fr\/wp-json\/wp\/v2\/pages"}],"about":[{"href":"https:\/\/nissantravelguide.com\/fr\/wp-json\/wp\/v2\/types\/page"}],"author":[{"embeddable":true,"href":"https:\/\/nissantravelguide.com\/fr\/wp-json\/wp\/v2\/users\/1"}],"replies":[{"embeddable":true,"href":"https:\/\/nissantravelguide.com\/fr\/wp-json\/wp\/v2\/comments?post=4200"}],"version-history":[{"count":0,"href":"https:\/\/nissantravelguide.com\/fr\/wp-json\/wp\/v2\/pages\/4200\/revisions"}],"up":[{"embeddable":true,"href":"https:\/\/nissantravelguide.com\/fr\/wp-json\/wp\/v2\/pages\/4232"}],"wp:featuredmedia":[{"embeddable":true,"href":"https:\/\/nissantravelguide.com\/fr\/wp-json\/wp\/v2\/media\/3635"}],"wp:attachment":[{"href":"https:\/\/nissantravelguide.com\/fr\/wp-json\/wp\/v2\/media?parent=4200"}],"curies":[{"name":"wp","href":"https:\/\/api.w.org\/{rel}","templated":true}]}}