{"id":4201,"date":"2022-12-12T17:06:41","date_gmt":"2022-12-12T17:06:41","guid":{"rendered":"https:\/\/nissantravelguide.com\/botanique-hotel\/"},"modified":"2022-12-13T11:39:26","modified_gmt":"2022-12-13T11:39:26","slug":"botanique-hotel","status":"publish","type":"page","link":"https:\/\/nissantravelguide.com\/fr\/prague\/botanique-hotel\/","title":{"rendered":"Botanique Hotel"},"content":{"rendered":"<p class=\"p1\">Avec son engagement impressionnant en faveur de la durabilit\u00e9, sa palette de couleurs minimalistes et ses chambres con\u00e7ues par les c\u00e9l\u00e8bres designers tch\u00e8ques Olgoj Chorchoj, le Botanique Hotel, qui accepte les animaux de compagnie, est situ\u00e9 dans le centre de Prague et constitue le choix id\u00e9al pour les voyageurs conscients (et leurs compagnons \u00e0 fourrure\u00a0!). Fortement inspir\u00e9 par la nature, l\u2019\u00e9co-h\u00f4tel dispose de son propre programme complet \u00ab\u00a0Be Green\u00a0\u00bb, qui comprend une politique stricte de non-utilisation de plastique \u00e0 usage unique, des initiatives de recyclage, des installations biologiques et une station de recharge pour voitures \u00e9lectriques.<span class=\"Apple-converted-space\">\u00a0<\/span><\/p>\n<p class=\"p1\">Le Bistro &amp; Bar de l\u2019h\u00f4tel sert une excellente cuisine \u00e0 base de produits locaux frais et propose des menus v\u00e9g\u00e9taliens, v\u00e9g\u00e9tariens et sans gluten aux clients.<span class=\"Apple-converted-space\">\u00a0<\/span><\/p>\n","protected":false},"excerpt":{"rendered":"<p>Avec son engagement impressionnant en faveur de la durabilit\u00e9, sa palette de couleurs minimalistes et ses chambres con\u00e7ues par les c\u00e9l\u00e8bres designers tch\u00e8ques Olgoj Chorchoj, le Botanique Hotel, qui accepte les animaux de compagnie, est situ\u00e9 dans le centre de Prague et constitue le choix id\u00e9al pour les voyageurs conscients (et leurs compagnons \u00e0 fourrure\u00a0!). [&hellip;]<\/p>\n","protected":false},"author":1,"featured_media":3535,"parent":4232,"menu_order":0,"comment_status":"closed","ping_status":"closed","template":"tpl-location.php","meta":{"_acf_changed":false,"footnotes":""},"acf":{"address":"Sokolovsk\u00e1 11, 186 00 Karl\u00edn, Czechia","location_type":"hotel","map_link":"https:\/\/www.google.com\/maps\/place\/Botanique+Hotel+Prague\/@50.0915412,14.4374769,17z\/data=!4m18!1m9!3m8!1s0x470b94be7f21d87b:0xd8d08da4fac64ffc!2sBotanique+Hotel+Prague!5m2!4m1!1i2!8m2!3d50.0915412!4d14.4396656!3m7!1s0x470b94be7f21d87b:0xd8d08da4fac64ffc!5m2!4m1!1i2!8m2!3d50.0915412!4d14.4396656","trip_advisor":"https:\/\/www.tripadvisor.com\/Hotel_Review-g274707-d1479215-Reviews-Botanique_Hotel_Prague-Prague_Bohemia.html","coordinates":{"latitude":"50.0915412","longitude":"14.4374769"},"charging_stations":[{"charging_station":"Hotel has EV Charging"},{"charging_station":"Sokolovska 11 (18m \/ 1 min)"}]},"aioseo_notices":[],"_links":{"self":[{"href":"https:\/\/nissantravelguide.com\/fr\/wp-json\/wp\/v2\/pages\/4201"}],"collection":[{"href":"https:\/\/nissantravelguide.com\/fr\/wp-json\/wp\/v2\/pages"}],"about":[{"href":"https:\/\/nissantravelguide.com\/fr\/wp-json\/wp\/v2\/types\/page"}],"author":[{"embeddable":true,"href":"https:\/\/nissantravelguide.com\/fr\/wp-json\/wp\/v2\/users\/1"}],"replies":[{"embeddable":true,"href":"https:\/\/nissantravelguide.com\/fr\/wp-json\/wp\/v2\/comments?post=4201"}],"version-history":[{"count":1,"href":"https:\/\/nissantravelguide.com\/fr\/wp-json\/wp\/v2\/pages\/4201\/revisions"}],"predecessor-version":[{"id":4370,"href":"https:\/\/nissantravelguide.com\/fr\/wp-json\/wp\/v2\/pages\/4201\/revisions\/4370"}],"up":[{"embeddable":true,"href":"https:\/\/nissantravelguide.com\/fr\/wp-json\/wp\/v2\/pages\/4232"}],"wp:featuredmedia":[{"embeddable":true,"href":"https:\/\/nissantravelguide.com\/fr\/wp-json\/wp\/v2\/media\/3535"}],"wp:attachment":[{"href":"https:\/\/nissantravelguide.com\/fr\/wp-json\/wp\/v2\/media?parent=4201"}],"curies":[{"name":"wp","href":"https:\/\/api.w.org\/{rel}","templated":true}]}}