{"id":4202,"date":"2022-12-12T17:06:59","date_gmt":"2022-12-12T17:06:59","guid":{"rendered":"https:\/\/nissantravelguide.com\/spojka-karlin\/"},"modified":"2022-12-12T17:06:59","modified_gmt":"2022-12-12T17:06:59","slug":"spojka-karlin","status":"publish","type":"page","link":"https:\/\/nissantravelguide.com\/fr\/prague\/spojka-karlin\/","title":{"rendered":"Spojka Karl\u00edn"},"content":{"rendered":"<p class=\"p1\">Consid\u00e9r\u00e9 comme le premier restaurant \u00ab\u00a0flexible\u00a0\u00bb de R\u00e9publique tch\u00e8que (restaurant qui n\u2019interdit pas enti\u00e8rement la viande et les produits d\u2019origine animale, mais r\u00e9duit leur consommation en faveur des aliments \u00e0 base de plantes), Spojka est un \u00e9tablissement \u00e9l\u00e9gant situ\u00e9 dans le quartier branch\u00e9 de Karl\u00edn. Disposant de plus de 500\u00a0plantes sur ses murs et motiv\u00e9 par la mission de connecter les gens \u00e0 travers la nourriture, le restaurant offre une gamme d\u2019options pour les v\u00e9g\u00e9taliens, les v\u00e9g\u00e9tariens et les amateurs de viande, le tout \u00e0 une seule table. De plus, ils proposent m\u00eame du kombucha maison\u00a0!<span class=\"Apple-converted-space\">\u00a0<\/span><\/p>\n","protected":false},"excerpt":{"rendered":"<p>Consid\u00e9r\u00e9 comme le premier restaurant \u00ab\u00a0flexible\u00a0\u00bb de R\u00e9publique tch\u00e8que (restaurant qui n\u2019interdit pas enti\u00e8rement la viande et les produits d\u2019origine animale, mais r\u00e9duit leur consommation en faveur des aliments \u00e0 base de plantes), Spojka est un \u00e9tablissement \u00e9l\u00e9gant situ\u00e9 dans le quartier branch\u00e9 de Karl\u00edn. Disposant de plus de 500\u00a0plantes sur ses murs et motiv\u00e9 [&hellip;]<\/p>\n","protected":false},"author":1,"featured_media":3660,"parent":4232,"menu_order":0,"comment_status":"closed","ping_status":"closed","template":"tpl-location.php","meta":{"_acf_changed":false,"footnotes":""},"acf":{"address":"Pernerova 697\/35, 186 00 Praha 8-Karl\u00edn, Czechia","location_type":"restaurant","map_link":"https:\/\/www.google.com\/maps\/place\/Spojka+Karl%C3%ADn\/@50.0908549,14.4514692,17z\/data=!3m1!4b1!4m5!3m4!1s0x470b9511d385f561:0x94e8acc0d10ada3e!8m2!3d50.0908549!4d14.4514692","trip_advisor":"https:\/\/www.tripadvisor.com\/Restaurant_Review-g274707-d17503386-Reviews-Spojka_Karlin-Prague_Bohemia.html","coordinates":{"latitude":"50.0908549","longitude":"14.4514692"},"charging_stations":[{"charging_station":"Type 2 (22kW): Sokolovska 11 (1.4km \/ 6 min)"}]},"aioseo_notices":[],"_links":{"self":[{"href":"https:\/\/nissantravelguide.com\/fr\/wp-json\/wp\/v2\/pages\/4202"}],"collection":[{"href":"https:\/\/nissantravelguide.com\/fr\/wp-json\/wp\/v2\/pages"}],"about":[{"href":"https:\/\/nissantravelguide.com\/fr\/wp-json\/wp\/v2\/types\/page"}],"author":[{"embeddable":true,"href":"https:\/\/nissantravelguide.com\/fr\/wp-json\/wp\/v2\/users\/1"}],"replies":[{"embeddable":true,"href":"https:\/\/nissantravelguide.com\/fr\/wp-json\/wp\/v2\/comments?post=4202"}],"version-history":[{"count":0,"href":"https:\/\/nissantravelguide.com\/fr\/wp-json\/wp\/v2\/pages\/4202\/revisions"}],"up":[{"embeddable":true,"href":"https:\/\/nissantravelguide.com\/fr\/wp-json\/wp\/v2\/pages\/4232"}],"wp:featuredmedia":[{"embeddable":true,"href":"https:\/\/nissantravelguide.com\/fr\/wp-json\/wp\/v2\/media\/3660"}],"wp:attachment":[{"href":"https:\/\/nissantravelguide.com\/fr\/wp-json\/wp\/v2\/media?parent=4202"}],"curies":[{"name":"wp","href":"https:\/\/api.w.org\/{rel}","templated":true}]}}