{"id":4203,"date":"2022-12-12T17:07:21","date_gmt":"2022-12-12T17:07:21","guid":{"rendered":"https:\/\/nissantravelguide.com\/eska\/"},"modified":"2022-12-12T17:07:21","modified_gmt":"2022-12-12T17:07:21","slug":"eska","status":"publish","type":"page","link":"https:\/\/nissantravelguide.com\/fr\/prague\/eska\/","title":{"rendered":"Eska"},"content":{"rendered":"<p class=\"p1\">D\u00e9couvrez le meilleur de la cuisine tch\u00e8que traditionnelle et moderne au restaurant Eska, r\u00e9compens\u00e9 par le guide Michelin, situ\u00e9 dans une ancienne usine transform\u00e9e en restaurant (qui poss\u00e8de m\u00eame sa propre boulangerie). Du pain cuit \u00e0 la flamme aux brunchs sains et copieux, en passant par une s\u00e9lection de vins europ\u00e9ens, Eska a tout pour plaire.<span class=\"Apple-converted-space\">\u00a0<\/span><\/p>\n","protected":false},"excerpt":{"rendered":"<p>D\u00e9couvrez le meilleur de la cuisine tch\u00e8que traditionnelle et moderne au restaurant Eska, r\u00e9compens\u00e9 par le guide Michelin, situ\u00e9 dans une ancienne usine transform\u00e9e en restaurant (qui poss\u00e8de m\u00eame sa propre boulangerie). Du pain cuit \u00e0 la flamme aux brunchs sains et copieux, en passant par une s\u00e9lection de vins europ\u00e9ens, Eska a tout pour [&hellip;]<\/p>\n","protected":false},"author":1,"featured_media":3560,"parent":4232,"menu_order":0,"comment_status":"closed","ping_status":"closed","template":"tpl-location.php","meta":{"_acf_changed":false,"footnotes":""},"acf":{"address":"Pernerova 49, 186 00 Karl\u00edn, Czechia","location_type":"restaurant","map_link":"https:\/\/www.google.com\/maps\/place\/Eska+Restaurant+and+Bakery\/@50.0913817,14.4545739,17z\/data=!3m1!4b1!4m5!3m4!1s0x470b94a3e03542d5:0xaddb518a78ccc5ba!8m2!3d50.0913796!4d14.4545749","trip_advisor":"https:\/\/www.tripadvisor.com\/Restaurant_Review-g274707-d8822108-Reviews-Eska-Prague_Bohemia.html","coordinates":{"latitude":"50.0913817","longitude":"14.4545739"},"charging_stations":[{"charging_station":"Type 2 (22kW): Sokolovska 11 (1.5km \/ 6 min)"}]},"aioseo_notices":[],"_links":{"self":[{"href":"https:\/\/nissantravelguide.com\/fr\/wp-json\/wp\/v2\/pages\/4203"}],"collection":[{"href":"https:\/\/nissantravelguide.com\/fr\/wp-json\/wp\/v2\/pages"}],"about":[{"href":"https:\/\/nissantravelguide.com\/fr\/wp-json\/wp\/v2\/types\/page"}],"author":[{"embeddable":true,"href":"https:\/\/nissantravelguide.com\/fr\/wp-json\/wp\/v2\/users\/1"}],"replies":[{"embeddable":true,"href":"https:\/\/nissantravelguide.com\/fr\/wp-json\/wp\/v2\/comments?post=4203"}],"version-history":[{"count":0,"href":"https:\/\/nissantravelguide.com\/fr\/wp-json\/wp\/v2\/pages\/4203\/revisions"}],"up":[{"embeddable":true,"href":"https:\/\/nissantravelguide.com\/fr\/wp-json\/wp\/v2\/pages\/4232"}],"wp:featuredmedia":[{"embeddable":true,"href":"https:\/\/nissantravelguide.com\/fr\/wp-json\/wp\/v2\/media\/3560"}],"wp:attachment":[{"href":"https:\/\/nissantravelguide.com\/fr\/wp-json\/wp\/v2\/media?parent=4203"}],"curies":[{"name":"wp","href":"https:\/\/api.w.org\/{rel}","templated":true}]}}