{"id":4204,"date":"2022-12-12T17:07:45","date_gmt":"2022-12-12T17:07:45","guid":{"rendered":"https:\/\/nissantravelguide.com\/cafe-la-boheme\/"},"modified":"2022-12-12T17:07:45","modified_gmt":"2022-12-12T17:07:45","slug":"cafe-la-boheme","status":"publish","type":"page","link":"https:\/\/nissantravelguide.com\/fr\/prague\/cafe-la-boheme\/","title":{"rendered":"Caf\u00e9 La Boh\u00e8me"},"content":{"rendered":"<p class=\"p1\">Pour les amateurs de caf\u00e9 raffin\u00e9, le Caf\u00e9 La Boh\u00e8me est incontournable. Dirig\u00e9 par une \u00e9quipe d\u00e9vou\u00e9e de passionn\u00e9s, La Boh\u00e8me propose des m\u00e9langes uniques et exceptionnels du monde entier. En faisant plus pour vous assurer que votre caf\u00e9 du matin est vraiment le meilleur, le caf\u00e9 suit une politique stricte de commerce \u00e9quitable. Il s\u2019approvisionne en caf\u00e9 uniquement aupr\u00e8s de partenaires commerciaux qui traitent leurs travailleurs agricoles avec respect, leur donnent de bons salaires et suivent des pratiques respectueuses de l\u2019environnement dans la culture et la transformation de leurs produits.<\/p>\n","protected":false},"excerpt":{"rendered":"<p>Pour les amateurs de caf\u00e9 raffin\u00e9, le Caf\u00e9 La Boh\u00e8me est incontournable. Dirig\u00e9 par une \u00e9quipe d\u00e9vou\u00e9e de passionn\u00e9s, La Boh\u00e8me propose des m\u00e9langes uniques et exceptionnels du monde entier. En faisant plus pour vous assurer que votre caf\u00e9 du matin est vraiment le meilleur, le caf\u00e9 suit une politique stricte de commerce \u00e9quitable. Il [&hellip;]<\/p>\n","protected":false},"author":1,"featured_media":3620,"parent":4232,"menu_order":0,"comment_status":"closed","ping_status":"closed","template":"tpl-location.php","meta":{"_acf_changed":false,"footnotes":""},"acf":{"address":"S\u00e1zavsk\u00e1 2031\/32, 120 00 Vinohrady, Czechia","location_type":"beauty","map_link":"https:\/\/www.google.com\/maps\/place\/La+Boh%C3%A8me+Caf%C3%A9\/@50.0767609,14.4408578,15z\/data=!4m5!3m4!1s0x0:0xc8660818d935dd00!8m2!3d50.0767919!4d14.4407401","trip_advisor":"https:\/\/www.tripadvisor.com\/Restaurant_Review-g274707-d6707589-Reviews-La_Boheme_Cafe-Prague_Bohemia.html","coordinates":{"latitude":"50.0767609","longitude":"14.4408578"},"charging_stations":[{"charging_station":"Type 2 (22kW): Sokolovska 11 (2.7km \/ 9 min)"}]},"aioseo_notices":[],"_links":{"self":[{"href":"https:\/\/nissantravelguide.com\/fr\/wp-json\/wp\/v2\/pages\/4204"}],"collection":[{"href":"https:\/\/nissantravelguide.com\/fr\/wp-json\/wp\/v2\/pages"}],"about":[{"href":"https:\/\/nissantravelguide.com\/fr\/wp-json\/wp\/v2\/types\/page"}],"author":[{"embeddable":true,"href":"https:\/\/nissantravelguide.com\/fr\/wp-json\/wp\/v2\/users\/1"}],"replies":[{"embeddable":true,"href":"https:\/\/nissantravelguide.com\/fr\/wp-json\/wp\/v2\/comments?post=4204"}],"version-history":[{"count":0,"href":"https:\/\/nissantravelguide.com\/fr\/wp-json\/wp\/v2\/pages\/4204\/revisions"}],"up":[{"embeddable":true,"href":"https:\/\/nissantravelguide.com\/fr\/wp-json\/wp\/v2\/pages\/4232"}],"wp:featuredmedia":[{"embeddable":true,"href":"https:\/\/nissantravelguide.com\/fr\/wp-json\/wp\/v2\/media\/3620"}],"wp:attachment":[{"href":"https:\/\/nissantravelguide.com\/fr\/wp-json\/wp\/v2\/media?parent=4204"}],"curies":[{"name":"wp","href":"https:\/\/api.w.org\/{rel}","templated":true}]}}