{"id":4205,"date":"2022-12-12T17:08:01","date_gmt":"2022-12-12T17:08:01","guid":{"rendered":"https:\/\/nissantravelguide.com\/bistro-8\/"},"modified":"2022-12-12T17:08:01","modified_gmt":"2022-12-12T17:08:01","slug":"bistro-8","status":"publish","type":"page","link":"https:\/\/nissantravelguide.com\/fr\/prague\/bistro-8\/","title":{"rendered":"Bistro 8"},"content":{"rendered":"<p class=\"p1\">Inspir\u00e9 des bistrots parisiens traditionnels, le Bistro 8\u00a0est l\u2019un des plus anciens de Prague, proposant une vari\u00e9t\u00e9 de plats pr\u00e9par\u00e9s avec des ingr\u00e9dients locaux. Avec une ambiance qui en fait un lieu id\u00e9al pour le brunch, le menu change en fonction des saisons et de la disponibilit\u00e9 des produits locaux, mais il y a toujours quelque chose \u00e0 manger pour les r\u00e9gimes v\u00e9g\u00e9tariens, v\u00e9g\u00e9taliens ou sans gluten. Son int\u00e9rieur minimaliste est con\u00e7u pour mettre en valeur les \u0153uvres d\u2019artistes locaux. Remarquez donc les assiettes, lustres, meubles et m\u00eame les d\u00e9corations florales lors de votre visite.<\/p>\n","protected":false},"excerpt":{"rendered":"<p>Inspir\u00e9 des bistrots parisiens traditionnels, le Bistro 8\u00a0est l\u2019un des plus anciens de Prague, proposant une vari\u00e9t\u00e9 de plats pr\u00e9par\u00e9s avec des ingr\u00e9dients locaux. Avec une ambiance qui en fait un lieu id\u00e9al pour le brunch, le menu change en fonction des saisons et de la disponibilit\u00e9 des produits locaux, mais il y a toujours [&hellip;]<\/p>\n","protected":false},"author":1,"featured_media":3525,"parent":4232,"menu_order":0,"comment_status":"closed","ping_status":"closed","template":"tpl-location.php","meta":{"_acf_changed":false,"footnotes":""},"acf":{"address":"Veverkova 1410\/8, 170 00 Praha 7-Letn\u00e1, Czechia","location_type":"restaurant","map_link":"https:\/\/www.google.com\/maps\/place\/Bistro+8\/@50.0982606,14.4202782,15z\/data=!4m6!3m5!1s0x470b94c65301683f:0xa90bbe4f9fb4e2dc!8m2!3d50.0982649!4d14.4328028!15sCghiaXN0cm8gOFoKIghiaXN0cm8gOJIBBmJpc3Ryb-ABAA?shorturl=1","trip_advisor":"https:\/\/www.tripadvisor.com\/Restaurant_Review-g274707-d3316388-Reviews-Bistro_8-Prague_Bohemia.html","coordinates":{"latitude":"50.0982606","longitude":"14.4202782"},"charging_stations":[{"charging_station":"Type 2 (22kW): Sokolovska 11 (2.5km \/ 8 min)"}]},"aioseo_notices":[],"_links":{"self":[{"href":"https:\/\/nissantravelguide.com\/fr\/wp-json\/wp\/v2\/pages\/4205"}],"collection":[{"href":"https:\/\/nissantravelguide.com\/fr\/wp-json\/wp\/v2\/pages"}],"about":[{"href":"https:\/\/nissantravelguide.com\/fr\/wp-json\/wp\/v2\/types\/page"}],"author":[{"embeddable":true,"href":"https:\/\/nissantravelguide.com\/fr\/wp-json\/wp\/v2\/users\/1"}],"replies":[{"embeddable":true,"href":"https:\/\/nissantravelguide.com\/fr\/wp-json\/wp\/v2\/comments?post=4205"}],"version-history":[{"count":0,"href":"https:\/\/nissantravelguide.com\/fr\/wp-json\/wp\/v2\/pages\/4205\/revisions"}],"up":[{"embeddable":true,"href":"https:\/\/nissantravelguide.com\/fr\/wp-json\/wp\/v2\/pages\/4232"}],"wp:featuredmedia":[{"embeddable":true,"href":"https:\/\/nissantravelguide.com\/fr\/wp-json\/wp\/v2\/media\/3525"}],"wp:attachment":[{"href":"https:\/\/nissantravelguide.com\/fr\/wp-json\/wp\/v2\/media?parent=4205"}],"curies":[{"name":"wp","href":"https:\/\/api.w.org\/{rel}","templated":true}]}}