{"id":4206,"date":"2022-12-12T17:08:13","date_gmt":"2022-12-12T17:08:13","guid":{"rendered":"https:\/\/nissantravelguide.com\/babiccina-zahrada\/"},"modified":"2022-12-12T17:08:13","modified_gmt":"2022-12-12T17:08:13","slug":"babiccina-zahrada","status":"publish","type":"page","link":"https:\/\/nissantravelguide.com\/fr\/prague\/babiccina-zahrada\/","title":{"rendered":"Babi\u010d\u010dina Zahrada"},"content":{"rendered":"<p class=\"p1\">Remontez le temps et profitez de l\u2019\u00e9clat chaleureux et des ar\u00f4mes irr\u00e9sistibles de la cuisine de grand-m\u00e8re au Babi\u010d\u010dina Zahrada, un restaurant au style intime, avec des repas en plein air (et sa propre maison d\u2019h\u00f4tes) au milieu de magnifiques jardins. Il y a une chose sur laquelle l\u2019\u00e9quipe est stricte lorsqu\u2019il s\u2019agit du menu\u00a0: chaque plat doit \u00eatre pr\u00e9par\u00e9 \u00e0 partir d\u2019ingr\u00e9dients d\u2019origine tch\u00e8que, ce qui signifie que le menu est con\u00e7u de mani\u00e8re durable autour d\u2019ingr\u00e9dients provenant des agriculteurs et fournisseurs locaux. De plus, ils offrent m\u00eame une recharge de voiture \u00e9lectrique gratuite \u00e0 leurs clients\u00a0!<\/p>\n","protected":false},"excerpt":{"rendered":"<p>Remontez le temps et profitez de l\u2019\u00e9clat chaleureux et des ar\u00f4mes irr\u00e9sistibles de la cuisine de grand-m\u00e8re au Babi\u010d\u010dina Zahrada, un restaurant au style intime, avec des repas en plein air (et sa propre maison d\u2019h\u00f4tes) au milieu de magnifiques jardins. Il y a une chose sur laquelle l\u2019\u00e9quipe est stricte lorsqu\u2019il s\u2019agit du menu\u00a0: [&hellip;]<\/p>\n","protected":false},"author":1,"featured_media":3505,"parent":4232,"menu_order":0,"comment_status":"closed","ping_status":"closed","template":"tpl-location.php","meta":{"_acf_changed":false,"footnotes":""},"acf":{"address":"Tov\u00e1rn\u00ed 536, 252 43 Pr\u016fhonice, Czechia","location_type":"restaurant","map_link":"https:\/\/www.google.com\/maps\/place\/Babi%C4%8D%C4%8Dina+zahrada\/@49.9965528,14.5500917,15z\/data=!4m5!3m4!1s0x0:0xe3d9e4d4ef592bce!8m2!3d49.9965528!4d14.5500917","trip_advisor":"https:\/\/www.tripadvisor.com\/Restaurant_Review-g274707-d4881536-Reviews-Babiccina_Zahrada-Prague_Bohemia.html","coordinates":{"latitude":"49.9965528","longitude":"14.5500917"},"charging_stations":[{"charging_station":"Automobilova 585 (7.8km \/ 12 min)"}]},"aioseo_notices":[],"_links":{"self":[{"href":"https:\/\/nissantravelguide.com\/fr\/wp-json\/wp\/v2\/pages\/4206"}],"collection":[{"href":"https:\/\/nissantravelguide.com\/fr\/wp-json\/wp\/v2\/pages"}],"about":[{"href":"https:\/\/nissantravelguide.com\/fr\/wp-json\/wp\/v2\/types\/page"}],"author":[{"embeddable":true,"href":"https:\/\/nissantravelguide.com\/fr\/wp-json\/wp\/v2\/users\/1"}],"replies":[{"embeddable":true,"href":"https:\/\/nissantravelguide.com\/fr\/wp-json\/wp\/v2\/comments?post=4206"}],"version-history":[{"count":0,"href":"https:\/\/nissantravelguide.com\/fr\/wp-json\/wp\/v2\/pages\/4206\/revisions"}],"up":[{"embeddable":true,"href":"https:\/\/nissantravelguide.com\/fr\/wp-json\/wp\/v2\/pages\/4232"}],"wp:featuredmedia":[{"embeddable":true,"href":"https:\/\/nissantravelguide.com\/fr\/wp-json\/wp\/v2\/media\/3505"}],"wp:attachment":[{"href":"https:\/\/nissantravelguide.com\/fr\/wp-json\/wp\/v2\/media?parent=4206"}],"curies":[{"name":"wp","href":"https:\/\/api.w.org\/{rel}","templated":true}]}}