{"id":4207,"date":"2022-12-12T17:08:33","date_gmt":"2022-12-12T17:08:33","guid":{"rendered":"https:\/\/nissantravelguide.com\/kasarna-karlin\/"},"modified":"2022-12-12T17:08:33","modified_gmt":"2022-12-12T17:08:33","slug":"kasarna-karlin","status":"publish","type":"page","link":"https:\/\/nissantravelguide.com\/fr\/prague\/kasarna-karlin\/","title":{"rendered":"Kas\u00e1rna Karl\u00edn"},"content":{"rendered":"<p class=\"p1\"><a href=\"https:\/\/www.kasarnakarlin.cz\/\">Kas\u00e1rna Karl\u00edn<\/a> (\u00e9galement connu sous le nom de Caserne <a href=\"https:\/\/www.kasarnakarlin.cz\/\">Karl\u00edn<\/a>) est un lieu de rencontre culturel branch\u00e9 situ\u00e9 au c\u0153ur de Prague. Dirig\u00e9e par une \u00e9quipe de b\u00e9n\u00e9voles et de collaborateurs passionn\u00e9s, Kas\u00e1rna est fier d\u2019\u00eatre exempt de \u00ab\u00a0d\u00e9sordre visuel\u00a0\u00bb gr\u00e2ce \u00e0 sa politique sans publicit\u00e9. Il comprend un caf\u00e9, un cin\u00e9ma, un bac \u00e0 sable, une galerie, un foyer de camping et un bar avec un club (est-ce bien tout&#8230;). C\u2019est un endroit anim\u00e9 \u00e0 visiter pour tous ceux qui recherchent une exp\u00e9rience locale vraiment unique.<\/p>\n<p class=\"p1\">Kas\u00e1rna est \u00e9galement un site conscient de son impact sur l\u2019environnement local. Vous trouverez sans aucun doute ses pratiques de tri et de recyclage des d\u00e9chets un peu plus rigoureuses que les autres&#8230;<span class=\"Apple-converted-space\">\u00a0<\/span><\/p>\n","protected":false},"excerpt":{"rendered":"<p>Kas\u00e1rna Karl\u00edn (\u00e9galement connu sous le nom de Caserne Karl\u00edn) est un lieu de rencontre culturel branch\u00e9 situ\u00e9 au c\u0153ur de Prague. Dirig\u00e9e par une \u00e9quipe de b\u00e9n\u00e9voles et de collaborateurs passionn\u00e9s, Kas\u00e1rna est fier d\u2019\u00eatre exempt de \u00ab\u00a0d\u00e9sordre visuel\u00a0\u00bb gr\u00e2ce \u00e0 sa politique sans publicit\u00e9. Il comprend un caf\u00e9, un cin\u00e9ma, un bac \u00e0 [&hellip;]<\/p>\n","protected":false},"author":1,"featured_media":3600,"parent":4232,"menu_order":0,"comment_status":"closed","ping_status":"closed","template":"tpl-location.php","meta":{"_acf_changed":false,"footnotes":""},"acf":{"address":"Prvn\u00edho pluku 20\/2, 186 00 Karl\u00edn, Czechia","location_type":"interest","map_link":"https:\/\/www.google.com\/maps\/place\/Kas%C3%A1rna+Karl%C3%ADn\/@50.0898307,14.4434196,15z\/data=!4m5!3m4!1s0x0:0xb4ab62b11de22eb4!8m2!3d50.0898307!4d14.4434196","trip_advisor":"https:\/\/www.tripadvisor.co.nz\/Attraction_Review-g274707-d12702015-Reviews-Kasarna_Karlin-Prague_Bohemia.html","coordinates":{"latitude":"50.0898307","longitude":"14.4434196"},"charging_stations":[{"charging_station":"Type 2 (22kW): Sokolovska 11 (950m \/ 4 min)"}]},"aioseo_notices":[],"_links":{"self":[{"href":"https:\/\/nissantravelguide.com\/fr\/wp-json\/wp\/v2\/pages\/4207"}],"collection":[{"href":"https:\/\/nissantravelguide.com\/fr\/wp-json\/wp\/v2\/pages"}],"about":[{"href":"https:\/\/nissantravelguide.com\/fr\/wp-json\/wp\/v2\/types\/page"}],"author":[{"embeddable":true,"href":"https:\/\/nissantravelguide.com\/fr\/wp-json\/wp\/v2\/users\/1"}],"replies":[{"embeddable":true,"href":"https:\/\/nissantravelguide.com\/fr\/wp-json\/wp\/v2\/comments?post=4207"}],"version-history":[{"count":0,"href":"https:\/\/nissantravelguide.com\/fr\/wp-json\/wp\/v2\/pages\/4207\/revisions"}],"up":[{"embeddable":true,"href":"https:\/\/nissantravelguide.com\/fr\/wp-json\/wp\/v2\/pages\/4232"}],"wp:featuredmedia":[{"embeddable":true,"href":"https:\/\/nissantravelguide.com\/fr\/wp-json\/wp\/v2\/media\/3600"}],"wp:attachment":[{"href":"https:\/\/nissantravelguide.com\/fr\/wp-json\/wp\/v2\/media?parent=4207"}],"curies":[{"name":"wp","href":"https:\/\/api.w.org\/{rel}","templated":true}]}}