{"id":4208,"date":"2022-12-12T17:08:45","date_gmt":"2022-12-12T17:08:45","guid":{"rendered":"https:\/\/nissantravelguide.com\/out-of-office\/"},"modified":"2022-12-13T11:14:26","modified_gmt":"2022-12-13T11:14:26","slug":"out-of-office","status":"publish","type":"page","link":"https:\/\/nissantravelguide.com\/fr\/prague\/out-of-office\/","title":{"rendered":"Out of Office"},"content":{"rendered":"<p class=\"p1\">Pour tout voyageur qui aime le design int\u00e9rieur ou le bricolage, l\u2019Out of Office est un must absolu. Outre les meubles, la d\u00e9coration et les accessoires, ce concept store innovant comprend un studio et des ateliers de travail du bois. L\u2019\u00e9quipe qui s\u2019y trouve adore donner une nouvelle vie aux anciens meubles et est comp\u00e9tente pour r\u00e9nover, recycler et tapisser ou recouvrir divers \u00e9l\u00e9ments. Et bien s\u00fbr, ils ont \u00e9galement des produits en vente (y compris des articles vintage uniques et des pi\u00e8ces originales d\u2019artisans locaux). Faites simplement attention \u00e0 ce que vous puissiez ranger tous vos souvenirs dans votre voiture&#8230;<\/p>\n","protected":false},"excerpt":{"rendered":"<p>Pour tout voyageur qui aime le design int\u00e9rieur ou le bricolage, l\u2019Out of Office est un must absolu. Outre les meubles, la d\u00e9coration et les accessoires, ce concept store innovant comprend un studio et des ateliers de travail du bois. L\u2019\u00e9quipe qui s\u2019y trouve adore donner une nouvelle vie aux anciens meubles et est comp\u00e9tente [&hellip;]<\/p>\n","protected":false},"author":1,"featured_media":3650,"parent":4232,"menu_order":0,"comment_status":"closed","ping_status":"closed","template":"tpl-location.php","meta":{"_acf_changed":false,"footnotes":""},"acf":{"address":"\u0160aldova 406\/28, 186 00 Praha 8-Karl\u00edn, Czechia","location_type":"interest","map_link":"https:\/\/www.google.com\/maps\/place\/Out+Of+Office,+Karlin\/@50.094156,14.4531798,17z\/data=!4m12!1m6!3m5!1s0x470b94a425d29065:0x6c149c80bcb6407f!2sOut+Of+Office,+Karlin!8m2!3d50.0941382!4d14.455278!3m4!1s0x470b94a425d29065:0x6c149c80bcb6407f!8m2!3d50.0941382!4d14.455278","trip_advisor":"https:\/\/www.tripadvisor.com\/Attraction_Review-g274707-d9821127-Reviews-OUT_of_OFFICE_Paint_Studio-Prague_Bohemia.html","coordinates":{"latitude":"50.094156","longitude":"14.4531798"},"charging_stations":[{"charging_station":"Type 2 (22kW): Sokolovska 11 (1.8km \/ 5 min)"}]},"aioseo_notices":[],"_links":{"self":[{"href":"https:\/\/nissantravelguide.com\/fr\/wp-json\/wp\/v2\/pages\/4208"}],"collection":[{"href":"https:\/\/nissantravelguide.com\/fr\/wp-json\/wp\/v2\/pages"}],"about":[{"href":"https:\/\/nissantravelguide.com\/fr\/wp-json\/wp\/v2\/types\/page"}],"author":[{"embeddable":true,"href":"https:\/\/nissantravelguide.com\/fr\/wp-json\/wp\/v2\/users\/1"}],"replies":[{"embeddable":true,"href":"https:\/\/nissantravelguide.com\/fr\/wp-json\/wp\/v2\/comments?post=4208"}],"version-history":[{"count":1,"href":"https:\/\/nissantravelguide.com\/fr\/wp-json\/wp\/v2\/pages\/4208\/revisions"}],"predecessor-version":[{"id":4362,"href":"https:\/\/nissantravelguide.com\/fr\/wp-json\/wp\/v2\/pages\/4208\/revisions\/4362"}],"up":[{"embeddable":true,"href":"https:\/\/nissantravelguide.com\/fr\/wp-json\/wp\/v2\/pages\/4232"}],"wp:featuredmedia":[{"embeddable":true,"href":"https:\/\/nissantravelguide.com\/fr\/wp-json\/wp\/v2\/media\/3650"}],"wp:attachment":[{"href":"https:\/\/nissantravelguide.com\/fr\/wp-json\/wp\/v2\/media?parent=4208"}],"curies":[{"name":"wp","href":"https:\/\/api.w.org\/{rel}","templated":true}]}}